{"id":7339,"date":"2018-11-01T09:46:17","date_gmt":"2018-11-01T09:46:17","guid":{"rendered":"https:\/\/xenum.com\/?page_id=7339"},"modified":"2019-03-13T13:29:24","modified_gmt":"2019-03-13T13:29:24","slug":"crystal-clear","status":"publish","type":"page","link":"https:\/\/xenum.com\/fr\/accueil\/produits\/entretien\/auto-detaillering\/crystal-clear\/","title":{"rendered":"Crystal Clear"},"content":{"rendered":"<p>Crystal Clear\u2122 est un nettoyant efficace et puissant pour vitres et autres surfaces lisses int\u00e9rieurs et ext\u00e9rieurs. Ne laisse pas de traces.<\/p>\n<h2><strong>Propi\u00e9t\u00e9s<\/strong><\/h2>\n<ul>\n<li>Multi Surfaces (surfaces dures).<\/li>\n<li>R\u00e9sultat sans traces.<\/li>\n<li>Parfum agr\u00e9able.<\/li>\n<li>Action rapide.<\/li>\n<li>Facile \u00e0 appliquer.<\/li>\n<li>Formule professionnelle.<\/li>\n<li>Flacon ecologique et ergonomique.<\/li>\n<\/ul>\n<h2><strong>Application<\/strong><\/h2>\n<p>Pulv\u00e9riser sur les surfaces \u00e0 nettoyer, essuyer avec un chiffon ou microfibre.<\/p>\n<h3>Conditionnement<\/h3>\n<p>750 ml flacon (6 x 750 ml\/carton) - REF.\u00a01990750<\/p>\n","protected":false},"excerpt":{"rendered":"<p>Crystal Clear\u2122 est un nettoyant efficace et puissant pour vitres et autres surfaces lisses int\u00e9rieurs et ext\u00e9rieurs. Ne laisse pas de traces. Propi\u00e9t\u00e9s Multi Surfaces (surfaces dures). R\u00e9sultat sans traces. Parfum agr\u00e9able. Action rapide. Facile \u00e0 appliquer. Formule professionnelle. Flacon ecologique et ergonomique. Application Pulv\u00e9riser sur les surfaces \u00e0 nettoyer, essuyer avec un chiffon ou [&hellip;]<\/p>\n","protected":false},"author":1,"featured_media":7310,"parent":7260,"menu_order":6,"comment_status":"closed","ping_status":"closed","template":"product-page.php","meta":{"_acf_changed":false,"inline_featured_image":false,"footnotes":""},"class_list":["post-7339","page","type-page","status-publish","has-post-thumbnail","hentry"],"acf":[],"_links":{"self":[{"href":"https:\/\/xenum.com\/fr\/wp-json\/wp\/v2\/pages\/7339","targetHints":{"allow":["GET"]}}],"collection":[{"href":"https:\/\/xenum.com\/fr\/wp-json\/wp\/v2\/pages"}],"about":[{"href":"https:\/\/xenum.com\/fr\/wp-json\/wp\/v2\/types\/page"}],"author":[{"embeddable":true,"href":"https:\/\/xenum.com\/fr\/wp-json\/wp\/v2\/users\/1"}],"replies":[{"embeddable":true,"href":"https:\/\/xenum.com\/fr\/wp-json\/wp\/v2\/comments?post=7339"}],"version-history":[{"count":2,"href":"https:\/\/xenum.com\/fr\/wp-json\/wp\/v2\/pages\/7339\/revisions"}],"predecessor-version":[{"id":8349,"href":"https:\/\/xenum.com\/fr\/wp-json\/wp\/v2\/pages\/7339\/revisions\/8349"}],"up":[{"embeddable":true,"href":"https:\/\/xenum.com\/fr\/wp-json\/wp\/v2\/pages\/7260"}],"wp:featuredmedia":[{"embeddable":true,"href":"https:\/\/xenum.com\/fr\/wp-json\/wp\/v2\/media\/7310"}],"wp:attachment":[{"href":"https:\/\/xenum.com\/fr\/wp-json\/wp\/v2\/media?parent=7339"}],"curies":[{"name":"wp","href":"https:\/\/api.w.org\/{rel}","templated":true}]}}