{"id":7296,"date":"2018-10-30T15:05:28","date_gmt":"2018-10-30T15:05:28","guid":{"rendered":"https:\/\/xenum.com\/?page_id=7296"},"modified":"2019-03-13T13:31:10","modified_gmt":"2019-03-13T13:31:10","slug":"cabin-detailing","status":"publish","type":"page","link":"https:\/\/xenum.com\/fr\/accueil\/produits\/entretien\/auto-detaillering\/cabin-detailing\/","title":{"rendered":"Cabin Detailing"},"content":{"rendered":"<p>Nettoie, restaure et prot\u00e8ge efficacement l\u2019int\u00e9rieur du v\u00e9hicule,\u00a0 les panneaux de portes et le tableau de bord.<\/p>\n<h2><strong>Propri\u00e9t\u00e9s<\/strong><\/h2>\n<ul>\n<li>Finition satin de longue dur\u00e9e.<\/li>\n<li>Nettoie et prot\u00e8ge toutes les surfaces.<\/li>\n<li>Parfum agr\u00e9able.<\/li>\n<li>Protection UV.<\/li>\n<li>Facile \u00e0 appliquer.<\/li>\n<li>Formule professionnelle<\/li>\n<li>Flacon ecologique et ergonomique.<\/li>\n<\/ul>\n<h2><strong>Application<\/strong><\/h2>\n<p>Pulv\u00e9riser sur les surfaces \u00e0 traiter de fa\u00e7on homog\u00e8ne et essuyer avec un chiffon microfibre.<\/p>\n<h3>Conditionnement<\/h3>\n<p>750 ml flacon (6 x 750 ml\/carton)<\/p>\n","protected":false},"excerpt":{"rendered":"<p>Nettoie, restaure et prot\u00e8ge efficacement l\u2019int\u00e9rieur du v\u00e9hicule,\u00a0 les panneaux de portes et le tableau de bord. Propri\u00e9t\u00e9s Finition satin de longue dur\u00e9e. Nettoie et prot\u00e8ge toutes les surfaces. Parfum agr\u00e9able. Protection UV. Facile \u00e0 appliquer. Formule professionnelle Flacon ecologique et ergonomique. Application Pulv\u00e9riser sur les surfaces \u00e0 traiter de fa\u00e7on homog\u00e8ne et essuyer avec [&hellip;]<\/p>\n","protected":false},"author":1,"featured_media":7291,"parent":7260,"menu_order":9,"comment_status":"closed","ping_status":"closed","template":"product-page.php","meta":{"_acf_changed":false,"inline_featured_image":false,"footnotes":""},"class_list":["post-7296","page","type-page","status-publish","has-post-thumbnail","hentry"],"acf":[],"_links":{"self":[{"href":"https:\/\/xenum.com\/fr\/wp-json\/wp\/v2\/pages\/7296","targetHints":{"allow":["GET"]}}],"collection":[{"href":"https:\/\/xenum.com\/fr\/wp-json\/wp\/v2\/pages"}],"about":[{"href":"https:\/\/xenum.com\/fr\/wp-json\/wp\/v2\/types\/page"}],"author":[{"embeddable":true,"href":"https:\/\/xenum.com\/fr\/wp-json\/wp\/v2\/users\/1"}],"replies":[{"embeddable":true,"href":"https:\/\/xenum.com\/fr\/wp-json\/wp\/v2\/comments?post=7296"}],"version-history":[{"count":3,"href":"https:\/\/xenum.com\/fr\/wp-json\/wp\/v2\/pages\/7296\/revisions"}],"predecessor-version":[{"id":8363,"href":"https:\/\/xenum.com\/fr\/wp-json\/wp\/v2\/pages\/7296\/revisions\/8363"}],"up":[{"embeddable":true,"href":"https:\/\/xenum.com\/fr\/wp-json\/wp\/v2\/pages\/7260"}],"wp:featuredmedia":[{"embeddable":true,"href":"https:\/\/xenum.com\/fr\/wp-json\/wp\/v2\/media\/7291"}],"wp:attachment":[{"href":"https:\/\/xenum.com\/fr\/wp-json\/wp\/v2\/media?parent=7296"}],"curies":[{"name":"wp","href":"https:\/\/api.w.org\/{rel}","templated":true}]}}