{"id":7063,"date":"2018-09-06T07:45:26","date_gmt":"2018-09-06T07:45:26","guid":{"rendered":"https:\/\/xenum.com\/?page_id=7063"},"modified":"2024-07-12T08:46:44","modified_gmt":"2024-07-12T07:46:44","slug":"intake-pro-diesel","status":"publish","type":"page","link":"https:\/\/xenum.com\/fr\/accueil\/produits\/entretien\/moteur\/intake-pro-diesel\/","title":{"rendered":"Intake Pro Diesel"},"content":{"rendered":"<p>Intake Pro Diesel est un nettoyeur de syst\u00e8me d'admission avanc\u00e9 et hautement efficace. Sa formule puissante nettoie l'ensemble du syst\u00e8me d'admission en moins de 10 minutes sans n\u00e9cessiter un d\u00e9montage complet.<\/p>\n<h3><strong>Caract\u00e9ristiques<\/strong><\/h3>\n<ul>\n<li>\u00c9limine activement la gomme, le vernis, le goudron, le carbone et d'autres d\u00e9p\u00f4ts.<\/li>\n<li>Optimise le flux d'air pour une efficacit\u00e9 accrue de la chambre de combustion.<\/li>\n<li>Assure un fonctionnement moteur fluide et stable.<\/li>\n<li>Restaure et maintient les performances du moteur, optimisant la consommation de carburant.<\/li>\n<li>Pr\u00e9vient et r\u00e9sout les probl\u00e8mes de d\u00e9marrage.<\/li>\n<li>R\u00e9duit les \u00e9missions d'\u00e9chappement noires.<\/li>\n<li>Am\u00e9liore la fonctionnalit\u00e9 des sondes lambda et du filtre \u00e0 particules diesel (DPF\/FAP).<\/li>\n<li>Aucun risque de d\u00e9tonation.<\/li>\n<\/ul>\n<h3><strong>Application<\/strong><\/h3>\n<p>Pour un nettoyage efficace du syst\u00e8me d'admission. Intake Pro Diesel peut \u00eatre appliqu\u00e9 sur divers composants, y compris la vanne EGR, la vanne de r\u00e9gulation de l'air au ralenti, la vanne papillon, le Module de Commande de Papillon \u00c9lectronique (ETM), le capteur de pression du collecteur d'admission, les soupapes d'admission et le syst\u00e8me de ventilation du carter.<\/p>\n<h4><strong>Disponible en :<\/strong><\/h4>\n<p>500 ML \u2013 R\u00c9F. 4045500<\/p>\n","protected":false},"excerpt":{"rendered":"<p>Intake Pro Diesel est un nettoyeur de syst\u00e8me d'admission avanc\u00e9 et hautement efficace. Sa formule puissante nettoie l'ensemble du syst\u00e8me d'admission en moins de 10 minutes sans n\u00e9cessiter un d\u00e9montage complet. Caract\u00e9ristiques \u00c9limine activement la gomme, le vernis, le goudron, le carbone et d'autres d\u00e9p\u00f4ts. Optimise le flux d'air pour une efficacit\u00e9 accrue de la [&hellip;]<\/p>\n","protected":false},"author":4,"featured_media":7012,"parent":2404,"menu_order":0,"comment_status":"closed","ping_status":"closed","template":"product-page.php","meta":{"_acf_changed":false,"inline_featured_image":false,"footnotes":""},"class_list":["post-7063","page","type-page","status-publish","has-post-thumbnail","hentry"],"acf":[],"_links":{"self":[{"href":"https:\/\/xenum.com\/fr\/wp-json\/wp\/v2\/pages\/7063","targetHints":{"allow":["GET"]}}],"collection":[{"href":"https:\/\/xenum.com\/fr\/wp-json\/wp\/v2\/pages"}],"about":[{"href":"https:\/\/xenum.com\/fr\/wp-json\/wp\/v2\/types\/page"}],"author":[{"embeddable":true,"href":"https:\/\/xenum.com\/fr\/wp-json\/wp\/v2\/users\/4"}],"replies":[{"embeddable":true,"href":"https:\/\/xenum.com\/fr\/wp-json\/wp\/v2\/comments?post=7063"}],"version-history":[{"count":8,"href":"https:\/\/xenum.com\/fr\/wp-json\/wp\/v2\/pages\/7063\/revisions"}],"predecessor-version":[{"id":25417,"href":"https:\/\/xenum.com\/fr\/wp-json\/wp\/v2\/pages\/7063\/revisions\/25417"}],"up":[{"embeddable":true,"href":"https:\/\/xenum.com\/fr\/wp-json\/wp\/v2\/pages\/2404"}],"wp:featuredmedia":[{"embeddable":true,"href":"https:\/\/xenum.com\/fr\/wp-json\/wp\/v2\/media\/7012"}],"wp:attachment":[{"href":"https:\/\/xenum.com\/fr\/wp-json\/wp\/v2\/media?parent=7063"}],"curies":[{"name":"wp","href":"https:\/\/api.w.org\/{rel}","templated":true}]}}