{"id":6358,"date":"2018-04-25T10:52:12","date_gmt":"2018-04-25T10:52:12","guid":{"rendered":"https:\/\/xenum.com\/?page_id=6358"},"modified":"2024-07-02T16:16:35","modified_gmt":"2024-07-02T15:16:35","slug":"xh-cleaner","status":"publish","type":"page","link":"https:\/\/xenum.com\/fr\/accueil\/produits\/entretien\/nettoyants\/xh-cleaner\/","title":{"rendered":"XH-Cleaner"},"content":{"rendered":"<p>XH-Cleaner est un savon pour les mains tr\u00e8s efficace qui offre un nettoyage puissant tout en restant doux pour la peau. Sa formule biod\u00e9gradable et sans solvant garantit un nettoyage complet sans nuire \u00e0 l'environnement.<\/p>\n<h3><strong>Avantages<\/strong><\/h3>\n<ul>\n<li>\u00c9limine efficacement les r\u00e9sidus de graisse et d'huile<\/li>\n<li>Parfum citron rafra\u00eechissant<\/li>\n<li>Doux pour la peau<\/li>\n<\/ul>\n<h3><strong>Propri\u00e9t\u00e9s<\/strong><\/h3>\n<ul>\n<li>Biod\u00e9gradable<\/li>\n<li>Sans solvent<\/li>\n<\/ul>\n<h3><strong>Application<\/strong><\/h3>\n<p>Appliquez XH-Cleaner sur les mains mouill\u00e9es ou s\u00e8ches et faites mousser en frottant vos mains pour dissoudre la salet\u00e9 et la crasse. Rincez abondamment \u00e0 l'eau claire apr\u00e8s utilisation.<\/p>\n<h4><strong>Disponible en:<\/strong><\/h4>\n<p>Contenant de 4,5 L<br \/>\nPack de 4 x 4,5 L<\/p>\n","protected":false},"excerpt":{"rendered":"<p>XH-Cleaner est un savon pour les mains tr\u00e8s efficace qui offre un nettoyage puissant tout en restant doux pour la peau. Sa formule biod\u00e9gradable et sans solvant garantit un nettoyage complet sans nuire \u00e0 l'environnement. Avantages \u00c9limine efficacement les r\u00e9sidus de graisse et d'huile Parfum citron rafra\u00eechissant Doux pour la peau Propri\u00e9t\u00e9s Biod\u00e9gradable Sans solvent [&hellip;]<\/p>\n","protected":false},"author":4,"featured_media":25374,"parent":2369,"menu_order":0,"comment_status":"closed","ping_status":"closed","template":"product-page.php","meta":{"_acf_changed":false,"inline_featured_image":false,"footnotes":""},"class_list":["post-6358","page","type-page","status-publish","has-post-thumbnail","hentry"],"acf":[],"_links":{"self":[{"href":"https:\/\/xenum.com\/fr\/wp-json\/wp\/v2\/pages\/6358","targetHints":{"allow":["GET"]}}],"collection":[{"href":"https:\/\/xenum.com\/fr\/wp-json\/wp\/v2\/pages"}],"about":[{"href":"https:\/\/xenum.com\/fr\/wp-json\/wp\/v2\/types\/page"}],"author":[{"embeddable":true,"href":"https:\/\/xenum.com\/fr\/wp-json\/wp\/v2\/users\/4"}],"replies":[{"embeddable":true,"href":"https:\/\/xenum.com\/fr\/wp-json\/wp\/v2\/comments?post=6358"}],"version-history":[{"count":6,"href":"https:\/\/xenum.com\/fr\/wp-json\/wp\/v2\/pages\/6358\/revisions"}],"predecessor-version":[{"id":25351,"href":"https:\/\/xenum.com\/fr\/wp-json\/wp\/v2\/pages\/6358\/revisions\/25351"}],"up":[{"embeddable":true,"href":"https:\/\/xenum.com\/fr\/wp-json\/wp\/v2\/pages\/2369"}],"wp:featuredmedia":[{"embeddable":true,"href":"https:\/\/xenum.com\/fr\/wp-json\/wp\/v2\/media\/25374"}],"wp:attachment":[{"href":"https:\/\/xenum.com\/fr\/wp-json\/wp\/v2\/media?parent=6358"}],"curies":[{"name":"wp","href":"https:\/\/api.w.org\/{rel}","templated":true}]}}