{"id":546,"date":"2017-07-18T19:47:03","date_gmt":"2017-07-18T19:47:03","guid":{"rendered":"https:\/\/xenum.com\/?page_id=546"},"modified":"2017-08-02T12:43:06","modified_gmt":"2017-08-02T12:43:06","slug":"xr2","status":"publish","type":"page","link":"https:\/\/xenum.com\/fr\/accueil\/produits\/huiles\/moto\/huile-2-temps\/xr2\/","title":{"rendered":"XR2"},"content":{"rendered":"<p>Huile d\u2019avant-garde 2 temps 100% synth\u00e9tique pour puissants moteurs high-tech. En faisant appel \u00e0 la technologie d\u2019additif de pointe Cleanburn\u2122, combin\u00e9e \u00e0 l\u2019huile ester de haute qualit\u00e9, l\u2019huile X-ICE a \u00e9t\u00e9 con\u00e7ue sans avoir du faire appel \u00e0 la traditionnelle huile de ricin.<\/p>\n<p><strong>Avantages :<\/strong><\/p>\n<ul>\n<li>Basse friction: augmentation de la puissance moteur et de l\u2019acc\u00e9l\u00e9ration.<\/li>\n<li>Pr\u00e9vient le blocage des segments de piston.<\/li>\n<li>Exempt d\u2019huile de ricin.<\/li>\n<li>Peu de formation de fum\u00e9e.<\/li>\n<li>Caract\u00e9ristiques auto-miscibles.<\/li>\n<li>Technologie Cleanburn\u2122: pr\u00e9vient les dysfonctionnements dans la zone de combustion et garde compl\u00e8tement intacte la valve de puissance.<\/li>\n<li>Basse friction, basse usure: protection in\u00e9gal\u00e9e de tous les composants internes.<\/li>\n<li>Pr\u00e9vient l\u2019allumage d\u00e9fectueux d\u00fb aux bougies de fa\u00e7on \u00e0 obtenir une prestation optimale du moteur.<\/li>\n<\/ul>\n<p><strong>Specifications :<\/strong><\/p>\n<p>API TC<\/p>\n<p>JASO FD<\/p>\n<p>ISO-L-EGD<\/p>\n<p>Husqvarna<\/p>\n<p>Piaggio<\/p>\n<p>Hexagon<\/p>\n<p><strong>Conditionnement :<\/strong><\/p>\n<p>1 L \u2013 REF. 1440001<\/p>\n","protected":false},"excerpt":{"rendered":"<p>Huile d\u2019avant-garde 2 temps 100% synth\u00e9tique pour puissants moteurs high-tech. En faisant appel \u00e0 la technologie d\u2019additif de pointe Cleanburn\u2122, combin\u00e9e \u00e0 l\u2019huile ester de haute qualit\u00e9, l\u2019huile X-ICE a \u00e9t\u00e9 con\u00e7ue sans avoir du faire appel \u00e0 la traditionnelle huile de ricin. Avantages : Basse friction: augmentation de la puissance moteur et de l\u2019acc\u00e9l\u00e9ration. [&hellip;]<\/p>\n","protected":false},"author":1,"featured_media":510,"parent":454,"menu_order":0,"comment_status":"closed","ping_status":"closed","template":"product-page.php","meta":{"_acf_changed":false,"inline_featured_image":false,"footnotes":""},"class_list":["post-546","page","type-page","status-publish","has-post-thumbnail","hentry"],"acf":[],"_links":{"self":[{"href":"https:\/\/xenum.com\/fr\/wp-json\/wp\/v2\/pages\/546","targetHints":{"allow":["GET"]}}],"collection":[{"href":"https:\/\/xenum.com\/fr\/wp-json\/wp\/v2\/pages"}],"about":[{"href":"https:\/\/xenum.com\/fr\/wp-json\/wp\/v2\/types\/page"}],"author":[{"embeddable":true,"href":"https:\/\/xenum.com\/fr\/wp-json\/wp\/v2\/users\/1"}],"replies":[{"embeddable":true,"href":"https:\/\/xenum.com\/fr\/wp-json\/wp\/v2\/comments?post=546"}],"version-history":[{"count":3,"href":"https:\/\/xenum.com\/fr\/wp-json\/wp\/v2\/pages\/546\/revisions"}],"predecessor-version":[{"id":3742,"href":"https:\/\/xenum.com\/fr\/wp-json\/wp\/v2\/pages\/546\/revisions\/3742"}],"up":[{"embeddable":true,"href":"https:\/\/xenum.com\/fr\/wp-json\/wp\/v2\/pages\/454"}],"wp:featuredmedia":[{"embeddable":true,"href":"https:\/\/xenum.com\/fr\/wp-json\/wp\/v2\/media\/510"}],"wp:attachment":[{"href":"https:\/\/xenum.com\/fr\/wp-json\/wp\/v2\/media?parent=546"}],"curies":[{"name":"wp","href":"https:\/\/api.w.org\/{rel}","templated":true}]}}