{"id":4330,"date":"2017-08-31T19:25:33","date_gmt":"2017-08-31T19:25:33","guid":{"rendered":"https:\/\/xenum.com\/?page_id=4330"},"modified":"2023-06-22T08:19:32","modified_gmt":"2023-06-22T07:19:32","slug":"xa-tran-8g","status":"publish","type":"page","link":"https:\/\/xenum.com\/fr\/accueil\/produits\/huiles\/transmission\/automatique\/xa-tran-8g\/","title":{"rendered":"XA-TRAN 8G"},"content":{"rendered":"<p>XA-TRAN 8G est un fluide de transmission automatique de premi\u00e8re qualit\u00e9 formul\u00e9 \u00e0 partir d'huiles de base synth\u00e9tiques \u00e0 haute viscosit\u00e9 et d'un m\u00e9lange soigneusement s\u00e9lectionn\u00e9 d'additifs avanc\u00e9s. Il offre une protection exceptionnelle contre l'usure et le frottement, am\u00e9liore l'efficacit\u00e9 du carburant et prolonge les intervalles de vidange.<\/p>\n<h2><strong>PROPRI\u00c9T\u00c9S<\/strong><\/h2>\n<ul>\n<li>Contribue \u00e0 l'optimisation du rendement \u00e9nerg\u00e9tique<\/li>\n<li>Assure une excellente lubrification et une protection contre l'usure<\/li>\n<li>R\u00e9sistance exceptionnelle \u00e0 l'oxydation et \u00e0 la formation de mousse<\/li>\n<li>Maintient un indice de viscosit\u00e9 \u00e9lev\u00e9 et stable, m\u00eame \u00e0 haute temp\u00e9rature<\/li>\n<li>Prolonge les intervalles de vidange<\/li>\n<\/ul>\n<h2><strong>APPLICATION<\/strong><\/h2>\n<p>Sp\u00e9cialement con\u00e7ue pour lubrifier les transmissions ZF 8HP, notamment les 8HP45, 8HP55, 8HP70 et 8HP90. En outre, elle peut \u00eatre utilis\u00e9e dans certaines transmissions ZF 6HP que l'on trouve dans divers mod\u00e8les VAG.<\/p>\n<h3><strong>SPECIFICATIONS<\/strong><\/h3>\n<ul>\n<li>BMW 8322 2152426\/2289720(ATF3+)<\/li>\n<li>Jaguar 02JDE 26444<\/li>\n<li>Land Rover LR023288<\/li>\n<li>Chrysler 68157995AA<\/li>\n<li>Fiat 9.55550-AV5<\/li>\n<\/ul>\n<h3><strong>EMBALLAGE<\/strong><\/h3>\n<p>12X1L, 4X4L, 4X5L, 20L, 60L, 208L<\/p>\n","protected":false},"excerpt":{"rendered":"<p>XA-TRAN 8G est un fluide de transmission automatique de premi\u00e8re qualit\u00e9 formul\u00e9 \u00e0 partir d'huiles de base synth\u00e9tiques \u00e0 haute viscosit\u00e9 et d'un m\u00e9lange soigneusement s\u00e9lectionn\u00e9 d'additifs avanc\u00e9s. Il offre une protection exceptionnelle contre l'usure et le frottement, am\u00e9liore l'efficacit\u00e9 du carburant et prolonge les intervalles de vidange. PROPRI\u00c9T\u00c9S Contribue \u00e0 l'optimisation du rendement \u00e9nerg\u00e9tique [&hellip;]<\/p>\n","protected":false},"author":1,"featured_media":9737,"parent":733,"menu_order":0,"comment_status":"closed","ping_status":"closed","template":"product-page.php","meta":{"_acf_changed":false,"inline_featured_image":false,"footnotes":""},"class_list":["post-4330","page","type-page","status-publish","has-post-thumbnail","hentry"],"acf":[],"_links":{"self":[{"href":"https:\/\/xenum.com\/fr\/wp-json\/wp\/v2\/pages\/4330","targetHints":{"allow":["GET"]}}],"collection":[{"href":"https:\/\/xenum.com\/fr\/wp-json\/wp\/v2\/pages"}],"about":[{"href":"https:\/\/xenum.com\/fr\/wp-json\/wp\/v2\/types\/page"}],"author":[{"embeddable":true,"href":"https:\/\/xenum.com\/fr\/wp-json\/wp\/v2\/users\/1"}],"replies":[{"embeddable":true,"href":"https:\/\/xenum.com\/fr\/wp-json\/wp\/v2\/comments?post=4330"}],"version-history":[{"count":8,"href":"https:\/\/xenum.com\/fr\/wp-json\/wp\/v2\/pages\/4330\/revisions"}],"predecessor-version":[{"id":23284,"href":"https:\/\/xenum.com\/fr\/wp-json\/wp\/v2\/pages\/4330\/revisions\/23284"}],"up":[{"embeddable":true,"href":"https:\/\/xenum.com\/fr\/wp-json\/wp\/v2\/pages\/733"}],"wp:featuredmedia":[{"embeddable":true,"href":"https:\/\/xenum.com\/fr\/wp-json\/wp\/v2\/media\/9737"}],"wp:attachment":[{"href":"https:\/\/xenum.com\/fr\/wp-json\/wp\/v2\/media?parent=4330"}],"curies":[{"name":"wp","href":"https:\/\/api.w.org\/{rel}","templated":true}]}}