{"id":2936,"date":"2017-07-22T14:20:53","date_gmt":"2017-07-22T14:20:53","guid":{"rendered":"https:\/\/xenum.com\/?page_id=2936"},"modified":"2022-12-12T11:22:45","modified_gmt":"2022-12-12T10:22:45","slug":"dpf-flush-step-2","status":"publish","type":"page","link":"https:\/\/xenum.com\/fr\/accueil\/produits\/equipement\/produits-chimiques\/dpf-flush-step-2\/","title":{"rendered":"DPF FLUSH - Step 2"},"content":{"rendered":"<p>Concentr\u00e9 de rin\u00e7age pour filtre \u00e0 particule (DPF) moteurs diesel. Garantit un filtre \u00e0 particules diesel propre et r\u00e9g\u00e9n\u00e9rable. Non inflammable, concentr\u00e2t sp\u00e9ciale sans cendres ni m\u00e9taux, s\u2019\u00e9vapore sans laisser de r\u00e9sidus.<\/p>\n<h2><strong>Application<\/strong><\/h2>\n<p>Utilisez comme \u00e9tape 2 dans le traitement avec le Xenum DPF cleaning kit. Ajoutez le contiens de 1000ml dans le r\u00e9servoir d\u2019\u00e9vaporateur. Injecter le liquide de nettoyage direct dans le FAP.<\/p>\n<p>Attention: C\u2019est possible que un peu de liquide fuit au \u00e9chappement, si n\u00e9cessaire mettre conteneur. Apr\u00e8s consommez le contient de rin\u00e7age, fait un essai routi\u00e8re avec la voiture (+\/- 20 min) et augmentez pour le r\u00e9gime moteur fr\u00e9quent (+ 3000 tr\/min) pendant l\u2019essai routi\u00e8re. Cela garantira un r\u00e9sultat de nettoyage optimal du FAP.<\/p>\n<h3><strong>Conditionnement<\/strong><\/h3>\n<p>1000 ML \u2013 REF. 6049001<\/p>\n","protected":false},"excerpt":{"rendered":"<p>Concentr\u00e9 de rin\u00e7age pour filtre \u00e0 particule (DPF) moteurs diesel. Garantit un filtre \u00e0 particules diesel propre et r\u00e9g\u00e9n\u00e9rable. Non inflammable, concentr\u00e2t sp\u00e9ciale sans cendres ni m\u00e9taux, s\u2019\u00e9vapore sans laisser de r\u00e9sidus. Application Utilisez comme \u00e9tape 2 dans le traitement avec le Xenum DPF cleaning kit. Ajoutez le contiens de 1000ml dans le r\u00e9servoir d\u2019\u00e9vaporateur. [&hellip;]<\/p>\n","protected":false},"author":1,"featured_media":10237,"parent":2471,"menu_order":0,"comment_status":"closed","ping_status":"closed","template":"product-page.php","meta":{"_acf_changed":false,"inline_featured_image":false,"footnotes":""},"class_list":["post-2936","page","type-page","status-publish","has-post-thumbnail","hentry"],"acf":[],"_links":{"self":[{"href":"https:\/\/xenum.com\/fr\/wp-json\/wp\/v2\/pages\/2936","targetHints":{"allow":["GET"]}}],"collection":[{"href":"https:\/\/xenum.com\/fr\/wp-json\/wp\/v2\/pages"}],"about":[{"href":"https:\/\/xenum.com\/fr\/wp-json\/wp\/v2\/types\/page"}],"author":[{"embeddable":true,"href":"https:\/\/xenum.com\/fr\/wp-json\/wp\/v2\/users\/1"}],"replies":[{"embeddable":true,"href":"https:\/\/xenum.com\/fr\/wp-json\/wp\/v2\/comments?post=2936"}],"version-history":[{"count":4,"href":"https:\/\/xenum.com\/fr\/wp-json\/wp\/v2\/pages\/2936\/revisions"}],"predecessor-version":[{"id":19727,"href":"https:\/\/xenum.com\/fr\/wp-json\/wp\/v2\/pages\/2936\/revisions\/19727"}],"up":[{"embeddable":true,"href":"https:\/\/xenum.com\/fr\/wp-json\/wp\/v2\/pages\/2471"}],"wp:featuredmedia":[{"embeddable":true,"href":"https:\/\/xenum.com\/fr\/wp-json\/wp\/v2\/media\/10237"}],"wp:attachment":[{"href":"https:\/\/xenum.com\/fr\/wp-json\/wp\/v2\/media?parent=2936"}],"curies":[{"name":"wp","href":"https:\/\/api.w.org\/{rel}","templated":true}]}}