{"id":2908,"date":"2017-07-22T14:13:36","date_gmt":"2017-07-22T14:13:36","guid":{"rendered":"https:\/\/xenum.com\/?page_id=2908"},"modified":"2022-04-13T10:28:47","modified_gmt":"2022-04-13T09:28:47","slug":"dpf-flush-step-1","status":"publish","type":"page","link":"https:\/\/xenum.com\/fr\/accueil\/produits\/equipement\/produits-chimiques\/dpf-flush-step-1\/","title":{"rendered":"DPF FLUSH - Step 1"},"content":{"rendered":"<p>Nettoyant professionnelle pour filtre \u00e0 particule (FAP) moteurs diesel. Ce nettoyant est capable de dissoudre et de nettoyer la suie et le carbone accumul\u00e9s sur les structures en nid d\u2019abeille poreuses que l\u2019on trouve dans les filtres \u00e0 particules. Non inflammable, base de l\u2019eau et sans m\u00e9taux s\u2019\u00e9vapore sans laisser de r\u00e9sidus.<\/p>\n<p><strong>Application :<\/strong><\/p>\n<p>Le moteur doit re\u00e7u son temp\u00e9rature de fonctionnement avant commencer la traitement. Arr\u00eatez le moteur. Ajoutez le contiens de 500 ml dans le r\u00e9servoir d\u2019\u00e9vaporateur. Injecter le liquide de nettoyage direct dans le FAP par l\u2019adaptateur. S\u2019\u00e9vaporer compl\u00e8tement le produit dans le FAP. Attendez quelque minutes et red\u00e9marrez le moteur, augmentez pour 5 min le r\u00e9gime moteur a +\/- 3000 tr\/m.<\/p>\n<p>Attention: C\u2019est possible que un peu de liquide fuit au \u00e9chappement, si n\u00e9cessaire mettre conteneur.<\/p>\n<p><strong>Conditionnement :<\/strong><\/p>\n<p>1 L \u2013 REF. 6032001<\/p>\n","protected":false},"excerpt":{"rendered":"<p>Nettoyant professionnelle pour filtre \u00e0 particule (FAP) moteurs diesel. Ce nettoyant est capable de dissoudre et de nettoyer la suie et le carbone accumul\u00e9s sur les structures en nid d\u2019abeille poreuses que l\u2019on trouve dans les filtres \u00e0 particules. Non inflammable, base de l\u2019eau et sans m\u00e9taux s\u2019\u00e9vapore sans laisser de r\u00e9sidus. Application : Le [&hellip;]<\/p>\n","protected":false},"author":1,"featured_media":10236,"parent":2471,"menu_order":0,"comment_status":"closed","ping_status":"closed","template":"product-page.php","meta":{"_acf_changed":false,"inline_featured_image":false,"footnotes":""},"class_list":["post-2908","page","type-page","status-publish","has-post-thumbnail","hentry"],"acf":[],"_links":{"self":[{"href":"https:\/\/xenum.com\/fr\/wp-json\/wp\/v2\/pages\/2908","targetHints":{"allow":["GET"]}}],"collection":[{"href":"https:\/\/xenum.com\/fr\/wp-json\/wp\/v2\/pages"}],"about":[{"href":"https:\/\/xenum.com\/fr\/wp-json\/wp\/v2\/types\/page"}],"author":[{"embeddable":true,"href":"https:\/\/xenum.com\/fr\/wp-json\/wp\/v2\/users\/1"}],"replies":[{"embeddable":true,"href":"https:\/\/xenum.com\/fr\/wp-json\/wp\/v2\/comments?post=2908"}],"version-history":[{"count":3,"href":"https:\/\/xenum.com\/fr\/wp-json\/wp\/v2\/pages\/2908\/revisions"}],"predecessor-version":[{"id":17723,"href":"https:\/\/xenum.com\/fr\/wp-json\/wp\/v2\/pages\/2908\/revisions\/17723"}],"up":[{"embeddable":true,"href":"https:\/\/xenum.com\/fr\/wp-json\/wp\/v2\/pages\/2471"}],"wp:featuredmedia":[{"embeddable":true,"href":"https:\/\/xenum.com\/fr\/wp-json\/wp\/v2\/media\/10236"}],"wp:attachment":[{"href":"https:\/\/xenum.com\/fr\/wp-json\/wp\/v2\/media?parent=2908"}],"curies":[{"name":"wp","href":"https:\/\/api.w.org\/{rel}","templated":true}]}}