{"id":2892,"date":"2017-07-22T14:06:54","date_gmt":"2017-07-22T14:06:54","guid":{"rendered":"https:\/\/xenum.com\/?page_id=2892"},"modified":"2018-02-27T08:46:40","modified_gmt":"2018-02-27T08:46:40","slug":"vap-saver","status":"publish","type":"page","link":"https:\/\/xenum.com\/fr\/accueil\/produits\/equipement\/appareils\/vap-saver\/","title":{"rendered":"VAP Saver"},"content":{"rendered":"<p>VAP SAVER est un syst\u00e8me tr\u00e8s performant de lubrifiant de haut de cylindre con\u00e7u pour vaporiser avec pr\u00e9cision le liquide VALVEX dans le collecteur d\u2019admission du moteur. Le syst\u00e8me automatique d\u2019\u00e9vaporation r\u00e9duit au minimum la r\u00e9cession des si\u00e8ges de soupapes des moteurs au GPL\/GNV.<\/p>\n<h2><strong>Applications<\/strong><\/h2>\n<p>Pour tous les moteurs essence \u00e9quip\u00e9s au GPL et GNV. \u00c9galement appropri\u00e9 pour les moteurs de voitures classiques qui exigent un additif substitut au plomb dans le carburant. Avec le VAP SAVER plus besoin d\u2019utiliser des additifs \u00e0 chaque remplissage du r\u00e9servoir. Assure constamment un dosage parfait de l\u2019additif dans le moteur. Lisez soigneusement le manuel d\u2019installation du VAP SAVER et choisissez le bon dosage en fonction de votre moteur. Sans danger pour les v\u00e9hicules \u00e9quip\u00e9s de convertisseurs catalytiques et de sondes d\u2019oxyg\u00e8ne.<\/p>\n<h3><strong>Conditionnement<\/strong><\/h3>\n<p>VAP SAVER UNIT \u2013 REF. 8880002<\/p>\n<h3>Remarque importante<\/h3>\n<p>Le produit n'est pas fabriqu\u00e9 par Xenum. La conception peut varier sans pr\u00e9avis en conservant ses fonctionnalit\u00e9s.<\/p>\n","protected":false},"excerpt":{"rendered":"<p>VAP SAVER est un syst\u00e8me tr\u00e8s performant de lubrifiant de haut de cylindre con\u00e7u pour vaporiser avec pr\u00e9cision le liquide VALVEX dans le collecteur d\u2019admission du moteur. Le syst\u00e8me automatique d\u2019\u00e9vaporation r\u00e9duit au minimum la r\u00e9cession des si\u00e8ges de soupapes des moteurs au GPL\/GNV. Applications Pour tous les moteurs essence \u00e9quip\u00e9s au GPL et GNV. [&hellip;]<\/p>\n","protected":false},"author":1,"featured_media":236,"parent":2445,"menu_order":0,"comment_status":"closed","ping_status":"closed","template":"product-page.php","meta":{"_acf_changed":false,"inline_featured_image":false,"footnotes":""},"class_list":["post-2892","page","type-page","status-publish","has-post-thumbnail","hentry"],"acf":[],"_links":{"self":[{"href":"https:\/\/xenum.com\/fr\/wp-json\/wp\/v2\/pages\/2892","targetHints":{"allow":["GET"]}}],"collection":[{"href":"https:\/\/xenum.com\/fr\/wp-json\/wp\/v2\/pages"}],"about":[{"href":"https:\/\/xenum.com\/fr\/wp-json\/wp\/v2\/types\/page"}],"author":[{"embeddable":true,"href":"https:\/\/xenum.com\/fr\/wp-json\/wp\/v2\/users\/1"}],"replies":[{"embeddable":true,"href":"https:\/\/xenum.com\/fr\/wp-json\/wp\/v2\/comments?post=2892"}],"version-history":[{"count":4,"href":"https:\/\/xenum.com\/fr\/wp-json\/wp\/v2\/pages\/2892\/revisions"}],"predecessor-version":[{"id":5877,"href":"https:\/\/xenum.com\/fr\/wp-json\/wp\/v2\/pages\/2892\/revisions\/5877"}],"up":[{"embeddable":true,"href":"https:\/\/xenum.com\/fr\/wp-json\/wp\/v2\/pages\/2445"}],"wp:featuredmedia":[{"embeddable":true,"href":"https:\/\/xenum.com\/fr\/wp-json\/wp\/v2\/media\/236"}],"wp:attachment":[{"href":"https:\/\/xenum.com\/fr\/wp-json\/wp\/v2\/media?parent=2892"}],"curies":[{"name":"wp","href":"https:\/\/api.w.org\/{rel}","templated":true}]}}