{"id":2819,"date":"2017-07-22T13:38:42","date_gmt":"2017-07-22T13:38:42","guid":{"rendered":"https:\/\/xenum.com\/?page_id=2819"},"modified":"2021-09-15T08:19:33","modified_gmt":"2021-09-15T08:19:33","slug":"belt-conditioner","status":"publish","type":"page","link":"https:\/\/xenum.com\/fr\/accueil\/produits\/entretien\/autres\/belt-conditioner\/","title":{"rendered":"Belt Conditioner"},"content":{"rendered":"<p>BELT CONDITIONER prolonge la dur\u00e9e de vie de la courroie. Pr\u00e9vient les patinages et les bruits divers dus \u00e0 l\u2019\u00e9chauffement, au froid, aux salet\u00e9s. P\u00e9n\u00e8tre les fibres de courroie et r\u00e9tablit la souplesse et la flexibilit\u00e9. Nettoie, entretient et conserve.<\/p>\n<p><strong>Avantages :<\/strong><\/p>\n<ul>\n<li>Dur\u00e9e de vie et fiabilit\u00e9 accrues des courroies.<\/li>\n<li>Pas de bruits divers.<\/li>\n<li>Meilleures facult\u00e9 de pliage et flexibilit\u00e9 de la courroie.<\/li>\n<\/ul>\n<p><strong>Application :<\/strong><\/p>\n<p>Produit universel pour toutes les courroies en V, rondes, plates et \u00e0 dents pour l\u2019industrie, l\u2019automobile, les machines agricoles et les bateaux.<\/p>\n<p><strong>Conditionnement :<\/strong><\/p>\n<p>500 ML \u2013 REF. 4106500<\/p>\n","protected":false},"excerpt":{"rendered":"<p>BELT CONDITIONER prolonge la dur\u00e9e de vie de la courroie. Pr\u00e9vient les patinages et les bruits divers dus \u00e0 l\u2019\u00e9chauffement, au froid, aux salet\u00e9s. P\u00e9n\u00e8tre les fibres de courroie et r\u00e9tablit la souplesse et la flexibilit\u00e9. Nettoie, entretient et conserve. Avantages : Dur\u00e9e de vie et fiabilit\u00e9 accrues des courroies. Pas de bruits divers. Meilleures [&hellip;]<\/p>\n","protected":false},"author":1,"featured_media":11081,"parent":2420,"menu_order":0,"comment_status":"closed","ping_status":"closed","template":"product-page.php","meta":{"_acf_changed":false,"inline_featured_image":false,"footnotes":""},"class_list":["post-2819","page","type-page","status-publish","has-post-thumbnail","hentry"],"acf":[],"_links":{"self":[{"href":"https:\/\/xenum.com\/fr\/wp-json\/wp\/v2\/pages\/2819","targetHints":{"allow":["GET"]}}],"collection":[{"href":"https:\/\/xenum.com\/fr\/wp-json\/wp\/v2\/pages"}],"about":[{"href":"https:\/\/xenum.com\/fr\/wp-json\/wp\/v2\/types\/page"}],"author":[{"embeddable":true,"href":"https:\/\/xenum.com\/fr\/wp-json\/wp\/v2\/users\/1"}],"replies":[{"embeddable":true,"href":"https:\/\/xenum.com\/fr\/wp-json\/wp\/v2\/comments?post=2819"}],"version-history":[{"count":4,"href":"https:\/\/xenum.com\/fr\/wp-json\/wp\/v2\/pages\/2819\/revisions"}],"predecessor-version":[{"id":11086,"href":"https:\/\/xenum.com\/fr\/wp-json\/wp\/v2\/pages\/2819\/revisions\/11086"}],"up":[{"embeddable":true,"href":"https:\/\/xenum.com\/fr\/wp-json\/wp\/v2\/pages\/2420"}],"wp:featuredmedia":[{"embeddable":true,"href":"https:\/\/xenum.com\/fr\/wp-json\/wp\/v2\/media\/11081"}],"wp:attachment":[{"href":"https:\/\/xenum.com\/fr\/wp-json\/wp\/v2\/media?parent=2819"}],"curies":[{"name":"wp","href":"https:\/\/api.w.org\/{rel}","templated":true}]}}