{"id":2802,"date":"2017-07-22T13:33:56","date_gmt":"2017-07-22T13:33:56","guid":{"rendered":"https:\/\/xenum.com\/?page_id=2802"},"modified":"2017-08-02T13:39:02","modified_gmt":"2017-08-02T13:39:02","slug":"weld-pro","status":"publish","type":"page","link":"https:\/\/xenum.com\/fr\/accueil\/produits\/entretien\/autres\/weld-pro\/","title":{"rendered":"Weld Pro"},"content":{"rendered":"<p>Contrairement aux produits traditionnels \u00abanti-adh\u00e9rent\u00bb, qui prot\u00e8gent seulement les pi\u00e8ces soud\u00e9es, WELD PRO prot\u00e8ge votre pr\u00e9cieux appareil \u00e0 souder et aide \u00e0 am\u00e9liorer votre productivit\u00e9. Une simple application de ce rev\u00eatement sans silicone assurera une exceptionnelle protection \u00e0 long terme qui peut durer jusqu\u2019\u00e0 huit heures d\u2019affil\u00e9e sans besoin de r\u00e9-application. En appliquant WELD PRO vous noterez que le rev\u00eatement est sec en quelques secondes. Une fois le processus de soudure commenc\u00e9, le rev\u00eatement durcira sur la surface des pi\u00e8ces. Ceci fournit un bouclier en c\u00e9ramique qui repousse imm\u00e9diatement l\u2019\u00e9claboussure, assurant une soudure ininterrompue pendant de longues p\u00e9riodes.<\/p>\n<p><strong>Avantages :<\/strong><\/p>\n<ul>\n<li>Rev\u00eatement s\u00e9chant rapidement \u00e0 l\u2019air libre.<\/li>\n<li>Longue dur\u00e9e.<\/li>\n<li>Basse conduction thermique.<\/li>\n<li>R\u00e9alise un processus de soudure plus propre.<\/li>\n<li>Ne r\u00e9agit pas avec les m\u00e9taux ou l\u2019air dans sa gamme de temp\u00e9rature pr\u00e9vue.<\/li>\n<li>Sans silicone.<\/li>\n<\/ul>\n<p><strong>Application :<\/strong><\/p>\n<p>Pour tous les proc\u00e9d\u00e9s de soudure MIG\/MAG. Appliquez avant la soudure sur les secteurs \u00e0 prot\u00e9ger. Appliquez \u00e9galement sur le bec pour le prot\u00e9ger \u00e0 l\u2019int\u00e9rieur et \u00e0 l\u2019ext\u00e9rieur, l\u2019extr\u00e9mit\u00e9 et la surface externe des points de contact, et tout autre secteur potentiel sujet aux \u00e9claboussures de soudure. Apr\u00e8s la soudure, les \u00e9claboussures de soudure peuvent \u00eatre enlev\u00e9es facilement.<\/p>\n<p><strong>Conditionnement :<\/strong><\/p>\n<p>500 ML \u2013 REF. 4120500<\/p>\n","protected":false},"excerpt":{"rendered":"<p>Contrairement aux produits traditionnels \u00abanti-adh\u00e9rent\u00bb, qui prot\u00e8gent seulement les pi\u00e8ces soud\u00e9es, WELD PRO prot\u00e8ge votre pr\u00e9cieux appareil \u00e0 souder et aide \u00e0 am\u00e9liorer votre productivit\u00e9. Une simple application de ce rev\u00eatement sans silicone assurera une exceptionnelle protection \u00e0 long terme qui peut durer jusqu\u2019\u00e0 huit heures d\u2019affil\u00e9e sans besoin de r\u00e9-application. En appliquant WELD PRO [&hellip;]<\/p>\n","protected":false},"author":1,"featured_media":272,"parent":2420,"menu_order":0,"comment_status":"closed","ping_status":"closed","template":"product-page.php","meta":{"_acf_changed":false,"inline_featured_image":false,"footnotes":""},"class_list":["post-2802","page","type-page","status-publish","has-post-thumbnail","hentry"],"acf":[],"_links":{"self":[{"href":"https:\/\/xenum.com\/fr\/wp-json\/wp\/v2\/pages\/2802","targetHints":{"allow":["GET"]}}],"collection":[{"href":"https:\/\/xenum.com\/fr\/wp-json\/wp\/v2\/pages"}],"about":[{"href":"https:\/\/xenum.com\/fr\/wp-json\/wp\/v2\/types\/page"}],"author":[{"embeddable":true,"href":"https:\/\/xenum.com\/fr\/wp-json\/wp\/v2\/users\/1"}],"replies":[{"embeddable":true,"href":"https:\/\/xenum.com\/fr\/wp-json\/wp\/v2\/comments?post=2802"}],"version-history":[{"count":2,"href":"https:\/\/xenum.com\/fr\/wp-json\/wp\/v2\/pages\/2802\/revisions"}],"predecessor-version":[{"id":3774,"href":"https:\/\/xenum.com\/fr\/wp-json\/wp\/v2\/pages\/2802\/revisions\/3774"}],"up":[{"embeddable":true,"href":"https:\/\/xenum.com\/fr\/wp-json\/wp\/v2\/pages\/2420"}],"wp:featuredmedia":[{"embeddable":true,"href":"https:\/\/xenum.com\/fr\/wp-json\/wp\/v2\/media\/272"}],"wp:attachment":[{"href":"https:\/\/xenum.com\/fr\/wp-json\/wp\/v2\/media?parent=2802"}],"curies":[{"name":"wp","href":"https:\/\/api.w.org\/{rel}","templated":true}]}}