{"id":2784,"date":"2017-07-22T13:28:14","date_gmt":"2017-07-22T13:28:14","guid":{"rendered":"https:\/\/xenum.com\/?page_id=2784"},"modified":"2021-08-10T11:25:28","modified_gmt":"2021-08-10T11:25:28","slug":"zinc-coat","status":"publish","type":"page","link":"https:\/\/xenum.com\/fr\/accueil\/produits\/entretien\/autres\/zinc-coat\/","title":{"rendered":"Zinc Coat+"},"content":{"rendered":"<p>Zinc Coat prot\u00e8ge \u00e0 long terme contre la corrosion des m\u00e9taux ferreux. La haute teneur en zinc assure une excellente protection cathodique.<\/p>\n<h3><strong>Avantages<\/strong><\/h3>\n<ul>\n<li>Application universelle.<\/li>\n<li>S\u00e8che rapidement.<\/li>\n<li>R\u00e9siste aux hautes temp\u00e9ratures.<\/li>\n<li>Protection cathodique.<\/li>\n<li>Contient plus de 90% de zinc (Zn).<\/li>\n<\/ul>\n<h3><strong>Application<\/strong><\/h3>\n<ul>\n<li>Peut \u00eatre utilis\u00e9 comme couche primaire avant peinture.<\/li>\n<li>Le produit est sec en 15 min. et recouvrable de peinture apr\u00e8s 12 \u00e0 24 heures.<\/li>\n<li>Indiqu\u00e9 pour la protection des points de soudure sur des pi\u00e8ces galvanis\u00e9es.<\/li>\n<li>Secouez bien le flacon avant l\u2019emploi (2 \u00e0 3 minutes).<\/li>\n<\/ul>\n<h3><strong>Conditionnement<\/strong><\/h3>\n<p>500 ML \u2013 REF. 4113500<\/p>\n","protected":false},"excerpt":{"rendered":"<p>Zinc Coat prot\u00e8ge \u00e0 long terme contre la corrosion des m\u00e9taux ferreux. La haute teneur en zinc assure une excellente protection cathodique. Avantages Application universelle. S\u00e8che rapidement. R\u00e9siste aux hautes temp\u00e9ratures. Protection cathodique. Contient plus de 90% de zinc (Zn). Application Peut \u00eatre utilis\u00e9 comme couche primaire avant peinture. Le produit est sec en 15 [&hellip;]<\/p>\n","protected":false},"author":1,"featured_media":10234,"parent":2420,"menu_order":0,"comment_status":"closed","ping_status":"closed","template":"product-page.php","meta":{"_acf_changed":false,"inline_featured_image":false,"footnotes":""},"class_list":["post-2784","page","type-page","status-publish","has-post-thumbnail","hentry"],"acf":[],"_links":{"self":[{"href":"https:\/\/xenum.com\/fr\/wp-json\/wp\/v2\/pages\/2784","targetHints":{"allow":["GET"]}}],"collection":[{"href":"https:\/\/xenum.com\/fr\/wp-json\/wp\/v2\/pages"}],"about":[{"href":"https:\/\/xenum.com\/fr\/wp-json\/wp\/v2\/types\/page"}],"author":[{"embeddable":true,"href":"https:\/\/xenum.com\/fr\/wp-json\/wp\/v2\/users\/1"}],"replies":[{"embeddable":true,"href":"https:\/\/xenum.com\/fr\/wp-json\/wp\/v2\/comments?post=2784"}],"version-history":[{"count":5,"href":"https:\/\/xenum.com\/fr\/wp-json\/wp\/v2\/pages\/2784\/revisions"}],"predecessor-version":[{"id":8220,"href":"https:\/\/xenum.com\/fr\/wp-json\/wp\/v2\/pages\/2784\/revisions\/8220"}],"up":[{"embeddable":true,"href":"https:\/\/xenum.com\/fr\/wp-json\/wp\/v2\/pages\/2420"}],"wp:featuredmedia":[{"embeddable":true,"href":"https:\/\/xenum.com\/fr\/wp-json\/wp\/v2\/media\/10234"}],"wp:attachment":[{"href":"https:\/\/xenum.com\/fr\/wp-json\/wp\/v2\/media?parent=2784"}],"curies":[{"name":"wp","href":"https:\/\/api.w.org\/{rel}","templated":true}]}}