{"id":2700,"date":"2017-07-22T13:02:19","date_gmt":"2017-07-22T13:02:19","guid":{"rendered":"https:\/\/xenum.com\/?page_id=2700"},"modified":"2023-11-21T12:50:36","modified_gmt":"2023-11-21T11:50:36","slug":"deblock-shock","status":"publish","type":"page","link":"https:\/\/xenum.com\/fr\/accueil\/produits\/entretien\/lubrifiants\/deblock-shock\/","title":{"rendered":"Deblock SHOCK"},"content":{"rendered":"\n<p>DEBLOCK SHOCK est un puissant spray con\u00e7u pour lib\u00e9rer facilement les pi\u00e8ces rouill\u00e9es, corrod\u00e9es et bloqu\u00e9es. Son effet unique de choc par cong\u00e9lation (\u00e0 une temp\u00e9rature inf\u00e9rieure \u00e0 -43\u00b0C) cr\u00e9e des fissures microscopiques dans la couche corrod\u00e9e, permettant au produit de dissoudre efficacement la salet\u00e9 et la rouille pour lib\u00e9rer la pi\u00e8ce bloqu\u00e9e.<\/p>\n\n\n\n<h3 class=\"wp-block-heading\" id=\"h-propri-t-s\"><strong>Propri\u00e9t\u00e9s<\/strong><\/h3>\n\n\n\n<ul class=\"wp-block-list\">\n<li>Fournit une solution rapide et facile pour le d\u00e9montage des pi\u00e8ces fortement rouill\u00e9es<\/li>\n\n\n\n<li>Dissout activement les accumulations de salet\u00e9 et de rouille<\/li>\n\n\n\n<li>Cr\u00e9e une couche protectrice imperm\u00e9able<\/li>\n\n\n\n<li>Formule ultra-p\u00e9n\u00e9trante<\/li>\n\n\n\n<li>Pr\u00e9vient les dysfonctionnements des circuits \u00e9lectriques<\/li>\n\n\n\n<li>Sans silicone<\/li>\n<\/ul>\n\n\n\n<h3 class=\"wp-block-heading\">Application<\/h3>\n\n\n\n<p>Convient \u00e0 une vari\u00e9t\u00e9 d'applications professionnelles et de bricolage. DEBLOCK SHOCK peut \u00eatre utilis\u00e9 dans l'industrie, l'atelier, l'agriculture, l'\u00e9quipement marin, ainsi que sur les motos, les v\u00e9los, et plus encore.<\/p>\n\n\n\n<h4 class=\"wp-block-heading\">Disponible en : <\/h4>\n\n\n\n<p>500 ML \u2013 REF. 4076500<\/p>\n","protected":false},"excerpt":{"rendered":"<p>DEBLOCK SHOCK est un puissant spray con\u00e7u pour lib\u00e9rer facilement les pi\u00e8ces rouill\u00e9es, corrod\u00e9es et bloqu\u00e9es. Son effet unique de choc par cong\u00e9lation (\u00e0 une temp\u00e9rature inf\u00e9rieure \u00e0 -43\u00b0C) cr\u00e9e des fissures microscopiques dans la couche corrod\u00e9e, permettant au produit de dissoudre efficacement la salet\u00e9 et la rouille pour lib\u00e9rer la pi\u00e8ce bloqu\u00e9e. Propri\u00e9t\u00e9s Application [&hellip;]<\/p>\n","protected":false},"author":4,"featured_media":9003,"parent":2385,"menu_order":0,"comment_status":"closed","ping_status":"closed","template":"product-page.php","meta":{"_acf_changed":false,"inline_featured_image":false,"footnotes":""},"class_list":["post-2700","page","type-page","status-publish","has-post-thumbnail","hentry"],"acf":[],"_links":{"self":[{"href":"https:\/\/xenum.com\/fr\/wp-json\/wp\/v2\/pages\/2700","targetHints":{"allow":["GET"]}}],"collection":[{"href":"https:\/\/xenum.com\/fr\/wp-json\/wp\/v2\/pages"}],"about":[{"href":"https:\/\/xenum.com\/fr\/wp-json\/wp\/v2\/types\/page"}],"author":[{"embeddable":true,"href":"https:\/\/xenum.com\/fr\/wp-json\/wp\/v2\/users\/4"}],"replies":[{"embeddable":true,"href":"https:\/\/xenum.com\/fr\/wp-json\/wp\/v2\/comments?post=2700"}],"version-history":[{"count":8,"href":"https:\/\/xenum.com\/fr\/wp-json\/wp\/v2\/pages\/2700\/revisions"}],"predecessor-version":[{"id":24971,"href":"https:\/\/xenum.com\/fr\/wp-json\/wp\/v2\/pages\/2700\/revisions\/24971"}],"up":[{"embeddable":true,"href":"https:\/\/xenum.com\/fr\/wp-json\/wp\/v2\/pages\/2385"}],"wp:featuredmedia":[{"embeddable":true,"href":"https:\/\/xenum.com\/fr\/wp-json\/wp\/v2\/media\/9003"}],"wp:attachment":[{"href":"https:\/\/xenum.com\/fr\/wp-json\/wp\/v2\/media?parent=2700"}],"curies":[{"name":"wp","href":"https:\/\/api.w.org\/{rel}","templated":true}]}}