{"id":2652,"date":"2017-07-22T12:45:43","date_gmt":"2017-07-22T12:45:43","guid":{"rendered":"https:\/\/xenum.com\/?page_id=2652"},"modified":"2023-11-22T15:19:11","modified_gmt":"2023-11-22T14:19:11","slug":"x-cut","status":"publish","type":"page","link":"https:\/\/xenum.com\/fr\/accueil\/produits\/entretien\/lubrifiants\/x-cut\/","title":{"rendered":"X-Cut"},"content":{"rendered":"<p>X-CUT est un fluide de coupe haute performance con\u00e7u pour offrir une excellente lubrification \u00e0 des vitesses de coupe \u00e9lev\u00e9es. Il prolonge la dur\u00e9e de vie des outils de coupe.<\/p>\n<h3><strong>Caract\u00e9ristiques<\/strong><\/h3>\n<ul>\n<li>Fournit une lubrification exceptionnelle \u00e0 des vitesses de coupe \u00e9lev\u00e9es<\/li>\n<li>Prolonge la dur\u00e9e de vie des outils de coupe<\/li>\n<li>Propri\u00e9t\u00e9s ultra-p\u00e9n\u00e9trantes<\/li>\n<li>Offre une finition impeccable<\/li>\n<\/ul>\n<h3><strong>Application<\/strong><\/h3>\n<p>Convient \u00e0 diverses applications, notamment le per\u00e7age, la scie et le taraudage de m\u00e9taux tels que l'acier, l'acier inoxydable et la plupart des m\u00e9taux non ferreux.<\/p>\n<h4><strong>Disponible en :<\/strong><\/h4>\n<p>400 ML \u2013 R\u00c9F. 4144400<\/p>\n","protected":false},"excerpt":{"rendered":"<p>X-CUT est un fluide de coupe haute performance con\u00e7u pour offrir une excellente lubrification \u00e0 des vitesses de coupe \u00e9lev\u00e9es. Il prolonge la dur\u00e9e de vie des outils de coupe. Caract\u00e9ristiques Fournit une lubrification exceptionnelle \u00e0 des vitesses de coupe \u00e9lev\u00e9es Prolonge la dur\u00e9e de vie des outils de coupe Propri\u00e9t\u00e9s ultra-p\u00e9n\u00e9trantes Offre une finition [&hellip;]<\/p>\n","protected":false},"author":4,"featured_media":10117,"parent":2385,"menu_order":0,"comment_status":"closed","ping_status":"closed","template":"product-page.php","meta":{"_acf_changed":false,"inline_featured_image":false,"footnotes":""},"class_list":["post-2652","page","type-page","status-publish","has-post-thumbnail","hentry"],"acf":[],"_links":{"self":[{"href":"https:\/\/xenum.com\/fr\/wp-json\/wp\/v2\/pages\/2652","targetHints":{"allow":["GET"]}}],"collection":[{"href":"https:\/\/xenum.com\/fr\/wp-json\/wp\/v2\/pages"}],"about":[{"href":"https:\/\/xenum.com\/fr\/wp-json\/wp\/v2\/types\/page"}],"author":[{"embeddable":true,"href":"https:\/\/xenum.com\/fr\/wp-json\/wp\/v2\/users\/4"}],"replies":[{"embeddable":true,"href":"https:\/\/xenum.com\/fr\/wp-json\/wp\/v2\/comments?post=2652"}],"version-history":[{"count":5,"href":"https:\/\/xenum.com\/fr\/wp-json\/wp\/v2\/pages\/2652\/revisions"}],"predecessor-version":[{"id":25029,"href":"https:\/\/xenum.com\/fr\/wp-json\/wp\/v2\/pages\/2652\/revisions\/25029"}],"up":[{"embeddable":true,"href":"https:\/\/xenum.com\/fr\/wp-json\/wp\/v2\/pages\/2385"}],"wp:featuredmedia":[{"embeddable":true,"href":"https:\/\/xenum.com\/fr\/wp-json\/wp\/v2\/media\/10117"}],"wp:attachment":[{"href":"https:\/\/xenum.com\/fr\/wp-json\/wp\/v2\/media?parent=2652"}],"curies":[{"name":"wp","href":"https:\/\/api.w.org\/{rel}","templated":true}]}}