{"id":2620,"date":"2017-07-22T12:34:30","date_gmt":"2017-07-22T12:34:30","guid":{"rendered":"https:\/\/xenum.com\/?page_id=2620"},"modified":"2019-06-25T13:31:58","modified_gmt":"2019-06-25T13:31:58","slug":"xc-lube","status":"publish","type":"page","link":"https:\/\/xenum.com\/fr\/accueil\/produits\/entretien\/lubrifiants\/xc-lube\/","title":{"rendered":"XC-Lube"},"content":{"rendered":"<p>Lubrifiant de haute qualit\u00e9 \u00e0 base d\u2019huile synth\u00e9tique et renforc\u00e9 au Cerflon\u00ae. Assure une excellente lubrification et offre des propri\u00e9t\u00e9s protectrices en toutes circonstances.<\/p>\n<h2><strong>Avantages<\/strong><\/h2>\n<ul>\n<li>Lubrifie et diminue la friction entre les pi\u00e8ces mobiles.<\/li>\n<li>Offre une excellente protection de longue dur\u00e9e contre l\u2019oxydation et la corrosion.<\/li>\n<li>Propri\u00e9t\u00e9s exceptionnelles d\u2019adh\u00e9rence.<\/li>\n<li>\u00c9limine les bruits de grincement.<\/li>\n<li>Etanche \u00e0 l\u2019eau et chasse l\u2019humidit\u00e9.<\/li>\n<li>R\u00e9sistant aux hautes pressions.<\/li>\n<\/ul>\n<h2><strong>Application<\/strong><\/h2>\n<p>Lubrifiant pour tout usage et protection longue dur\u00e9e.<\/p>\n<h3><strong>Conditionnement<\/strong><\/h3>\n<p>500 ML \u2013 REF. 4014500<\/p>\n","protected":false},"excerpt":{"rendered":"<p>Lubrifiant de haute qualit\u00e9 \u00e0 base d\u2019huile synth\u00e9tique et renforc\u00e9 au Cerflon\u00ae. Assure une excellente lubrification et offre des propri\u00e9t\u00e9s protectrices en toutes circonstances. Avantages Lubrifie et diminue la friction entre les pi\u00e8ces mobiles. Offre une excellente protection de longue dur\u00e9e contre l\u2019oxydation et la corrosion. Propri\u00e9t\u00e9s exceptionnelles d\u2019adh\u00e9rence. \u00c9limine les bruits de grincement. Etanche [&hellip;]<\/p>\n","protected":false},"author":1,"featured_media":9007,"parent":2385,"menu_order":0,"comment_status":"closed","ping_status":"closed","template":"product-page.php","meta":{"_acf_changed":false,"inline_featured_image":false,"footnotes":""},"class_list":["post-2620","page","type-page","status-publish","has-post-thumbnail","hentry"],"acf":[],"_links":{"self":[{"href":"https:\/\/xenum.com\/fr\/wp-json\/wp\/v2\/pages\/2620","targetHints":{"allow":["GET"]}}],"collection":[{"href":"https:\/\/xenum.com\/fr\/wp-json\/wp\/v2\/pages"}],"about":[{"href":"https:\/\/xenum.com\/fr\/wp-json\/wp\/v2\/types\/page"}],"author":[{"embeddable":true,"href":"https:\/\/xenum.com\/fr\/wp-json\/wp\/v2\/users\/1"}],"replies":[{"embeddable":true,"href":"https:\/\/xenum.com\/fr\/wp-json\/wp\/v2\/comments?post=2620"}],"version-history":[{"count":7,"href":"https:\/\/xenum.com\/fr\/wp-json\/wp\/v2\/pages\/2620\/revisions"}],"predecessor-version":[{"id":9013,"href":"https:\/\/xenum.com\/fr\/wp-json\/wp\/v2\/pages\/2620\/revisions\/9013"}],"up":[{"embeddable":true,"href":"https:\/\/xenum.com\/fr\/wp-json\/wp\/v2\/pages\/2385"}],"wp:featuredmedia":[{"embeddable":true,"href":"https:\/\/xenum.com\/fr\/wp-json\/wp\/v2\/media\/9007"}],"wp:attachment":[{"href":"https:\/\/xenum.com\/fr\/wp-json\/wp\/v2\/media?parent=2620"}],"curies":[{"name":"wp","href":"https:\/\/api.w.org\/{rel}","templated":true}]}}