{"id":25961,"date":"2025-06-08T09:32:30","date_gmt":"2025-06-08T08:32:30","guid":{"rendered":"https:\/\/xenum.com\/?page_id=25961"},"modified":"2025-06-08T09:32:33","modified_gmt":"2025-06-08T08:32:33","slug":"vrx-gen-2-8w40","status":"publish","type":"page","link":"https:\/\/xenum.com\/fr\/accueil\/produits\/huiles\/moteur\/huile-ceramique\/vrx-gen-2-8w40\/","title":{"rendered":"VRX GEN 2 \u2013 8W40"},"content":{"rendered":"\n<p>VRX GEN 2 8W40 est une huile moteur synth\u00e9tique haute performance, con\u00e7ue pour les moteurs essence et diesel soumis \u00e0 de fortes contraintes thermiques et m\u00e9caniques. Elle associe des bio-esters Bionix\u2122 \u00e0 des particules nano-c\u00e9ramiques (hBN), qui forment une couche protectrice durable sur les composants du moteur. Cela aide \u00e0 r\u00e9duire les frottements, \u00e0 limiter l\u2019usure et \u00e0 pr\u00e9venir la surchauffe en cas de charge \u00e9lev\u00e9e.<\/p>\n\n\n\n<p>Les esters Bionix\u2122 am\u00e9liorent \u00e9galement la stabilit\u00e9 thermique et oxydative, tandis que l\u2019huile de base PAG OSP garantit une excellente adh\u00e9rence du film lubrifiant et un contr\u00f4le durable de la viscosit\u00e9 \u2013 sans lubrifiants solides ni modificateurs d\u2019indice de viscosit\u00e9. Sa formulation SAPS \u00e9quilibr\u00e9e la rend compatible avec les filtres \u00e0 particules (DPF et GPF) et les catalyseurs (TWC).<\/p>\n\n\n\n<h3 class=\"wp-block-heading\"><strong>Propri\u00e9t\u00e9s<\/strong><\/h3>\n\n\n\n<ul class=\"wp-block-list\">\n<li><strong>R\u00e9duction des Frottements &amp; de l\u2019Usure<\/strong> \u2013 Couche c\u00e9ramique prot\u00e9geant les pi\u00e8ces critiques du moteur<\/li>\n\n\n\n<li><strong>Stabilit\u00e9 Thermique &amp; Oxydative<\/strong> \u2013 Maintient ses performances \u00e0 haute temp\u00e9rature<\/li>\n\n\n\n<li><strong>Fonctionnement Propre &amp; Efficace<\/strong> \u2013 Sans modificateurs VI ni particules solides, contribue \u00e0 la propret\u00e9 du moteur sur le long terme<\/li>\n<\/ul>\n\n\n\n<h3 class=\"wp-block-heading\"><strong>Application<\/strong><\/h3>\n\n\n\n<p>Id\u00e9ale pour les moteurs essence et diesel dans des conditions de fonctionnement intensif ou en usage performance. Convient aux v\u00e9hicules \u00e9quip\u00e9s de turbocompresseurs, de syst\u00e8mes start-stop et de dispositifs de post-traitement tels que les DPF, GPF et catalyseurs. Parfaitement adapt\u00e9e aux moteurs n\u00e9cessitant une stabilit\u00e9 du film d\u2019huile et une r\u00e9sistance \u00e9lev\u00e9e \u00e0 la chaleur.<\/p>\n\n\n\n<h3 class=\"wp-block-heading\"><strong>Sp\u00e9cifications<\/strong><\/h3>\n\n\n\n<p>Cette huile moteur est formul\u00e9e pour r\u00e9pondre aux exigences g\u00e9n\u00e9rales des moteurs automobiles, \u00e0 condition de choisir la viscosit\u00e9 appropri\u00e9e. Bien qu\u2019elle ne dispose pas d\u2019homologation officielle, elle est adapt\u00e9e aux applications n\u00e9cessitant une huile de type et de viscosit\u00e9 similaires.<\/p>\n\n\n\n<h4 class=\"wp-block-heading\"><strong>Disponible en<\/strong><\/h4>\n\n\n\n<p>1L (12 \u00d7 1L) \u2013 REF. 1457001<\/p>\n","protected":false},"excerpt":{"rendered":"<p>VRX GEN 2 8W40 est une huile moteur synth\u00e9tique haute performance, con\u00e7ue pour les moteurs essence et diesel soumis \u00e0 de fortes contraintes thermiques et m\u00e9caniques. Elle associe des bio-esters Bionix\u2122 \u00e0 des particules nano-c\u00e9ramiques (hBN), qui forment une couche protectrice durable sur les composants du moteur. Cela aide \u00e0 r\u00e9duire les frottements, \u00e0 limiter [&hellip;]<\/p>\n","protected":false},"author":1,"featured_media":25829,"parent":499,"menu_order":0,"comment_status":"closed","ping_status":"closed","template":"product-page.php","meta":{"_acf_changed":false,"inline_featured_image":false,"footnotes":""},"class_list":["post-25961","page","type-page","status-publish","has-post-thumbnail","hentry"],"acf":[],"_links":{"self":[{"href":"https:\/\/xenum.com\/fr\/wp-json\/wp\/v2\/pages\/25961","targetHints":{"allow":["GET"]}}],"collection":[{"href":"https:\/\/xenum.com\/fr\/wp-json\/wp\/v2\/pages"}],"about":[{"href":"https:\/\/xenum.com\/fr\/wp-json\/wp\/v2\/types\/page"}],"author":[{"embeddable":true,"href":"https:\/\/xenum.com\/fr\/wp-json\/wp\/v2\/users\/1"}],"replies":[{"embeddable":true,"href":"https:\/\/xenum.com\/fr\/wp-json\/wp\/v2\/comments?post=25961"}],"version-history":[{"count":2,"href":"https:\/\/xenum.com\/fr\/wp-json\/wp\/v2\/pages\/25961\/revisions"}],"predecessor-version":[{"id":25963,"href":"https:\/\/xenum.com\/fr\/wp-json\/wp\/v2\/pages\/25961\/revisions\/25963"}],"up":[{"embeddable":true,"href":"https:\/\/xenum.com\/fr\/wp-json\/wp\/v2\/pages\/499"}],"wp:featuredmedia":[{"embeddable":true,"href":"https:\/\/xenum.com\/fr\/wp-json\/wp\/v2\/media\/25829"}],"wp:attachment":[{"href":"https:\/\/xenum.com\/fr\/wp-json\/wp\/v2\/media?parent=25961"}],"curies":[{"name":"wp","href":"https:\/\/api.w.org\/{rel}","templated":true}]}}