{"id":2579,"date":"2017-07-22T12:22:02","date_gmt":"2017-07-22T12:22:02","guid":{"rendered":"https:\/\/xenum.com\/?page_id=2579"},"modified":"2019-06-21T15:44:21","modified_gmt":"2019-06-21T15:44:21","slug":"multi-cleaner-active-foam","status":"publish","type":"page","link":"https:\/\/xenum.com\/fr\/accueil\/produits\/entretien\/nettoyants\/multi-cleaner-active-foam\/","title":{"rendered":"Multi Cleaner Active Foam"},"content":{"rendered":"<p>Nettoyant exceptionnellement efficace pour vitres et toutes les surfaces polies. La mousse s\u2019attache aux salissures et assure un nettoyage complet sans rayer.<\/p>\n<h3><strong>Avantages<\/strong><\/h3>\n<ul>\n<li>Nettoie et d\u00e9graisse.<\/li>\n<li>S\u00e8che tr\u00e8s vite.<\/li>\n<li>Ne contient pas d\u2019abrasifs.<\/li>\n<\/ul>\n<h3><strong>Application<\/strong><\/h3>\n<p>Pour le nettoyage rapide et efficace de surfaces polies, chrom\u00e9es, peintes, vernies et plastifi\u00e9es comme les roues, les si\u00e8ges et le rev\u00eatement. Elimine sur les phares projections de boues, goudron, insectes, d\u00e9fections d\u2019oiseaux. Enl\u00e8ve graisse et salet\u00e9 sur les jantes. Elimine sur les visi\u00e8res, pare-soleil, vitres, textile et tapis, la nicotine, les r\u00e9sines l\u00e9g\u00e8res et traces de chaussures.<\/p>\n<p>Id\u00e9al pour le nettoyage et le d\u00e9graissage de surfaces de bureau, de mobilier de cuisine et de salle de bain.<\/p>\n<p>Il nettoie carrelages, bassines en acier inox et aluminium, baignoires, \u00e9clairage, surfaces laqu\u00e9es et \u00e9maill\u00e9es, si\u00e8ges en cuir et simili cuir, mat\u00e9riel informatique.<\/p>\n<h3><strong>Conditionnement<\/strong><\/h3>\n<p>500 ML \u2013 REF. 4083500<\/p>\n","protected":false},"excerpt":{"rendered":"<p>Nettoyant exceptionnellement efficace pour vitres et toutes les surfaces polies. La mousse s\u2019attache aux salissures et assure un nettoyage complet sans rayer. Avantages Nettoie et d\u00e9graisse. S\u00e8che tr\u00e8s vite. Ne contient pas d\u2019abrasifs. Application Pour le nettoyage rapide et efficace de surfaces polies, chrom\u00e9es, peintes, vernies et plastifi\u00e9es comme les roues, les si\u00e8ges et le [&hellip;]<\/p>\n","protected":false},"author":1,"featured_media":8923,"parent":2369,"menu_order":0,"comment_status":"closed","ping_status":"closed","template":"product-page.php","meta":{"_acf_changed":false,"inline_featured_image":false,"footnotes":""},"class_list":["post-2579","page","type-page","status-publish","has-post-thumbnail","hentry"],"acf":[],"_links":{"self":[{"href":"https:\/\/xenum.com\/fr\/wp-json\/wp\/v2\/pages\/2579","targetHints":{"allow":["GET"]}}],"collection":[{"href":"https:\/\/xenum.com\/fr\/wp-json\/wp\/v2\/pages"}],"about":[{"href":"https:\/\/xenum.com\/fr\/wp-json\/wp\/v2\/types\/page"}],"author":[{"embeddable":true,"href":"https:\/\/xenum.com\/fr\/wp-json\/wp\/v2\/users\/1"}],"replies":[{"embeddable":true,"href":"https:\/\/xenum.com\/fr\/wp-json\/wp\/v2\/comments?post=2579"}],"version-history":[{"count":6,"href":"https:\/\/xenum.com\/fr\/wp-json\/wp\/v2\/pages\/2579\/revisions"}],"predecessor-version":[{"id":8933,"href":"https:\/\/xenum.com\/fr\/wp-json\/wp\/v2\/pages\/2579\/revisions\/8933"}],"up":[{"embeddable":true,"href":"https:\/\/xenum.com\/fr\/wp-json\/wp\/v2\/pages\/2369"}],"wp:featuredmedia":[{"embeddable":true,"href":"https:\/\/xenum.com\/fr\/wp-json\/wp\/v2\/media\/8923"}],"wp:attachment":[{"href":"https:\/\/xenum.com\/fr\/wp-json\/wp\/v2\/media?parent=2579"}],"curies":[{"name":"wp","href":"https:\/\/api.w.org\/{rel}","templated":true}]}}