{"id":2528,"date":"2017-07-22T12:10:09","date_gmt":"2017-07-22T12:10:09","guid":{"rendered":"https:\/\/xenum.com\/?page_id=2528"},"modified":"2021-08-10T10:11:03","modified_gmt":"2021-08-10T10:11:03","slug":"d-grease-cleaner","status":"publish","type":"page","link":"https:\/\/xenum.com\/fr\/accueil\/produits\/entretien\/nettoyants\/d-grease-cleaner\/","title":{"rendered":"D-Grease Cleaner"},"content":{"rendered":"<p>Nettoie et d\u00e9graisse tous les composants m\u00e9caniques. Pouvoir agissant puissant et rapide. Elimine huile, graisse, liquide de frein et salet\u00e9s. Nettoyage et d\u00e9graissage efficace de tous les composants structurels des v\u00e9hicules et des machines industrielles et de leurs applications.<\/p>\n<p><strong>Avantages :<\/strong><\/p>\n<ul>\n<li>Applicabilit\u00e9 universelle.<\/li>\n<li>Tr\u00e8s bonne p\u00e9n\u00e9tration dans les souillures.<\/li>\n<li>S\u00e8che rapidement et permet une vaporisation contr\u00f4l\u00e9e.<\/li>\n<li>Dissous les restes de r\u00e9sine et de goudron.<\/li>\n<li>Elimine les souillures d\u2019huile et de graisse.<\/li>\n<li>Ne laisse pas de traces.<\/li>\n<li>Ne contient pas de chlore ou de particules d\u2019ac\u00e9tone.<\/li>\n<li>Emploi \u00e9conomique.<\/li>\n<\/ul>\n<p><strong>Application :<\/strong><\/p>\n<p>Produit d\u2019application universelle. D-GREASE CLEANER couvre toute une s\u00e9rie domaines d\u2019application dans l\u2019industrie, les ateliers et le bricolage. Freins \u00e0 tambour et \u00e0 disque, \u00e9triers de freins, conduites, plaquettes et patins de freins, cylindres et ressorts. Plateaux d\u2019embrayage et plateaux de pression ainsi que composants d\u2019embrayage en g\u00e9n\u00e9ral.<\/p>\n<p><strong>Conditionnement :<\/strong><\/p>\n<p>500 ML \u2013 REF. 4021500<\/p>\n","protected":false},"excerpt":{"rendered":"<p>Nettoie et d\u00e9graisse tous les composants m\u00e9caniques. Pouvoir agissant puissant et rapide. Elimine huile, graisse, liquide de frein et salet\u00e9s. Nettoyage et d\u00e9graissage efficace de tous les composants structurels des v\u00e9hicules et des machines industrielles et de leurs applications. Avantages : Applicabilit\u00e9 universelle. Tr\u00e8s bonne p\u00e9n\u00e9tration dans les souillures. S\u00e8che rapidement et permet une vaporisation [&hellip;]<\/p>\n","protected":false},"author":1,"featured_media":10231,"parent":2369,"menu_order":0,"comment_status":"closed","ping_status":"closed","template":"product-page.php","meta":{"_acf_changed":false,"inline_featured_image":false,"footnotes":""},"class_list":["post-2528","page","type-page","status-publish","has-post-thumbnail","hentry"],"acf":[],"_links":{"self":[{"href":"https:\/\/xenum.com\/fr\/wp-json\/wp\/v2\/pages\/2528","targetHints":{"allow":["GET"]}}],"collection":[{"href":"https:\/\/xenum.com\/fr\/wp-json\/wp\/v2\/pages"}],"about":[{"href":"https:\/\/xenum.com\/fr\/wp-json\/wp\/v2\/types\/page"}],"author":[{"embeddable":true,"href":"https:\/\/xenum.com\/fr\/wp-json\/wp\/v2\/users\/1"}],"replies":[{"embeddable":true,"href":"https:\/\/xenum.com\/fr\/wp-json\/wp\/v2\/comments?post=2528"}],"version-history":[{"count":4,"href":"https:\/\/xenum.com\/fr\/wp-json\/wp\/v2\/pages\/2528\/revisions"}],"predecessor-version":[{"id":8228,"href":"https:\/\/xenum.com\/fr\/wp-json\/wp\/v2\/pages\/2528\/revisions\/8228"}],"up":[{"embeddable":true,"href":"https:\/\/xenum.com\/fr\/wp-json\/wp\/v2\/pages\/2369"}],"wp:featuredmedia":[{"embeddable":true,"href":"https:\/\/xenum.com\/fr\/wp-json\/wp\/v2\/media\/10231"}],"wp:attachment":[{"href":"https:\/\/xenum.com\/fr\/wp-json\/wp\/v2\/media?parent=2528"}],"curies":[{"name":"wp","href":"https:\/\/api.w.org\/{rel}","templated":true}]}}