{"id":23886,"date":"2023-08-17T13:06:01","date_gmt":"2023-08-17T12:06:01","guid":{"rendered":"https:\/\/xenum.com\/accueil\/produits\/additifs\/carburant\/diesel-ameliorants\/admax-pro\/"},"modified":"2024-08-08T15:16:20","modified_gmt":"2024-08-08T14:16:20","slug":"admax-pro","status":"publish","type":"page","link":"https:\/\/xenum.com\/fr\/accueil\/produits\/additifs\/adblue\/admax-pro\/","title":{"rendered":"ADMAX\u00ae PRO"},"content":{"rendered":"<p>ADMAX\u00ae PRO est la version am\u00e9lior\u00e9e d\u2019ADMAX\u00ae, sp\u00e9cialement con\u00e7ue pour augmenter l\u2019efficacit\u00e9 du syst\u00e8me AdBlue\u00ae. Cette solution puissante poss\u00e8de des propri\u00e9t\u00e9s d\u00e9tergentes et solvantes exceptionnelles, \u00e9liminant efficacement la cristallisation et les contaminations dans le r\u00e9servoir, la pompe et l'injecteur du syst\u00e8me SCR (AdBlue\u00ae).<\/p>\n<p>En assurant un syst\u00e8me propre et optimis\u00e9, ADMAX\u00ae PRO am\u00e9liore \u00e0 la fois les performances et la fiabilit\u00e9, tout en r\u00e9duisant consid\u00e9rablement les \u00e9missions polluantes. Cet additif est enti\u00e8rement compatible avec l'AdBlue\u00ae et ne cause ni dommage ni corrosion. ADMAX\u00ae PRO ne laisse aucun r\u00e9sidu de combustion dans le filtre \u00e0 particules (FAP) ou le catalyseur SCR.<\/p>\n<h3><strong style=\"color: revert; font-size: revert; font-family: -apple-system, BlinkMacSystemFont, 'Segoe UI', Roboto, Oxygen-Sans, Ubuntu, Cantarell, 'Helvetica Neue', sans-serif;\">Avantages<\/strong><\/h3>\n<ul>\n<li>\u00c9limine la formation de cristaux dans le SCR<\/li>\n<li>R\u00e9duit les \u00e9missions de NOx (oxydes d'azote)<\/li>\n<li>Pr\u00e9serve le syst\u00e8me SCR<\/li>\n<li>\u00c9limine les obstructions du SCR<\/li>\n<li>Aide \u00e0 maintenir une efficacit\u00e9 optimale du carburant<\/li>\n<\/ul>\n<h3><strong>Propri\u00e9t\u00e9s<\/strong><\/h3>\n<ul>\n<li>Acc\u00e9l\u00e8re la conversion de l'ur\u00e9e en ammoniac<\/li>\n<li>Emp\u00eache la cristallisation \u00e0 des temp\u00e9ratures inf\u00e9rieures \u00e0 -10\u00b0C<\/li>\n<li>Am\u00e9liore l'efficacit\u00e9 du syst\u00e8me SCR<\/li>\n<li>Prolonge la dur\u00e9e de vie du syst\u00e8me SCR<\/li>\n<li>Prot\u00e8ge le syst\u00e8me d'\u00e9chappement contre la corrosion<\/li>\n<\/ul>\n<h3><strong>Application<\/strong><\/h3>\n<p>Compatible avec tous les v\u00e9hicules diesel \u00e9quip\u00e9s d\u2019AdBlue\u00ae. ADMAX\u00ae PRO doit \u00eatre utilis\u00e9 exclusivement dans le r\u00e9servoir d\u2019AdBlue\u00ae. En cas de dysfonctionnement du syst\u00e8me SCR, il peut \u00eatre n\u00e9cessaire de rouler environ 1000 km apr\u00e8s l\u2019ajout d\u2019ADMAX\u00ae PRO.<\/p>\n<p>Il est recommand\u00e9 d'utiliser ADMAX\u00ae PRO de mani\u00e8re pr\u00e9ventive (tous les 30 000 km) apr\u00e8s le traitement initial pour maintenir le syst\u00e8me AdBlue\u00ae propre et pr\u00e9venir les probl\u00e8mes. La version standard d\u2019ADMAX\u00ae peut \u00e9galement \u00eatre utilis\u00e9e \u00e0 chaque remplissage d\u2019AdBlue\u00ae.<\/p>\n<h3>Mode d\u2019emploi<\/h3>\n<p>Une dose de 250 ml est suffisante pour traiter jusqu'\u00e0 20 litres d\u2019AdBlue\u00ae. ADMAX\u00ae PRO peut \u00eatre m\u00e9lang\u00e9 directement avec l\u2019AdBlue\u00ae, de pr\u00e9f\u00e9rence mais pas exclusivement avant de remplir le r\u00e9servoir.<\/p>\n<h4><strong>Disponible en :\u00a0<\/strong><\/h4>\n<p>250 ML - REF. 7060250<br \/>\n12 x 250 ML PACK<\/p>\n","protected":false},"excerpt":{"rendered":"<p>ADMAX\u00ae PRO est la version am\u00e9lior\u00e9e d\u2019ADMAX\u00ae, sp\u00e9cialement con\u00e7ue pour augmenter l\u2019efficacit\u00e9 du syst\u00e8me AdBlue\u00ae. Cette solution puissante poss\u00e8de des propri\u00e9t\u00e9s d\u00e9tergentes et solvantes exceptionnelles, \u00e9liminant efficacement la cristallisation et les contaminations dans le r\u00e9servoir, la pompe et l'injecteur du syst\u00e8me SCR (AdBlue\u00ae). En assurant un syst\u00e8me propre et optimis\u00e9, ADMAX\u00ae PRO am\u00e9liore \u00e0 la [&hellip;]<\/p>\n","protected":false},"author":1,"featured_media":23876,"parent":25661,"menu_order":0,"comment_status":"closed","ping_status":"closed","template":"product-page.php","meta":{"_acf_changed":false,"inline_featured_image":false,"footnotes":""},"class_list":["post-23886","page","type-page","status-publish","has-post-thumbnail","hentry"],"acf":[],"_links":{"self":[{"href":"https:\/\/xenum.com\/fr\/wp-json\/wp\/v2\/pages\/23886","targetHints":{"allow":["GET"]}}],"collection":[{"href":"https:\/\/xenum.com\/fr\/wp-json\/wp\/v2\/pages"}],"about":[{"href":"https:\/\/xenum.com\/fr\/wp-json\/wp\/v2\/types\/page"}],"author":[{"embeddable":true,"href":"https:\/\/xenum.com\/fr\/wp-json\/wp\/v2\/users\/1"}],"replies":[{"embeddable":true,"href":"https:\/\/xenum.com\/fr\/wp-json\/wp\/v2\/comments?post=23886"}],"version-history":[{"count":7,"href":"https:\/\/xenum.com\/fr\/wp-json\/wp\/v2\/pages\/23886\/revisions"}],"predecessor-version":[{"id":25571,"href":"https:\/\/xenum.com\/fr\/wp-json\/wp\/v2\/pages\/23886\/revisions\/25571"}],"up":[{"embeddable":true,"href":"https:\/\/xenum.com\/fr\/wp-json\/wp\/v2\/pages\/25661"}],"wp:featuredmedia":[{"embeddable":true,"href":"https:\/\/xenum.com\/fr\/wp-json\/wp\/v2\/media\/23876"}],"wp:attachment":[{"href":"https:\/\/xenum.com\/fr\/wp-json\/wp\/v2\/media?parent=23886"}],"curies":[{"name":"wp","href":"https:\/\/api.w.org\/{rel}","templated":true}]}}