{"id":23129,"date":"2023-06-19T15:18:21","date_gmt":"2023-06-19T14:18:21","guid":{"rendered":"https:\/\/xenum.com\/?page_id=23129"},"modified":"2023-06-19T15:20:30","modified_gmt":"2023-06-19T14:20:30","slug":"x-tran-75w90-gl5","status":"publish","type":"page","link":"https:\/\/xenum.com\/fr\/accueil\/produits\/huiles\/transmission\/manuelle\/x-tran-75w90-gl5\/","title":{"rendered":"X-TRAN 75W90 GL5"},"content":{"rendered":"\n<p>Lubrifiant synth\u00e9tique polyvalent pour engrenages automobiles X-TRAN 75W-90 GL4\/5 con\u00e7u pour r\u00e9pondre aux exigences de performance les plus \u00e9lev\u00e9es des v\u00e9hicules de tourisme modernes dans tous les types de conditions de fonctionnement. Compar\u00e9 aux lubrifiants hypo\u00efdes conventionnels pour engrenages, X-TRAN 75w90 GL4\/5 offre des performances exceptionnelles dans une large gamme de temp\u00e9ratures. Il peut \u00e9galement \u00eatre utilis\u00e9 en service prolong\u00e9 et pour am\u00e9liorer les performances en mati\u00e8re d'\u00e9conomie de carburant. Pour les bo\u00eetes de vitesses manuelles, les directions assist\u00e9es, les convertisseurs de couple et autres \u00e9quipements hydrauliques.<\/p>\n\n\n\n<h2 class=\"wp-block-heading\" id=\"h-propri-t-s\"><strong>PROPRI\u00c9T\u00c9S<\/strong><\/h2>\n\n\n\n<ul class=\"wp-block-list\">\n<li>Stabilit\u00e9 thermique exceptionnelle et r\u00e9sistance \u00e0 l'oxydation \u00e0 haute temp\u00e9rature<\/li>\n\n\n\n<li>Maintien de la r\u00e9sistance du film pour une lubrification fiable<\/li>\n\n\n\n<li>Stabilit\u00e9 exceptionnelle au cisaillement<\/li>\n\n\n\n<li>Excellente protection contre la rouille, les taches et la corrosion du cuivre et de ses alliages<\/li>\n\n\n\n<li>Protection exceptionnelle contre l'usure \u00e0 faible vitesse\/\u00e0 couple \u00e9lev\u00e9 et contre le grippage \u00e0 grande vitesse<\/li>\n\n\n\n<li>Propri\u00e9t\u00e9s de frottement am\u00e9lior\u00e9es<\/li>\n\n\n\n<li>R\u00e9duction de l'usure et allongement de la dur\u00e9e de vie des composants<\/li>\n<\/ul>\n\n\n\n<h2 class=\"wp-block-heading\" id=\"h-application\"><strong>APPLICATION<\/strong><\/h2>\n\n\n\n<p>Cette huile est principalement utilis\u00e9e dans les essieux arri\u00e8re hypo\u00efdes avec un m\u00e9canisme de glissement limit\u00e9, et les bo\u00eetes de transfert des voitures puissantes, des SUV et des transmissions int\u00e9grales (AWD). Convient aux applications SAE 75W90 et 75W85.<\/p>\n\n\n\n<h3 class=\"wp-block-heading\" id=\"h-sp-cifications\"><strong>SP\u00c9CIFICATIONS<\/strong><\/h3>\n\n\n\n<ul class=\"wp-block-list\">\n<li>API: GL 4+<\/li>\n\n\n\n<li>GL-5 \/ LS<\/li>\n\n\n\n<li>MIL: MIL-L-2105 E<\/li>\n\n\n\n<li>SCANIA STO 1.0 box<\/li>\n\n\n\n<li>MAN 341 Z2, 341 E3, 342 M3<\/li>\n\n\n\n<li>MB 235.8<\/li>\n\n\n\n<li>ZF TE-ML 02B, 05B, 07A, 08, 12B, 16F, 17B, 19C, 21B<\/li>\n\n\n\n<li>IVECO axles<\/li>\n\n\n\n<li>VOITH 3.325-340<\/li>\n\n\n\n<li>Arvin Meritor O-76N<\/li>\n\n\n\n<li>INTERNATIONAL TMS-6816<\/li>\n\n\n\n<li>DAF<\/li>\n<\/ul>\n\n\n\n<h3 class=\"wp-block-heading\" id=\"h-l-emballage\"><strong>L'EMBALLAGE<\/strong><\/h3>\n\n\n\n<p>12X1L, 4X4L, 4X5L, 20L, 60L, 208L<\/p>\n","protected":false},"excerpt":{"rendered":"<p>Lubrifiant synth\u00e9tique polyvalent pour engrenages automobiles X-TRAN 75W-90 GL4\/5 con\u00e7u pour r\u00e9pondre aux exigences de performance les plus \u00e9lev\u00e9es des v\u00e9hicules de tourisme modernes dans tous les types de conditions de fonctionnement. Compar\u00e9 aux lubrifiants hypo\u00efdes conventionnels pour engrenages, X-TRAN 75w90 GL4\/5 offre des performances exceptionnelles dans une large gamme de temp\u00e9ratures. Il peut \u00e9galement [&hellip;]<\/p>\n","protected":false},"author":1,"featured_media":0,"parent":756,"menu_order":0,"comment_status":"closed","ping_status":"closed","template":"product-page.php","meta":{"_acf_changed":false,"inline_featured_image":false,"footnotes":""},"class_list":["post-23129","page","type-page","status-publish","hentry"],"acf":[],"_links":{"self":[{"href":"https:\/\/xenum.com\/fr\/wp-json\/wp\/v2\/pages\/23129","targetHints":{"allow":["GET"]}}],"collection":[{"href":"https:\/\/xenum.com\/fr\/wp-json\/wp\/v2\/pages"}],"about":[{"href":"https:\/\/xenum.com\/fr\/wp-json\/wp\/v2\/types\/page"}],"author":[{"embeddable":true,"href":"https:\/\/xenum.com\/fr\/wp-json\/wp\/v2\/users\/1"}],"replies":[{"embeddable":true,"href":"https:\/\/xenum.com\/fr\/wp-json\/wp\/v2\/comments?post=23129"}],"version-history":[{"count":3,"href":"https:\/\/xenum.com\/fr\/wp-json\/wp\/v2\/pages\/23129\/revisions"}],"predecessor-version":[{"id":23153,"href":"https:\/\/xenum.com\/fr\/wp-json\/wp\/v2\/pages\/23129\/revisions\/23153"}],"up":[{"embeddable":true,"href":"https:\/\/xenum.com\/fr\/wp-json\/wp\/v2\/pages\/756"}],"wp:attachment":[{"href":"https:\/\/xenum.com\/fr\/wp-json\/wp\/v2\/media?parent=23129"}],"curies":[{"name":"wp","href":"https:\/\/api.w.org\/{rel}","templated":true}]}}