{"id":2235,"date":"2017-07-22T10:43:29","date_gmt":"2017-07-22T10:43:29","guid":{"rendered":"https:\/\/xenum.com\/?page_id=2235"},"modified":"2020-02-04T08:50:10","modified_gmt":"2020-02-04T08:50:10","slug":"petrol-multi-conditioner","status":"publish","type":"page","link":"https:\/\/xenum.com\/fr\/accueil\/produits\/additifs\/carburant\/essence-ameliorants\/petrol-multi-conditioner\/","title":{"rendered":"Petrol Multi Conditioner"},"content":{"rendered":"<p>PETROL MULTICONDITIONER est un additif essence multifonction. Son utilisation r\u00e9guli\u00e8re assure \u00e0 l\u2019ensemble du syst\u00e8me d\u2019alimentation en carburant le maintien de conditions optimales de fonctionnement tout en favorisant les performances maximales du moteur.<\/p>\n<p><strong>Avantages :<\/strong><\/p>\n<ul>\n<li>Nettoie et lubrifie les injecteurs, les soupapes et tout le syst\u00e8me d\u2019alimentation.<\/li>\n<li>Prot\u00e8ge le syst\u00e8me de carburation contre la corrosion et pr\u00e9vient l\u2019oxydation.<\/li>\n<li>Neutralise la condensation d\u2019eau dans le r\u00e9servoir.<\/li>\n<li>N\u2019affecte pas les catalyseurs.<\/li>\n<li>R\u00e9duit la consommation de carburant gr\u00e2ce au dosage pr\u00e9cis de l\u2019injection, ainsi qu\u2019une n\u00e9bulisation et une combustion efficaces.<\/li>\n<li>Les prestations du moteur sont optimis\u00e9es.<\/li>\n<li>Ralenti plus r\u00e9gulier.<\/li>\n<li>Dur\u00e9e de vie du moteur accrue.<\/li>\n<li>Diminution des \u00e9missions de fum\u00e9e ou autres gaz d\u2019\u00e9chappement potentiellement nuisibles.<\/li>\n<li>Utilisez 25 ml par 25 litres de carburant (1 :1000). Ajoutez avant le plein.<\/li>\n<\/ul>\n<p><strong>Application :<\/strong><\/p>\n<p>Convient pour tous types de moteurs \u00e0 essence, y compris la derni\u00e8re g\u00e9n\u00e9ration \u00e0 injection directe avec syst\u00e8mes de post-traitement des gaz d\u2019\u00e9chappement. Convient aussi pour les moteurs qui restent longtemps \u00e0 l\u2019arr\u00eat. Pprot\u00e8ge les composants contre la corrosion.<\/p>\n<p><strong>Conditionnement :<\/strong><\/p>\n<p>250 ML \u2013 REF. 3178250<\/p>\n","protected":false},"excerpt":{"rendered":"<p>PETROL MULTICONDITIONER est un additif essence multifonction. Son utilisation r\u00e9guli\u00e8re assure \u00e0 l\u2019ensemble du syst\u00e8me d\u2019alimentation en carburant le maintien de conditions optimales de fonctionnement tout en favorisant les performances maximales du moteur. Avantages : Nettoie et lubrifie les injecteurs, les soupapes et tout le syst\u00e8me d\u2019alimentation. Prot\u00e8ge le syst\u00e8me de carburation contre la corrosion [&hellip;]<\/p>\n","protected":false},"author":1,"featured_media":9322,"parent":2014,"menu_order":0,"comment_status":"closed","ping_status":"closed","template":"product-page.php","meta":{"_acf_changed":false,"inline_featured_image":false,"footnotes":""},"class_list":["post-2235","page","type-page","status-publish","has-post-thumbnail","hentry"],"acf":[],"_links":{"self":[{"href":"https:\/\/xenum.com\/fr\/wp-json\/wp\/v2\/pages\/2235","targetHints":{"allow":["GET"]}}],"collection":[{"href":"https:\/\/xenum.com\/fr\/wp-json\/wp\/v2\/pages"}],"about":[{"href":"https:\/\/xenum.com\/fr\/wp-json\/wp\/v2\/types\/page"}],"author":[{"embeddable":true,"href":"https:\/\/xenum.com\/fr\/wp-json\/wp\/v2\/users\/1"}],"replies":[{"embeddable":true,"href":"https:\/\/xenum.com\/fr\/wp-json\/wp\/v2\/comments?post=2235"}],"version-history":[{"count":4,"href":"https:\/\/xenum.com\/fr\/wp-json\/wp\/v2\/pages\/2235\/revisions"}],"predecessor-version":[{"id":8061,"href":"https:\/\/xenum.com\/fr\/wp-json\/wp\/v2\/pages\/2235\/revisions\/8061"}],"up":[{"embeddable":true,"href":"https:\/\/xenum.com\/fr\/wp-json\/wp\/v2\/pages\/2014"}],"wp:featuredmedia":[{"embeddable":true,"href":"https:\/\/xenum.com\/fr\/wp-json\/wp\/v2\/media\/9322"}],"wp:attachment":[{"href":"https:\/\/xenum.com\/fr\/wp-json\/wp\/v2\/media?parent=2235"}],"curies":[{"name":"wp","href":"https:\/\/api.w.org\/{rel}","templated":true}]}}