{"id":2219,"date":"2017-07-22T10:36:06","date_gmt":"2017-07-22T10:36:06","guid":{"rendered":"https:\/\/xenum.com\/?page_id=2219"},"modified":"2022-08-23T09:28:06","modified_gmt":"2022-08-23T08:28:06","slug":"octane-booster","status":"publish","type":"page","link":"https:\/\/xenum.com\/fr\/accueil\/produits\/additifs\/carburant\/essence-ameliorants\/octane-booster\/","title":{"rendered":"Octane Booster"},"content":{"rendered":"<p><strong>Maintenant en bouteille am\u00e9lior\u00e9e!<\/strong><\/p>\n<p>L\u2019Octane Booster est une combinaison d\u2019auto-m\u00e9lange d\u2019agents formul\u00e9s selon les additifs de pointe et la technologie du carburant. Am\u00e9liore la combustion du carburant et les performances g\u00e9n\u00e9rales des moteurs \u00e0 essence.<\/p>\n<h2><strong>Avantages<\/strong><\/h2>\n<ul>\n<li>Augmente l\u2019indice d\u2019octane de 2 \u00e0 5 points selon le RON de l\u2019essence.<\/li>\n<li>Plus grande puissance et souplesse du moteur.<\/li>\n<li>Aucun effet n\u00e9faste sur les convertisseurs catalytiques ou l\u2019environnement.<\/li>\n<li>R\u00e9duit et emp\u00eache le cliquetis du moteur.<\/li>\n<li>\u00c9vite des d\u00e9gats m\u00e9caniques provoqu\u00e9s par le cliquetis.<\/li>\n<li>R\u00e9duit les bruits haut moteur en pleine charge moteur.<\/li>\n<li>\u00c9conomique et facile \u00e0 utiliser (1:1000).<\/li>\n<li>Auto-m\u00e9lange.<\/li>\n<\/ul>\n<h2><strong>Application<\/strong><\/h2>\n<p>Adapt\u00e9 \u00e0 tous les moteurs d\u2019essence avec ou sans turbo y compris la derni\u00e8re g\u00e9n\u00e9ration d\u2019injection directe avec des syst\u00e8mes de traitement d\u2019\u00e9chappement. \u00c9galement utilisable pour moteurs plus anciens \u00e0 carburateurs.<\/p>\n<h3><strong>Conditionnement<\/strong><\/h3>\n<p>250 ML \u2013 REF. 3277250<\/p>\n","protected":false},"excerpt":{"rendered":"<p>Maintenant en bouteille am\u00e9lior\u00e9e! L\u2019Octane Booster est une combinaison d\u2019auto-m\u00e9lange d\u2019agents formul\u00e9s selon les additifs de pointe et la technologie du carburant. Am\u00e9liore la combustion du carburant et les performances g\u00e9n\u00e9rales des moteurs \u00e0 essence. Avantages Augmente l\u2019indice d\u2019octane de 2 \u00e0 5 points selon le RON de l\u2019essence. Plus grande puissance et souplesse du [&hellip;]<\/p>\n","protected":false},"author":1,"featured_media":18201,"parent":2014,"menu_order":0,"comment_status":"closed","ping_status":"closed","template":"product-page.php","meta":{"_acf_changed":false,"inline_featured_image":false,"footnotes":""},"class_list":["post-2219","page","type-page","status-publish","has-post-thumbnail","hentry"],"acf":[],"_links":{"self":[{"href":"https:\/\/xenum.com\/fr\/wp-json\/wp\/v2\/pages\/2219","targetHints":{"allow":["GET"]}}],"collection":[{"href":"https:\/\/xenum.com\/fr\/wp-json\/wp\/v2\/pages"}],"about":[{"href":"https:\/\/xenum.com\/fr\/wp-json\/wp\/v2\/types\/page"}],"author":[{"embeddable":true,"href":"https:\/\/xenum.com\/fr\/wp-json\/wp\/v2\/users\/1"}],"replies":[{"embeddable":true,"href":"https:\/\/xenum.com\/fr\/wp-json\/wp\/v2\/comments?post=2219"}],"version-history":[{"count":5,"href":"https:\/\/xenum.com\/fr\/wp-json\/wp\/v2\/pages\/2219\/revisions"}],"predecessor-version":[{"id":18218,"href":"https:\/\/xenum.com\/fr\/wp-json\/wp\/v2\/pages\/2219\/revisions\/18218"}],"up":[{"embeddable":true,"href":"https:\/\/xenum.com\/fr\/wp-json\/wp\/v2\/pages\/2014"}],"wp:featuredmedia":[{"embeddable":true,"href":"https:\/\/xenum.com\/fr\/wp-json\/wp\/v2\/media\/18201"}],"wp:attachment":[{"href":"https:\/\/xenum.com\/fr\/wp-json\/wp\/v2\/media?parent=2219"}],"curies":[{"name":"wp","href":"https:\/\/api.w.org\/{rel}","templated":true}]}}