{"id":21035,"date":"2023-03-16T09:10:04","date_gmt":"2023-03-16T08:10:04","guid":{"rendered":"https:\/\/xenum.com\/?page_id=21035"},"modified":"2023-08-07T23:06:16","modified_gmt":"2023-08-07T22:06:16","slug":"uv-tracer","status":"publish","type":"page","link":"https:\/\/xenum.com\/fr\/accueil\/produits\/entretien\/climatisation\/uv-tracer\/","title":{"rendered":"UV TRACER"},"content":{"rendered":"\n<p>Additif pour la d\u00e9tection des fuites dans les syst\u00e8mes de climatisation (HFC R-134A \/ HFO R-1234YF).<\/p>\n\n\n\n<h2 class=\"wp-block-heading\" id=\"h-caract-ristiques\"><strong><strong>Caract\u00e9ristiques<\/strong><\/strong><\/h2>\n\n\n\n<ul class=\"wp-block-list\">\n<li>D\u00e9tection des fuites de gaz<\/li>\n\n\n\n<li>Utilisation s\u00fbre<\/li>\n\n\n\n<li>Convivialit\u00e9<\/li>\n<\/ul>\n\n\n\n<h2 class=\"wp-block-heading\" id=\"h-application\"><strong><strong>Application<\/strong><\/strong><\/h2>\n\n\n\n<p>Utiliser 7,5 ml par tour. Versez l'additif dans le syst\u00e8me d'air. Mettez le syst\u00e8me en marche et laissez-le fonctionner pendant 30 minutes. Recherchez la fuite \u00e0 l'aide d'une lampe UV et de lunettes de protection. Une fuite appara\u00eet fluorescente. Le produit n'est pas dangereux, mais utilisez ce produit avec des gants de protection et des lunettes UV pour rechercher les fuites avec une lampe UV.<\/p>\n\n\n\n<h2 class=\"wp-block-heading\" id=\"h-disponible-en\"><strong>Disponible en<\/strong><\/h2>\n\n\n\n<p>250ml<\/p>\n","protected":false},"excerpt":{"rendered":"<p>Additif pour la d\u00e9tection des fuites dans les syst\u00e8mes de climatisation (HFC R-134A \/ HFO R-1234YF). Caract\u00e9ristiques Application Utiliser 7,5 ml par tour. Versez l'additif dans le syst\u00e8me d'air. Mettez le syst\u00e8me en marche et laissez-le fonctionner pendant 30 minutes. Recherchez la fuite \u00e0 l'aide d'une lampe UV et de lunettes de protection. Une fuite [&hellip;]<\/p>\n","protected":false},"author":1,"featured_media":22630,"parent":2354,"menu_order":0,"comment_status":"closed","ping_status":"closed","template":"product-page.php","meta":{"_acf_changed":false,"inline_featured_image":false,"footnotes":""},"class_list":["post-21035","page","type-page","status-publish","has-post-thumbnail","hentry"],"acf":[],"_links":{"self":[{"href":"https:\/\/xenum.com\/fr\/wp-json\/wp\/v2\/pages\/21035","targetHints":{"allow":["GET"]}}],"collection":[{"href":"https:\/\/xenum.com\/fr\/wp-json\/wp\/v2\/pages"}],"about":[{"href":"https:\/\/xenum.com\/fr\/wp-json\/wp\/v2\/types\/page"}],"author":[{"embeddable":true,"href":"https:\/\/xenum.com\/fr\/wp-json\/wp\/v2\/users\/1"}],"replies":[{"embeddable":true,"href":"https:\/\/xenum.com\/fr\/wp-json\/wp\/v2\/comments?post=21035"}],"version-history":[{"count":3,"href":"https:\/\/xenum.com\/fr\/wp-json\/wp\/v2\/pages\/21035\/revisions"}],"predecessor-version":[{"id":23831,"href":"https:\/\/xenum.com\/fr\/wp-json\/wp\/v2\/pages\/21035\/revisions\/23831"}],"up":[{"embeddable":true,"href":"https:\/\/xenum.com\/fr\/wp-json\/wp\/v2\/pages\/2354"}],"wp:featuredmedia":[{"embeddable":true,"href":"https:\/\/xenum.com\/fr\/wp-json\/wp\/v2\/media\/22630"}],"wp:attachment":[{"href":"https:\/\/xenum.com\/fr\/wp-json\/wp\/v2\/media?parent=21035"}],"curies":[{"name":"wp","href":"https:\/\/api.w.org\/{rel}","templated":true}]}}