{"id":1759,"date":"2017-07-21T09:13:15","date_gmt":"2017-07-21T09:13:15","guid":{"rendered":"https:\/\/xenum.com\/?page_id=1759"},"modified":"2020-02-04T10:00:21","modified_gmt":"2020-02-04T10:00:21","slug":"diesel-multi-conditioner","status":"publish","type":"page","link":"https:\/\/xenum.com\/fr\/accueil\/produits\/additifs\/carburant\/diesel-ameliorants\/diesel-multi-conditioner\/","title":{"rendered":"Diesel Multi Conditioner"},"content":{"rendered":"<p>Additif multifonction pour diesel, assurant une augmentation g\u00e9n\u00e9rale des performances du moteur ainsi qu\u2019un fonctionnement optimal des syst\u00e8mes de traitement des fum\u00e9es de l\u2019\u00e9chappement.<\/p>\n<h2><strong>Avantages<\/strong><\/h2>\n<ul>\n<li>Puissance accrue.<\/li>\n<li>Diminution de la consommation de carburant gr\u00e2ce \u00e0 une hausse de l\u2019indice c\u00e9tane du carburant diesel, ce qui assure une puissante combustion r\u00e9guli\u00e8re avec comme r\u00e9sultat une puissance moteur optimale.<\/li>\n<li>Nettoie et lubrifie les injecteurs et pr\u00e9vient leur d\u00e9fection ou leur grippage.<\/li>\n<li>Ralenti plus r\u00e9gulier.<\/li>\n<li>Moins d\u2019\u00e9mission de fum\u00e9e, de gaz d\u2019\u00e9chappement nocifs et de CO2.<\/li>\n<li>Prot\u00e8ge le syst\u00e8me de combustion contre la corrosion et l\u2019usure.<\/li>\n<li>Emp\u00eache la d\u00e9t\u00e9rioration du syst\u00e8me EGR.<\/li>\n<li>Emp\u00eache les obturations et r\u00e9g\u00e9n\u00e8re le filtre \u00e0 suie (DPF\/FAP).<\/li>\n<li>Neutralise l\u2019eau du r\u00e9servoir \u00e0 carburant.<\/li>\n<\/ul>\n<h2><strong>Application<\/strong><\/h2>\n<p>Convient pour tous les moteurs diesel, m\u00eame pour la toute derni\u00e8re g\u00e9n\u00e9ration avec EGR, FAP et catalyseur. Pour v\u00e9hicules particuliers et pour les gros moteurs diesel de camions et autres engins lourds.<\/p>\n<h3><strong>Conditionnement<\/strong><\/h3>\n<ul>\n<li>250 ML - REF. 3185250<\/li>\n<li>1 L - REF. 3109001<\/li>\n<li>5 L - REF. 3031005<\/li>\n<li>60 L - REF. 3031060<\/li>\n<li>200 L - REF. 3031200<\/li>\n<\/ul>\n","protected":false},"excerpt":{"rendered":"<p>Additif multifonction pour diesel, assurant une augmentation g\u00e9n\u00e9rale des performances du moteur ainsi qu\u2019un fonctionnement optimal des syst\u00e8mes de traitement des fum\u00e9es de l\u2019\u00e9chappement. Avantages Puissance accrue. Diminution de la consommation de carburant gr\u00e2ce \u00e0 une hausse de l\u2019indice c\u00e9tane du carburant diesel, ce qui assure une puissante combustion r\u00e9guli\u00e8re avec comme r\u00e9sultat une puissance [&hellip;]<\/p>\n","protected":false},"author":1,"featured_media":9324,"parent":1209,"menu_order":0,"comment_status":"closed","ping_status":"closed","template":"product-page.php","meta":{"_acf_changed":false,"inline_featured_image":false,"footnotes":""},"class_list":["post-1759","page","type-page","status-publish","has-post-thumbnail","hentry"],"acf":[],"_links":{"self":[{"href":"https:\/\/xenum.com\/fr\/wp-json\/wp\/v2\/pages\/1759","targetHints":{"allow":["GET"]}}],"collection":[{"href":"https:\/\/xenum.com\/fr\/wp-json\/wp\/v2\/pages"}],"about":[{"href":"https:\/\/xenum.com\/fr\/wp-json\/wp\/v2\/types\/page"}],"author":[{"embeddable":true,"href":"https:\/\/xenum.com\/fr\/wp-json\/wp\/v2\/users\/1"}],"replies":[{"embeddable":true,"href":"https:\/\/xenum.com\/fr\/wp-json\/wp\/v2\/comments?post=1759"}],"version-history":[{"count":5,"href":"https:\/\/xenum.com\/fr\/wp-json\/wp\/v2\/pages\/1759\/revisions"}],"predecessor-version":[{"id":7912,"href":"https:\/\/xenum.com\/fr\/wp-json\/wp\/v2\/pages\/1759\/revisions\/7912"}],"up":[{"embeddable":true,"href":"https:\/\/xenum.com\/fr\/wp-json\/wp\/v2\/pages\/1209"}],"wp:featuredmedia":[{"embeddable":true,"href":"https:\/\/xenum.com\/fr\/wp-json\/wp\/v2\/media\/9324"}],"wp:attachment":[{"href":"https:\/\/xenum.com\/fr\/wp-json\/wp\/v2\/media?parent=1759"}],"curies":[{"name":"wp","href":"https:\/\/api.w.org\/{rel}","templated":true}]}}