{"id":1727,"date":"2017-07-21T08:55:59","date_gmt":"2017-07-21T08:55:59","guid":{"rendered":"https:\/\/xenum.com\/?page_id=1727"},"modified":"2019-09-18T16:35:02","modified_gmt":"2019-09-18T16:35:02","slug":"x-treme-winter-d","status":"publish","type":"page","link":"https:\/\/xenum.com\/fr\/accueil\/produits\/additifs\/carburant\/diesel-ameliorants\/x-treme-winter-d\/","title":{"rendered":"X-TREME Winter D"},"content":{"rendered":"<p>Additif carburant diesel contribuant \u00e0 une meilleur fluidit\u00e9 du carburant diesel en cas de tr\u00e8s basse temp\u00e9rature allant jusqu\u2019\u00e0 -30\u00b0C. L\u2019utilisation de X-TREME WINTER D pr\u00e9viendra la formation de cristaux paraffin\u00e9s dans les conduites, le r\u00e9servoir et les filtres \u00e0 carburant.<\/p>\n<h2><strong>Avantages<\/strong><\/h2>\n<ul>\n<li>Meilleure fluidit\u00e9 du carburant diesel lors de temp\u00e9ratures tr\u00e8s basses.<\/li>\n<li>Offre une protection jusqu\u2019\u00e0 des temp\u00e9ratures de -30\u00b0C.<\/li>\n<li>Am\u00e9liore la fiabilit\u00e9 et les prestations dans des circonstances hivernales.<\/li>\n<li>Convient pour tous les carburants diesel DIN EN 590.<\/li>\n<li>Utilisation ais\u00e9e et \u00e9conomique.<\/li>\n<\/ul>\n<h2><strong>Application<\/strong><\/h2>\n<p>Convient pour tous les moteurs diesel, \u00e9galement pour les moteurs \u00e9quip\u00e9s de FAP.<\/p>\n<h3><strong>Conditionnement<\/strong><\/h3>\n<p>250 ML \u2013 REF. 3055250<\/p>\n<p>1 L \u2013 REF. 3307001<\/p>\n<p>60 L \u2013 REF. 3055060<\/p>\n<p>200 L \u2013 REF. 3055200<\/p>\n","protected":false},"excerpt":{"rendered":"<p>Additif carburant diesel contribuant \u00e0 une meilleur fluidit\u00e9 du carburant diesel en cas de tr\u00e8s basse temp\u00e9rature allant jusqu\u2019\u00e0 -30\u00b0C. L\u2019utilisation de X-TREME WINTER D pr\u00e9viendra la formation de cristaux paraffin\u00e9s dans les conduites, le r\u00e9servoir et les filtres \u00e0 carburant. Avantages Meilleure fluidit\u00e9 du carburant diesel lors de temp\u00e9ratures tr\u00e8s basses. Offre une protection [&hellip;]<\/p>\n","protected":false},"author":1,"featured_media":7836,"parent":1209,"menu_order":0,"comment_status":"closed","ping_status":"closed","template":"product-page.php","meta":{"_acf_changed":false,"inline_featured_image":false,"footnotes":""},"class_list":["post-1727","page","type-page","status-publish","has-post-thumbnail","hentry"],"acf":[],"_links":{"self":[{"href":"https:\/\/xenum.com\/fr\/wp-json\/wp\/v2\/pages\/1727","targetHints":{"allow":["GET"]}}],"collection":[{"href":"https:\/\/xenum.com\/fr\/wp-json\/wp\/v2\/pages"}],"about":[{"href":"https:\/\/xenum.com\/fr\/wp-json\/wp\/v2\/types\/page"}],"author":[{"embeddable":true,"href":"https:\/\/xenum.com\/fr\/wp-json\/wp\/v2\/users\/1"}],"replies":[{"embeddable":true,"href":"https:\/\/xenum.com\/fr\/wp-json\/wp\/v2\/comments?post=1727"}],"version-history":[{"count":5,"href":"https:\/\/xenum.com\/fr\/wp-json\/wp\/v2\/pages\/1727\/revisions"}],"predecessor-version":[{"id":9072,"href":"https:\/\/xenum.com\/fr\/wp-json\/wp\/v2\/pages\/1727\/revisions\/9072"}],"up":[{"embeddable":true,"href":"https:\/\/xenum.com\/fr\/wp-json\/wp\/v2\/pages\/1209"}],"wp:featuredmedia":[{"embeddable":true,"href":"https:\/\/xenum.com\/fr\/wp-json\/wp\/v2\/media\/7836"}],"wp:attachment":[{"href":"https:\/\/xenum.com\/fr\/wp-json\/wp\/v2\/media?parent=1727"}],"curies":[{"name":"wp","href":"https:\/\/api.w.org\/{rel}","templated":true}]}}