{"id":1711,"date":"2017-07-21T08:43:50","date_gmt":"2017-07-21T08:43:50","guid":{"rendered":"https:\/\/xenum.com\/?page_id=1711"},"modified":"2022-07-12T10:44:07","modified_gmt":"2022-07-12T09:44:07","slug":"x-flush","status":"publish","type":"page","link":"https:\/\/xenum.com\/fr\/accueil\/produits\/additifs\/carburant\/diesel-nettoyants\/x-flush\/","title":{"rendered":"X-Flush Diesel"},"content":{"rendered":"<p>Produit tr\u00e8s efficace, qui enl\u00e8ve directement les d\u00e9p\u00f4ts des injecteurs, de la pompe d\u2019injection et des chambres de combustion. Am\u00e9liore l\u2019injection de carburant et les performances g\u00e9n\u00e9rales des moteurs diesel.<\/p>\n<p><strong>Avantages :<\/strong><\/p>\n<ul>\n<li>Fonctionnement am\u00e9lior\u00e9 du moteur, diminution de bruit et de vibrations.<\/li>\n<li>\u00c9conomie de carburant.<\/li>\n<li>Augmente le rendement et la puissance.<\/li>\n<li>Am\u00e9liore la fiabilit\u00e9.<\/li>\n<li>R\u00e9duit les \u00e9missions toxiques et fum\u00e9es.<\/li>\n<li>R\u00e9sultats imm\u00e9diats.<\/li>\n<li>Inoffensif pour le catalyseur et le FAP.<\/li>\n<li>Assure la propret\u00e9 du syst\u00e8me EGR et aide \u00e0 r\u00e9g\u00e9n\u00e9rer le FAP.<\/li>\n<\/ul>\n<p><strong>Application :<\/strong><\/p>\n<p>Utilisation en traitement pr\u00e9ventif et curatif des probl\u00e8mes. Pour tous types de moteurs diesel y compris la derni\u00e8re g\u00e9n\u00e9ration avec catalyseur et FAP.<\/p>\n<p><strong>Conditionnement :<\/strong><\/p>\n<ul>\n<li>500 ML CAN - REF. 3062500<\/li>\n<li>5 L \u2013 REF. 3062005<\/li>\n<\/ul>\n","protected":false},"excerpt":{"rendered":"<p>Produit tr\u00e8s efficace, qui enl\u00e8ve directement les d\u00e9p\u00f4ts des injecteurs, de la pompe d\u2019injection et des chambres de combustion. Am\u00e9liore l\u2019injection de carburant et les performances g\u00e9n\u00e9rales des moteurs diesel. Avantages : Fonctionnement am\u00e9lior\u00e9 du moteur, diminution de bruit et de vibrations. \u00c9conomie de carburant. Augmente le rendement et la puissance. Am\u00e9liore la fiabilit\u00e9. R\u00e9duit [&hellip;]<\/p>\n","protected":false},"author":1,"featured_media":23628,"parent":1179,"menu_order":0,"comment_status":"closed","ping_status":"closed","template":"product-page.php","meta":{"_acf_changed":false,"inline_featured_image":false,"footnotes":""},"class_list":["post-1711","page","type-page","status-publish","has-post-thumbnail","hentry"],"acf":[],"_links":{"self":[{"href":"https:\/\/xenum.com\/fr\/wp-json\/wp\/v2\/pages\/1711","targetHints":{"allow":["GET"]}}],"collection":[{"href":"https:\/\/xenum.com\/fr\/wp-json\/wp\/v2\/pages"}],"about":[{"href":"https:\/\/xenum.com\/fr\/wp-json\/wp\/v2\/types\/page"}],"author":[{"embeddable":true,"href":"https:\/\/xenum.com\/fr\/wp-json\/wp\/v2\/users\/1"}],"replies":[{"embeddable":true,"href":"https:\/\/xenum.com\/fr\/wp-json\/wp\/v2\/comments?post=1711"}],"version-history":[{"count":6,"href":"https:\/\/xenum.com\/fr\/wp-json\/wp\/v2\/pages\/1711\/revisions"}],"predecessor-version":[{"id":18133,"href":"https:\/\/xenum.com\/fr\/wp-json\/wp\/v2\/pages\/1711\/revisions\/18133"}],"up":[{"embeddable":true,"href":"https:\/\/xenum.com\/fr\/wp-json\/wp\/v2\/pages\/1179"}],"wp:featuredmedia":[{"embeddable":true,"href":"https:\/\/xenum.com\/fr\/wp-json\/wp\/v2\/media\/23628"}],"wp:attachment":[{"href":"https:\/\/xenum.com\/fr\/wp-json\/wp\/v2\/media?parent=1711"}],"curies":[{"name":"wp","href":"https:\/\/api.w.org\/{rel}","templated":true}]}}