{"id":1697,"date":"2017-07-21T08:33:31","date_gmt":"2017-07-21T08:33:31","guid":{"rendered":"https:\/\/xenum.com\/?page_id=1697"},"modified":"2020-11-19T11:24:43","modified_gmt":"2020-11-19T11:24:43","slug":"complex-diesel-system-cleaner","status":"publish","type":"page","link":"https:\/\/xenum.com\/fr\/accueil\/produits\/additifs\/carburant\/diesel-nettoyants\/complex-diesel-system-cleaner\/","title":{"rendered":"Complex Diesel System Cleaner"},"content":{"rendered":"<p>Am\u00e9lioration de l\u2019injection du carburant, augmentation globale des performances de moteurs diesel et fonctionnement optimal de syst\u00e8mes de traitement.<\/p>\n<h2><strong>Avantages<\/strong><\/h2>\n<ul>\n<li>Nettoie et lubrifie injecteurs et syst\u00e8mes carburants.<\/li>\n<li>Maintient les syst\u00e8mes EGR et FAP propre.<\/li>\n<li>Neutralise l\u2019eau dans le r\u00e9servoir de carburant.<\/li>\n<li>Prot\u00e8ge le syst\u00e8me de combustion contre la corrosion.<\/li>\n<li>Prot\u00e8ge les pompes \u00e0 injection contre l\u2019usure.<\/li>\n<li>Emp\u00eache le grippage des injecteurs.<\/li>\n<li>Augmentation de l\u2019indice c\u00e9tane du carburant diesel.<\/li>\n<li>Une plus grande \u00e9conomie de carburant.<\/li>\n<li>Augmentation de la fiabilit\u00e9 du moteur.<\/li>\n<li>Diminution d\u2019\u00e9missions nocives et de fum\u00e9es.<\/li>\n<\/ul>\n<h2><strong>Application<\/strong><\/h2>\n<ul>\n<li>A utiliser pour la pr\u00e9vention et la r\u00e9solution de probl\u00e8mes.<\/li>\n<li>Convient pour tous les moteurs diesel.<\/li>\n<\/ul>\n<h3><strong>Conditionnement<\/strong><\/h3>\n<p>300 ML CAN \u2013 REF. 3031301<\/p>\n","protected":false},"excerpt":{"rendered":"<p>Am\u00e9lioration de l\u2019injection du carburant, augmentation globale des performances de moteurs diesel et fonctionnement optimal de syst\u00e8mes de traitement. Avantages Nettoie et lubrifie injecteurs et syst\u00e8mes carburants. Maintient les syst\u00e8mes EGR et FAP propre. Neutralise l\u2019eau dans le r\u00e9servoir de carburant. Prot\u00e8ge le syst\u00e8me de combustion contre la corrosion. Prot\u00e8ge les pompes \u00e0 injection contre [&hellip;]<\/p>\n","protected":false},"author":1,"featured_media":25307,"parent":1179,"menu_order":0,"comment_status":"closed","ping_status":"closed","template":"product-page.php","meta":{"_acf_changed":false,"inline_featured_image":false,"footnotes":""},"class_list":["post-1697","page","type-page","status-publish","has-post-thumbnail","hentry"],"acf":[],"_links":{"self":[{"href":"https:\/\/xenum.com\/fr\/wp-json\/wp\/v2\/pages\/1697","targetHints":{"allow":["GET"]}}],"collection":[{"href":"https:\/\/xenum.com\/fr\/wp-json\/wp\/v2\/pages"}],"about":[{"href":"https:\/\/xenum.com\/fr\/wp-json\/wp\/v2\/types\/page"}],"author":[{"embeddable":true,"href":"https:\/\/xenum.com\/fr\/wp-json\/wp\/v2\/users\/1"}],"replies":[{"embeddable":true,"href":"https:\/\/xenum.com\/fr\/wp-json\/wp\/v2\/comments?post=1697"}],"version-history":[{"count":6,"href":"https:\/\/xenum.com\/fr\/wp-json\/wp\/v2\/pages\/1697\/revisions"}],"predecessor-version":[{"id":9127,"href":"https:\/\/xenum.com\/fr\/wp-json\/wp\/v2\/pages\/1697\/revisions\/9127"}],"up":[{"embeddable":true,"href":"https:\/\/xenum.com\/fr\/wp-json\/wp\/v2\/pages\/1179"}],"wp:featuredmedia":[{"embeddable":true,"href":"https:\/\/xenum.com\/fr\/wp-json\/wp\/v2\/media\/25307"}],"wp:attachment":[{"href":"https:\/\/xenum.com\/fr\/wp-json\/wp\/v2\/media?parent=1697"}],"curies":[{"name":"wp","href":"https:\/\/api.w.org\/{rel}","templated":true}]}}