{"id":1639,"date":"2017-07-20T17:40:01","date_gmt":"2017-07-20T17:40:01","guid":{"rendered":"https:\/\/xenum.com\/?page_id=1639"},"modified":"2019-08-02T11:29:45","modified_gmt":"2019-08-02T11:29:45","slug":"in-out-diesel","status":"publish","type":"page","link":"https:\/\/xenum.com\/fr\/accueil\/produits\/additifs\/carburant\/diesel-nettoyants\/in-out-diesel\/","title":{"rendered":"IN &#038; OUT Diesel"},"content":{"rendered":"<p>IN &amp; OUT Diesel est un produit professionnel de nouvelle g\u00e9n\u00e9ration \u00e0 double champ d\u2019action pour les moteurs diesel, bas\u00e9 sur la derni\u00e8re technologie NEXGEN\u2122:<\/p>\n<ul>\n<li>Nettoie en profondeur le filtre \u00e0 particules diesel, le pot catalytique, ainsi que le turbocompresseur et ses lamelles de g\u00e9om\u00e9trie variable.<\/li>\n<li>Un puissant additif d\u00e9tergent nettoiera compl\u00e8tement la pompe d\u2019injection et les injecteurs.<\/li>\n<\/ul>\n<h2><strong>Avantages<\/strong><\/h2>\n<ul>\n<li>Puissance accrue, am\u00e9lioration dynamique du moteur.<\/li>\n<li>Plus grande \u00e9conomie de carburant.<\/li>\n<li>Souplesse du moteur, diminution du bruit et des vibrations.<\/li>\n<li>Augmentation de la fiabilit\u00e9 du moteur et du turbo compresseur.<\/li>\n<li>Meilleur fonctionnement du syst\u00e8me FAP et catalyseur.<\/li>\n<li>R\u00e9duit les \u00e9missions toxiques et les fum\u00e9es.<\/li>\n<\/ul>\n<h2><strong>Application<\/strong><\/h2>\n<p>Convient pour tous types de moteur diesel, y compris la derni\u00e8re g\u00e9n\u00e9ration avec EGR, FAP et catalyseur. Ce traitement n\u2019exige aucun d\u00e9montage.<\/p>\n<h3><strong>Conditionnement<\/strong><\/h3>\n<p>1.5 L \u2013 REF. 3192015<\/p>\n","protected":false},"excerpt":{"rendered":"<p>IN &amp; OUT Diesel est un produit professionnel de nouvelle g\u00e9n\u00e9ration \u00e0 double champ d\u2019action pour les moteurs diesel, bas\u00e9 sur la derni\u00e8re technologie NEXGEN\u2122: Nettoie en profondeur le filtre \u00e0 particules diesel, le pot catalytique, ainsi que le turbocompresseur et ses lamelles de g\u00e9om\u00e9trie variable. Un puissant additif d\u00e9tergent nettoiera compl\u00e8tement la pompe d\u2019injection [&hellip;]<\/p>\n","protected":false},"author":1,"featured_media":9048,"parent":1179,"menu_order":0,"comment_status":"closed","ping_status":"closed","template":"product-page.php","meta":{"_acf_changed":false,"inline_featured_image":false,"footnotes":""},"class_list":["post-1639","page","type-page","status-publish","has-post-thumbnail","hentry"],"acf":[],"_links":{"self":[{"href":"https:\/\/xenum.com\/fr\/wp-json\/wp\/v2\/pages\/1639","targetHints":{"allow":["GET"]}}],"collection":[{"href":"https:\/\/xenum.com\/fr\/wp-json\/wp\/v2\/pages"}],"about":[{"href":"https:\/\/xenum.com\/fr\/wp-json\/wp\/v2\/types\/page"}],"author":[{"embeddable":true,"href":"https:\/\/xenum.com\/fr\/wp-json\/wp\/v2\/users\/1"}],"replies":[{"embeddable":true,"href":"https:\/\/xenum.com\/fr\/wp-json\/wp\/v2\/comments?post=1639"}],"version-history":[{"count":7,"href":"https:\/\/xenum.com\/fr\/wp-json\/wp\/v2\/pages\/1639\/revisions"}],"predecessor-version":[{"id":7944,"href":"https:\/\/xenum.com\/fr\/wp-json\/wp\/v2\/pages\/1639\/revisions\/7944"}],"up":[{"embeddable":true,"href":"https:\/\/xenum.com\/fr\/wp-json\/wp\/v2\/pages\/1179"}],"wp:featuredmedia":[{"embeddable":true,"href":"https:\/\/xenum.com\/fr\/wp-json\/wp\/v2\/media\/9048"}],"wp:attachment":[{"href":"https:\/\/xenum.com\/fr\/wp-json\/wp\/v2\/media?parent=1639"}],"curies":[{"name":"wp","href":"https:\/\/api.w.org\/{rel}","templated":true}]}}