{"id":1566,"date":"2017-07-19T14:42:33","date_gmt":"2017-07-19T14:42:33","guid":{"rendered":"https:\/\/xenum.com\/?page_id=1566"},"modified":"2019-08-02T12:41:20","modified_gmt":"2019-08-02T12:41:20","slug":"mg-gear","status":"publish","type":"page","link":"https:\/\/xenum.com\/fr\/accueil\/produits\/additifs\/transmission\/mg-gear\/","title":{"rendered":"MG GEAR"},"content":{"rendered":"<p>MG GEAR est un additif de derni\u00e8re g\u00e9n\u00e9ration pour l\u2019huile de transmission, r\u00e9duisant fortement l\u2019usure et la friction. Contient du Carbone Graphite et Mo-complexe (Molybd\u00e8ne liquide). Forme une solide protection en cas de pressions et de charges importantes.<\/p>\n<h2><strong>Avantages<\/strong><\/h2>\n<ul>\n<li>Changements de vitesses plus souples et plus rapides.<\/li>\n<li>Renforce la puissance optimale.<\/li>\n<li>Diminution des bruits lors du changement de vitesse.<\/li>\n<li>Diminution de l\u2019usure et dur\u00e9e de vie accrue de la transmission.<\/li>\n<\/ul>\n<h2><strong>Application<\/strong><\/h2>\n<p>Convient pour toutes les transmissions manuelles, assist\u00e9es et diff\u00e9rentielles. Etant donn\u00e9 la diminution de la friction, l\u2019additif n\u2019est pas con\u00e7u pour \u00eatre utilis\u00e9 dans les transmissions compl\u00e8tement automatiques ou dans les transmissions avec couplage humide (DSG, Powershift, etc.).<\/p>\n<h2><strong>Conditionnement<\/strong><\/h2>\n<p>100 ML TUBE \u2013 REF. 3383100<\/p>\n","protected":false},"excerpt":{"rendered":"<p>MG GEAR est un additif de derni\u00e8re g\u00e9n\u00e9ration pour l\u2019huile de transmission, r\u00e9duisant fortement l\u2019usure et la friction. Contient du Carbone Graphite et Mo-complexe (Molybd\u00e8ne liquide). Forme une solide protection en cas de pressions et de charges importantes. Avantages Changements de vitesses plus souples et plus rapides. Renforce la puissance optimale. Diminution des bruits lors [&hellip;]<\/p>\n","protected":false},"author":1,"featured_media":25317,"parent":1102,"menu_order":0,"comment_status":"closed","ping_status":"closed","template":"product-page.php","meta":{"_acf_changed":false,"inline_featured_image":false,"footnotes":""},"class_list":["post-1566","page","type-page","status-publish","has-post-thumbnail","hentry"],"acf":[],"_links":{"self":[{"href":"https:\/\/xenum.com\/fr\/wp-json\/wp\/v2\/pages\/1566","targetHints":{"allow":["GET"]}}],"collection":[{"href":"https:\/\/xenum.com\/fr\/wp-json\/wp\/v2\/pages"}],"about":[{"href":"https:\/\/xenum.com\/fr\/wp-json\/wp\/v2\/types\/page"}],"author":[{"embeddable":true,"href":"https:\/\/xenum.com\/fr\/wp-json\/wp\/v2\/users\/1"}],"replies":[{"embeddable":true,"href":"https:\/\/xenum.com\/fr\/wp-json\/wp\/v2\/comments?post=1566"}],"version-history":[{"count":6,"href":"https:\/\/xenum.com\/fr\/wp-json\/wp\/v2\/pages\/1566\/revisions"}],"predecessor-version":[{"id":8021,"href":"https:\/\/xenum.com\/fr\/wp-json\/wp\/v2\/pages\/1566\/revisions\/8021"}],"up":[{"embeddable":true,"href":"https:\/\/xenum.com\/fr\/wp-json\/wp\/v2\/pages\/1102"}],"wp:featuredmedia":[{"embeddable":true,"href":"https:\/\/xenum.com\/fr\/wp-json\/wp\/v2\/media\/25317"}],"wp:attachment":[{"href":"https:\/\/xenum.com\/fr\/wp-json\/wp\/v2\/media?parent=1566"}],"curies":[{"name":"wp","href":"https:\/\/api.w.org\/{rel}","templated":true}]}}