{"id":1549,"date":"2017-07-19T14:30:42","date_gmt":"2017-07-19T14:30:42","guid":{"rendered":"https:\/\/xenum.com\/?page_id=1549"},"modified":"2021-10-01T08:11:38","modified_gmt":"2021-10-01T08:11:38","slug":"vrx-gear","status":"publish","type":"page","link":"https:\/\/xenum.com\/fr\/accueil\/produits\/additifs\/transmission\/vrx-gear\/","title":{"rendered":"VRX GEAR"},"content":{"rendered":"<div class=\"wpb_column vc_column_container vc_col-sm-8\">\n<div class=\"vc_column-inner \">\n<div class=\"wpb_wrapper\">\n<div class=\"wpb_tabstabs_holder clearfix\" data-interval=\"0\">\n<div class=\"q_tabs horizontal\">\n<div class=\"tabs-container\">\n<div id=\"tab-1401784493-1-97\" class=\"tab-content\">\n<div class=\"wpb_text_column wpb_content_element \">\n<div class=\"wpb_wrapper\">\n<p>VRX GEAR est un additif de derni\u00e8re g\u00e9n\u00e9ration, fruit des technologies modernes, destin\u00e9 \u00e0 \u00eatre utilis\u00e9 dans les transmissions manuelles, assist\u00e9es et diff\u00e9rentielles. Gr\u00e2ce \u00e0 l\u2019utilisation de particules de surface actives et micro-c\u00e9ramiques dans une solution d\u2019huile ester, on obtient une tr\u00e8s puissante protection contre les temp\u00e9ratures et les pressions \u00e9lev\u00e9es. Ces particules font baisser le coefficient de friction et r\u00e9sistent aux plus hautes temp\u00e9ratures tout en diminuant fortement l\u2019usure.<\/p>\n<p><strong>Avantages :<\/strong><\/p>\n<ul>\n<li>Economie de carburant.<\/li>\n<li>Passage des vitesses plus souple et plus rapide.<\/li>\n<li>Permet d\u2019obtenir une puissance optimale.<\/li>\n<li>Moins de bruits de cliquetis.<\/li>\n<li>Diminution de l\u2019usure et dur\u00e9e de vie accrue de la transmission.<\/li>\n<\/ul>\n<p><strong>Application :<\/strong><\/p>\n<p>Applicable \u00e0 toutes les transmissions manuelles, assist\u00e9es et diff\u00e9rentielles. Etant donn\u00e9 la diminution de la friction, l\u2019additif ne peut \u00eatre utilis\u00e9 pour des transmissions compl\u00e8tement automatiques ou pour des transmissions avec couplage humide (DSG, Powershift, etc.).<\/p>\n<p><strong>Conditionnement :<\/strong><\/p>\n<p>100 ML TUBE \u2013 REF. 3130100<\/p>\n<p>1 L BOTTLE \u2013 REF. 3291001<\/p>\n<\/div>\n<\/div>\n<\/div>\n<\/div>\n<\/div>\n<\/div>\n<\/div>\n<\/div>\n<\/div>\n<div class=\"wpb_column vc_column_container vc_col-sm-4\"><\/div>\n","protected":false},"excerpt":{"rendered":"<p>VRX GEAR est un additif de derni\u00e8re g\u00e9n\u00e9ration, fruit des technologies modernes, destin\u00e9 \u00e0 \u00eatre utilis\u00e9 dans les transmissions manuelles, assist\u00e9es et diff\u00e9rentielles. Gr\u00e2ce \u00e0 l\u2019utilisation de particules de surface actives et micro-c\u00e9ramiques dans une solution d\u2019huile ester, on obtient une tr\u00e8s puissante protection contre les temp\u00e9ratures et les pressions \u00e9lev\u00e9es. Ces particules font baisser [&hellip;]<\/p>\n","protected":false},"author":1,"featured_media":11294,"parent":1102,"menu_order":0,"comment_status":"closed","ping_status":"closed","template":"product-page.php","meta":{"_acf_changed":false,"inline_featured_image":false,"footnotes":""},"class_list":["post-1549","page","type-page","status-publish","has-post-thumbnail","hentry"],"acf":[],"_links":{"self":[{"href":"https:\/\/xenum.com\/fr\/wp-json\/wp\/v2\/pages\/1549","targetHints":{"allow":["GET"]}}],"collection":[{"href":"https:\/\/xenum.com\/fr\/wp-json\/wp\/v2\/pages"}],"about":[{"href":"https:\/\/xenum.com\/fr\/wp-json\/wp\/v2\/types\/page"}],"author":[{"embeddable":true,"href":"https:\/\/xenum.com\/fr\/wp-json\/wp\/v2\/users\/1"}],"replies":[{"embeddable":true,"href":"https:\/\/xenum.com\/fr\/wp-json\/wp\/v2\/comments?post=1549"}],"version-history":[{"count":10,"href":"https:\/\/xenum.com\/fr\/wp-json\/wp\/v2\/pages\/1549\/revisions"}],"predecessor-version":[{"id":11299,"href":"https:\/\/xenum.com\/fr\/wp-json\/wp\/v2\/pages\/1549\/revisions\/11299"}],"up":[{"embeddable":true,"href":"https:\/\/xenum.com\/fr\/wp-json\/wp\/v2\/pages\/1102"}],"wp:featuredmedia":[{"embeddable":true,"href":"https:\/\/xenum.com\/fr\/wp-json\/wp\/v2\/media\/11294"}],"wp:attachment":[{"href":"https:\/\/xenum.com\/fr\/wp-json\/wp\/v2\/media?parent=1549"}],"curies":[{"name":"wp","href":"https:\/\/api.w.org\/{rel}","templated":true}]}}