{"id":1461,"date":"2017-07-19T11:47:45","date_gmt":"2017-07-19T11:47:45","guid":{"rendered":"https:\/\/xenum.com\/?page_id=1461"},"modified":"2019-08-02T13:17:58","modified_gmt":"2019-08-02T13:17:58","slug":"super-g","status":"publish","type":"page","link":"https:\/\/xenum.com\/fr\/accueil\/produits\/additifs\/huile-moteur\/super-g\/","title":{"rendered":"Super G"},"content":{"rendered":"<p>Additif d\u2019huile moteur de derni\u00e8re g\u00e9n\u00e9ration. La technologie Super-G est une combinaison tri-\u00e9nerg\u00e9tique de moyens de lubrification tr\u00e8s puissants: Mo-complex (Molybd\u00e8ne liquide), Carbone Graphite et esters complexes. Ils forment conjointement un film protecteur solide dans le moteur, r\u00e9sultant en un coefficient de friction fortement r\u00e9duit et une usure diminu\u00e9e.<\/p>\n<h2><strong>Avantages<\/strong><\/h2>\n<ul>\n<li>Augmentation de puissance.<\/li>\n<li>Economie de carburant.<\/li>\n<li>Diminution de l\u2019usure.<\/li>\n<li>R\u00e9duction du bruit moteur (\u00e9galement pour le cliquetis des soupapes hydrauliques).<\/li>\n<li>Moins d\u2019\u00e9mission de gaz nocifs et de CO2.<\/li>\n<li>Moins de consommation d\u2019huile.<\/li>\n<\/ul>\n<h2><strong>Application<\/strong><\/h2>\n<p>Super-G convient pour tous les moteurs modernes, essence et diesel. Excellents r\u00e9sultats pour les voitures particuli\u00e8res, les camions, les v\u00e9lomoteurs, les bateaux et les moteurs industriels.<\/p>\n<h3><strong>Conditionnement<\/strong><\/h3>\n<ul>\n<li>300 ML CAN - REF. 3116301<\/li>\n<li>1 L BOTTLE - REF. 3352001<\/li>\n<\/ul>\n","protected":false},"excerpt":{"rendered":"<p>Additif d\u2019huile moteur de derni\u00e8re g\u00e9n\u00e9ration. La technologie Super-G est une combinaison tri-\u00e9nerg\u00e9tique de moyens de lubrification tr\u00e8s puissants: Mo-complex (Molybd\u00e8ne liquide), Carbone Graphite et esters complexes. Ils forment conjointement un film protecteur solide dans le moteur, r\u00e9sultant en un coefficient de friction fortement r\u00e9duit et une usure diminu\u00e9e. Avantages Augmentation de puissance. Economie de [&hellip;]<\/p>\n","protected":false},"author":1,"featured_media":9058,"parent":895,"menu_order":0,"comment_status":"closed","ping_status":"closed","template":"product-page.php","meta":{"_acf_changed":false,"inline_featured_image":false,"footnotes":""},"class_list":["post-1461","page","type-page","status-publish","has-post-thumbnail","hentry"],"acf":[],"_links":{"self":[{"href":"https:\/\/xenum.com\/fr\/wp-json\/wp\/v2\/pages\/1461","targetHints":{"allow":["GET"]}}],"collection":[{"href":"https:\/\/xenum.com\/fr\/wp-json\/wp\/v2\/pages"}],"about":[{"href":"https:\/\/xenum.com\/fr\/wp-json\/wp\/v2\/types\/page"}],"author":[{"embeddable":true,"href":"https:\/\/xenum.com\/fr\/wp-json\/wp\/v2\/users\/1"}],"replies":[{"embeddable":true,"href":"https:\/\/xenum.com\/fr\/wp-json\/wp\/v2\/comments?post=1461"}],"version-history":[{"count":5,"href":"https:\/\/xenum.com\/fr\/wp-json\/wp\/v2\/pages\/1461\/revisions"}],"predecessor-version":[{"id":8280,"href":"https:\/\/xenum.com\/fr\/wp-json\/wp\/v2\/pages\/1461\/revisions\/8280"}],"up":[{"embeddable":true,"href":"https:\/\/xenum.com\/fr\/wp-json\/wp\/v2\/pages\/895"}],"wp:featuredmedia":[{"embeddable":true,"href":"https:\/\/xenum.com\/fr\/wp-json\/wp\/v2\/media\/9058"}],"wp:attachment":[{"href":"https:\/\/xenum.com\/fr\/wp-json\/wp\/v2\/media?parent=1461"}],"curies":[{"name":"wp","href":"https:\/\/api.w.org\/{rel}","templated":true}]}}