{"id":1447,"date":"2017-07-19T11:31:17","date_gmt":"2017-07-19T11:31:17","guid":{"rendered":"https:\/\/xenum.com\/?page_id=1447"},"modified":"2019-07-31T14:32:15","modified_gmt":"2019-07-31T14:32:15","slug":"ce300","status":"publish","type":"page","link":"https:\/\/xenum.com\/fr\/accueil\/produits\/additifs\/huile-moteur\/ce300\/","title":{"rendered":"CE300"},"content":{"rendered":"<p>CE300 est un additif d\u2019huile moteur de derni\u00e8re g\u00e9n\u00e9ration. Ses prestations d\u00e9passent celles de tous les produits similaires existant gr\u00e2ce \u00e0 l\u2019utilisation de particules micro-c\u00e9ramiques. Ces particules sont des agents de graissage tr\u00e8s solides qui font baisser le coefficient de friction et r\u00e9sistent aux temp\u00e9ratures et aux pressions les plus \u00e9lev\u00e9es. Gr\u00e2ce \u00e0 leur taille nano, ces particules sont sans danger pour les filtres \u00e0 huile.<\/p>\n<h2><strong>Avantages<\/strong><\/h2>\n<ul>\n<li>Augmentation de puissance.<\/li>\n<li>Economie de carburant.<\/li>\n<li>Diminution de l\u2019usure.<\/li>\n<li>Moins de bruits moteurs (\u00e9galement pour le cliquetis des soupapes hydrauliques).<\/li>\n<li>Moins d\u2019\u00e9mission de gaz nocifs et de CO2.<\/li>\n<li>Moins de consommation d\u2019huile.<\/li>\n<li>Se m\u00e9lange \u00e0 toutes les sortes d\u2019huiles moteurs.<\/li>\n<li>Zero SAPS: convient aussi pour moteurs \u00e9quip\u00e9s de filtre \u00e0 suie.<\/li>\n<\/ul>\n<h2><strong>Application\u00a0<\/strong><\/h2>\n<p>CE300 convient pour tous les moteurs modernes, essence et diesel. Excellents r\u00e9sultats pour les voitures particuli\u00e8res, les camions, les v\u00e9lomoteurs, les bateaux et les moteurs industriels.<\/p>\n<h3><strong>Conditionnement<\/strong><\/h3>\n<p>300 ML CAN \u2013 REF. 3123301<\/p>\n","protected":false},"excerpt":{"rendered":"<p>CE300 est un additif d\u2019huile moteur de derni\u00e8re g\u00e9n\u00e9ration. Ses prestations d\u00e9passent celles de tous les produits similaires existant gr\u00e2ce \u00e0 l\u2019utilisation de particules micro-c\u00e9ramiques. Ces particules sont des agents de graissage tr\u00e8s solides qui font baisser le coefficient de friction et r\u00e9sistent aux temp\u00e9ratures et aux pressions les plus \u00e9lev\u00e9es. Gr\u00e2ce \u00e0 leur taille [&hellip;]<\/p>\n","protected":false},"author":1,"featured_media":9038,"parent":895,"menu_order":0,"comment_status":"closed","ping_status":"closed","template":"product-page.php","meta":{"_acf_changed":false,"inline_featured_image":false,"footnotes":""},"class_list":["post-1447","page","type-page","status-publish","has-post-thumbnail","hentry"],"acf":[],"_links":{"self":[{"href":"https:\/\/xenum.com\/fr\/wp-json\/wp\/v2\/pages\/1447","targetHints":{"allow":["GET"]}}],"collection":[{"href":"https:\/\/xenum.com\/fr\/wp-json\/wp\/v2\/pages"}],"about":[{"href":"https:\/\/xenum.com\/fr\/wp-json\/wp\/v2\/types\/page"}],"author":[{"embeddable":true,"href":"https:\/\/xenum.com\/fr\/wp-json\/wp\/v2\/users\/1"}],"replies":[{"embeddable":true,"href":"https:\/\/xenum.com\/fr\/wp-json\/wp\/v2\/comments?post=1447"}],"version-history":[{"count":7,"href":"https:\/\/xenum.com\/fr\/wp-json\/wp\/v2\/pages\/1447\/revisions"}],"predecessor-version":[{"id":7970,"href":"https:\/\/xenum.com\/fr\/wp-json\/wp\/v2\/pages\/1447\/revisions\/7970"}],"up":[{"embeddable":true,"href":"https:\/\/xenum.com\/fr\/wp-json\/wp\/v2\/pages\/895"}],"wp:featuredmedia":[{"embeddable":true,"href":"https:\/\/xenum.com\/fr\/wp-json\/wp\/v2\/media\/9038"}],"wp:attachment":[{"href":"https:\/\/xenum.com\/fr\/wp-json\/wp\/v2\/media?parent=1447"}],"curies":[{"name":"wp","href":"https:\/\/api.w.org\/{rel}","templated":true}]}}