{"id":1429,"date":"2017-07-19T11:04:11","date_gmt":"2017-07-19T11:04:11","guid":{"rendered":"https:\/\/xenum.com\/?page_id=1429"},"modified":"2020-01-07T19:32:54","modified_gmt":"2020-01-07T19:32:54","slug":"vrx-500","status":"publish","type":"page","link":"https:\/\/xenum.com\/fr\/accueil\/produits\/additifs\/huile-moteur\/vrx-500\/","title":{"rendered":"VRX 500"},"content":{"rendered":"<p>VRX 500 (auparavant VX 500) est un additif d\u2019huile moteur de derni\u00e8re g\u00e9n\u00e9ration. Les prestations de ce produit d\u00e9passent celles de tous les produits similaires existant gr\u00e2ce \u00e0 la combinaison efficace de 2 composants:<\/p>\n<ul>\n<li>Des particules collo\u00efdales micro-c\u00e9ramiques constituent un moyen de graissage permanent. R\u00e9sistant aux pressions et aux temp\u00e9ratures \u00e9lev\u00e9es par rapport \u00e0 d\u2019autres produits lubrifiants, elles poss\u00e8dent un coefficient de friction moins \u00e9lev\u00e9. Gr\u00e2ce \u00e0 leur taille nano, ces particules sont sans danger pour les filtres \u00e0 huile.<\/li>\n<li>Des huiles ester synth\u00e9tiques polaris\u00e9es. Les particules micro-c\u00e9ramiques sont dispers\u00e9es dans une huile synth\u00e9tique ester tr\u00e8s sp\u00e9cifique.<\/li>\n<\/ul>\n<p>Ils forment avec le composant c\u00e9ramique un solide film graisseux qui diminue fortement la friction et l\u2019usure. M\u00eame lorsque le moteur ne tourne pas, ce film subsiste et offre une protection exceptionnelle lors d\u2019un d\u00e9marrage \u00e0 froid.<\/p>\n<h2><strong>Avantages<\/strong><\/h2>\n<ul>\n<li>Augmentation de puissance.<\/li>\n<li>Economie de carburant.<\/li>\n<li>Diminution de l\u2019usure.<\/li>\n<li>Moins de bruits moteurs (\u00e9galement pour le cliquetis des soupapes hydrauliques).<\/li>\n<li>Moins d\u2019\u00e9mission de gaz nocifs et de CO2.<\/li>\n<li>Moins de consommation d\u2019huile.<\/li>\n<li>ZERO SAPS: convient \u00e9galement pour moteur \u00e9quip\u00e9s de FAP.<\/li>\n<li>Se m\u00e9lange \u00e0 toutes les sortes d\u2019huiles moteurs.<\/li>\n<\/ul>\n<h2><strong>Application<\/strong><\/h2>\n<p>VRX 500 convient pour tous les moteurs modernes, essence et diesel. Excellents r\u00e9sultats pour les voitures particuli\u00e8res, les camions, les v\u00e9lomoteurs, les bateaux et les moteurs industriels.<\/p>\n<h3><strong>Conditionnement<\/strong><\/h3>\n<ul>\n<li>375 ML CAN - REF. 3017351<\/li>\n<li>1 L BOTTLE - REF. 3284001<\/li>\n<\/ul>\n","protected":false},"excerpt":{"rendered":"<p>VRX 500 (auparavant VX 500) est un additif d\u2019huile moteur de derni\u00e8re g\u00e9n\u00e9ration. Les prestations de ce produit d\u00e9passent celles de tous les produits similaires existant gr\u00e2ce \u00e0 la combinaison efficace de 2 composants: Des particules collo\u00efdales micro-c\u00e9ramiques constituent un moyen de graissage permanent. R\u00e9sistant aux pressions et aux temp\u00e9ratures \u00e9lev\u00e9es par rapport \u00e0 d\u2019autres [&hellip;]<\/p>\n","protected":false},"author":1,"featured_media":3474,"parent":895,"menu_order":0,"comment_status":"closed","ping_status":"closed","template":"product-page.php","meta":{"_acf_changed":false,"inline_featured_image":false,"footnotes":""},"class_list":["post-1429","page","type-page","status-publish","has-post-thumbnail","hentry"],"acf":[],"_links":{"self":[{"href":"https:\/\/xenum.com\/fr\/wp-json\/wp\/v2\/pages\/1429","targetHints":{"allow":["GET"]}}],"collection":[{"href":"https:\/\/xenum.com\/fr\/wp-json\/wp\/v2\/pages"}],"about":[{"href":"https:\/\/xenum.com\/fr\/wp-json\/wp\/v2\/types\/page"}],"author":[{"embeddable":true,"href":"https:\/\/xenum.com\/fr\/wp-json\/wp\/v2\/users\/1"}],"replies":[{"embeddable":true,"href":"https:\/\/xenum.com\/fr\/wp-json\/wp\/v2\/comments?post=1429"}],"version-history":[{"count":7,"href":"https:\/\/xenum.com\/fr\/wp-json\/wp\/v2\/pages\/1429\/revisions"}],"predecessor-version":[{"id":9208,"href":"https:\/\/xenum.com\/fr\/wp-json\/wp\/v2\/pages\/1429\/revisions\/9208"}],"up":[{"embeddable":true,"href":"https:\/\/xenum.com\/fr\/wp-json\/wp\/v2\/pages\/895"}],"wp:featuredmedia":[{"embeddable":true,"href":"https:\/\/xenum.com\/fr\/wp-json\/wp\/v2\/media\/3474"}],"wp:attachment":[{"href":"https:\/\/xenum.com\/fr\/wp-json\/wp\/v2\/media?parent=1429"}],"curies":[{"name":"wp","href":"https:\/\/api.w.org\/{rel}","templated":true}]}}