{"id":1291,"date":"2017-07-19T08:32:35","date_gmt":"2017-07-19T08:32:35","guid":{"rendered":"https:\/\/xenum.com\/?page_id=1291"},"modified":"2023-01-10T13:58:40","modified_gmt":"2023-01-10T12:58:40","slug":"xt-pro-75w140","status":"publish","type":"page","link":"https:\/\/xenum.com\/fr\/accueil\/produits\/huiles\/transmission\/manuelle\/xt-pro-75w140\/","title":{"rendered":"XT-PRO 75W140 LS"},"content":{"rendered":"<p>XT-PRO 75W140 LS est une huile hypo\u00efde 100% synth\u00e9tique de transmission avec additifs \u00ablimited slip\u00bb sp\u00e9cifique pour des diff\u00e9rentiels autobloquants. Sp\u00e9cialement con\u00e7ue pour r\u00e9pondre aux exigences des diff\u00e9rents moteurs de sport, elle est destin\u00e9e aux diff\u00e9rentiels, aussi bien avec, que sans syst\u00e8mes \u00e0 lamelles, ainsi que pour les transmissions soumises \u00e0 de tr\u00e8s lourdes charges (cfr. diff\u00e9rents moteurs sportifs). XT-PRO 75W140 LS peut \u00eatre utilis\u00e9e dans tous les diff\u00e9rentiels des diff\u00e9rents mod\u00e8les BMW M-Sport et dans les diff\u00e9rentiels des divers SUV pour lesquels une huile hypo\u00efde SAE 75W140 est prescrite.<\/p>\n<h2><strong>AVANTAGES<\/strong><\/h2>\n<ul>\n<li>Excellente r\u00e9sistance \u00e0 l\u2019usure, solide protection pour graissage fiable.<\/li>\n<li>Haut indice de viscosit\u00e9 garantissant une fluidit\u00e9 \u00e9lev\u00e9e \u00e0 basses temp\u00e9ratures.<\/li>\n<li>Tr\u00e8s bonne r\u00e9sistance \u00e0 l\u2019oxydation, assurant une parfaite protection optimum contre les hautes temp\u00e9ratures de fonctionnement.<\/li>\n<li>Tr\u00e8s basse propension \u00e0 la formation d\u2019\u00e9cume.<\/li>\n<li>Convient \u00e0 merveille aux diff\u00e9rentiels autobloquants \u00e9tant donn\u00e9 la pr\u00e9sence d\u2019additifs \u00ablimited slip\u00bb.<\/li>\n<\/ul>\n<h2><strong>SP\u00c9CIFICATIONS<\/strong><\/h2>\n<ul>\n<li>API: GL-5<\/li>\n<li>BMW: MSP\/A<\/li>\n<li>FORD: WSS-M2C187-A<\/li>\n<li>FORD: WSS-M2C192-A<\/li>\n<li>FORD: WSS-M2C192A+\/M2C118-A<\/li>\n<li>GM: 12346140<\/li>\n<li>GM: 1942386<\/li>\n<li>MIL: MIL-L-2105 C<\/li>\n<li>MIL: MIL-L-2105 D<\/li>\n<\/ul>\n<h3><strong>\u00a0CONDITIONNEMENT<\/strong><\/h3>\n<p>1 L \u2013 ref. 1365001<\/p>\n<p>Toutes nos huiles sont disponibles dans les volumes suivants : 20L, 60L et 208L.<\/p>\n","protected":false},"excerpt":{"rendered":"<p>XT-PRO 75W140 LS est une huile hypo\u00efde 100% synth\u00e9tique de transmission avec additifs \u00ablimited slip\u00bb sp\u00e9cifique pour des diff\u00e9rentiels autobloquants. Sp\u00e9cialement con\u00e7ue pour r\u00e9pondre aux exigences des diff\u00e9rents moteurs de sport, elle est destin\u00e9e aux diff\u00e9rentiels, aussi bien avec, que sans syst\u00e8mes \u00e0 lamelles, ainsi que pour les transmissions soumises \u00e0 de tr\u00e8s lourdes charges [&hellip;]<\/p>\n","protected":false},"author":1,"featured_media":10113,"parent":756,"menu_order":0,"comment_status":"closed","ping_status":"closed","template":"product-page.php","meta":{"_acf_changed":false,"inline_featured_image":false,"footnotes":""},"class_list":["post-1291","page","type-page","status-publish","has-post-thumbnail","hentry"],"acf":[],"_links":{"self":[{"href":"https:\/\/xenum.com\/fr\/wp-json\/wp\/v2\/pages\/1291","targetHints":{"allow":["GET"]}}],"collection":[{"href":"https:\/\/xenum.com\/fr\/wp-json\/wp\/v2\/pages"}],"about":[{"href":"https:\/\/xenum.com\/fr\/wp-json\/wp\/v2\/types\/page"}],"author":[{"embeddable":true,"href":"https:\/\/xenum.com\/fr\/wp-json\/wp\/v2\/users\/1"}],"replies":[{"embeddable":true,"href":"https:\/\/xenum.com\/fr\/wp-json\/wp\/v2\/comments?post=1291"}],"version-history":[{"count":6,"href":"https:\/\/xenum.com\/fr\/wp-json\/wp\/v2\/pages\/1291\/revisions"}],"predecessor-version":[{"id":19852,"href":"https:\/\/xenum.com\/fr\/wp-json\/wp\/v2\/pages\/1291\/revisions\/19852"}],"up":[{"embeddable":true,"href":"https:\/\/xenum.com\/fr\/wp-json\/wp\/v2\/pages\/756"}],"wp:featuredmedia":[{"embeddable":true,"href":"https:\/\/xenum.com\/fr\/wp-json\/wp\/v2\/media\/10113"}],"wp:attachment":[{"href":"https:\/\/xenum.com\/fr\/wp-json\/wp\/v2\/media?parent=1291"}],"curies":[{"name":"wp","href":"https:\/\/api.w.org\/{rel}","templated":true}]}}