{"id":1274,"date":"2017-07-19T08:22:38","date_gmt":"2017-07-19T08:22:38","guid":{"rendered":"https:\/\/xenum.com\/?page_id=1274"},"modified":"2020-07-14T15:52:14","modified_gmt":"2020-07-14T15:52:14","slug":"x-tran-75w90","status":"publish","type":"page","link":"https:\/\/xenum.com\/fr\/accueil\/produits\/huiles\/transmission\/manuelle\/x-tran-75w90\/","title":{"rendered":"X-TRAN 75W90"},"content":{"rendered":"<p>Prestations de tr\u00e8s haut niveau, base synth\u00e9tique, applications multiples, telles sont les caract\u00e9ristiques majeures de l\u2019huile de transmission SEA 75W90. Compar\u00e9e \u00e0 une huile de transmission conventionnelle hypo\u00efde, la X-TRAN 75W90 offre de meilleures prestations tout en couvrant tout le spectre des temp\u00e9ratures. Pour bo\u00eetes de vitesses manuelles, directions assist\u00e9es, engrenages coniques, couplages hydrauliques et autres applications hydrauliques.<\/p>\n<h2><strong>Avantages<\/strong><\/h2>\n<ul>\n<li>Excellente r\u00e9sistance \u00e0 l\u2019oxydation.<\/li>\n<li>Grande puissance anti-usure, anticorrosion et anti-\u00e9cume.<\/li>\n<li>Point de coagulation r\u00e9duit.<\/li>\n<li>Maintient une solide protection pour un graissage fiable.<\/li>\n<li>Tr\u00e8s bonnes caract\u00e9ristiques EP.<\/li>\n<li>Bonnes caract\u00e9ristiques d\u2019enclenchement en cas de basses temp\u00e9ratures.<\/li>\n<li>Gr\u00e2ce \u00e0 une friction diminu\u00e9e, une \u00e9conomie de carburant est obtenue et, par la suite, une plus longue dur\u00e9e de vie.<\/li>\n<\/ul>\n<h2><strong>Specifications<\/strong><\/h2>\n<ul>\n<li>SAE 75W-90<\/li>\n<li>API GL-4\/5<\/li>\n<li>MIL-L-2105<\/li>\n<li>Satisfait aux exigences pour :\n<ul>\n<li>VW 501.50<\/li>\n<\/ul>\n<\/li>\n<\/ul>\n<h3><strong>Conditionnement<\/strong><\/h3>\n<p>1 L \u2013 REF. 1181001<\/p>\n<p>60 L \u2013 REF. 1081060<\/p>\n<p>208 L \u2013 REF. 1081208<\/p>\n","protected":false},"excerpt":{"rendered":"<p>Prestations de tr\u00e8s haut niveau, base synth\u00e9tique, applications multiples, telles sont les caract\u00e9ristiques majeures de l\u2019huile de transmission SEA 75W90. Compar\u00e9e \u00e0 une huile de transmission conventionnelle hypo\u00efde, la X-TRAN 75W90 offre de meilleures prestations tout en couvrant tout le spectre des temp\u00e9ratures. Pour bo\u00eetes de vitesses manuelles, directions assist\u00e9es, engrenages coniques, couplages hydrauliques et [&hellip;]<\/p>\n","protected":false},"author":1,"featured_media":10115,"parent":756,"menu_order":0,"comment_status":"closed","ping_status":"closed","template":"product-page.php","meta":{"_acf_changed":false,"inline_featured_image":false,"footnotes":""},"class_list":["post-1274","page","type-page","status-publish","has-post-thumbnail","hentry"],"acf":[],"_links":{"self":[{"href":"https:\/\/xenum.com\/fr\/wp-json\/wp\/v2\/pages\/1274","targetHints":{"allow":["GET"]}}],"collection":[{"href":"https:\/\/xenum.com\/fr\/wp-json\/wp\/v2\/pages"}],"about":[{"href":"https:\/\/xenum.com\/fr\/wp-json\/wp\/v2\/types\/page"}],"author":[{"embeddable":true,"href":"https:\/\/xenum.com\/fr\/wp-json\/wp\/v2\/users\/1"}],"replies":[{"embeddable":true,"href":"https:\/\/xenum.com\/fr\/wp-json\/wp\/v2\/comments?post=1274"}],"version-history":[{"count":7,"href":"https:\/\/xenum.com\/fr\/wp-json\/wp\/v2\/pages\/1274\/revisions"}],"predecessor-version":[{"id":8591,"href":"https:\/\/xenum.com\/fr\/wp-json\/wp\/v2\/pages\/1274\/revisions\/8591"}],"up":[{"embeddable":true,"href":"https:\/\/xenum.com\/fr\/wp-json\/wp\/v2\/pages\/756"}],"wp:featuredmedia":[{"embeddable":true,"href":"https:\/\/xenum.com\/fr\/wp-json\/wp\/v2\/media\/10115"}],"wp:attachment":[{"href":"https:\/\/xenum.com\/fr\/wp-json\/wp\/v2\/media?parent=1274"}],"curies":[{"name":"wp","href":"https:\/\/api.w.org\/{rel}","templated":true}]}}