{"id":1242,"date":"2017-07-18T22:41:59","date_gmt":"2017-07-18T22:41:59","guid":{"rendered":"https:\/\/xenum.com\/?page_id=1242"},"modified":"2023-04-18T09:35:13","modified_gmt":"2023-04-18T08:35:13","slug":"runner-10w40","status":"publish","type":"page","link":"https:\/\/xenum.com\/fr\/accueil\/produits\/huiles\/moteur\/huile-classique\/runner-10w40\/","title":{"rendered":"RUNNER 10W40"},"content":{"rendered":"<p>Huile moteur d\u2019avant-garde sp\u00e9cialement d\u00e9velopp\u00e9e pour offrir une protection aux organes critiques du moteur pour des v\u00e9hicules comptant plus de 120.000 km. Composition bas\u00e9e sur des huiles de base sp\u00e9cifiques auxquelles ont \u00e9t\u00e9 ajout\u00e9s entre autres des agents d\u2019\u00e9tanch\u00e9it\u00e9 augmentant la long\u00e9vit\u00e9 et des additifs favorisant la diminution des r\u00e9sidus et luttant contre les d\u00e9p\u00f4ts dans le moteur. Avec l\u2019application d\u2019agents d\u2019\u00e9tanch\u00e9it\u00e9 sp\u00e9ciaux, des fuites dans les moteurs les plus anciens sont pr\u00e9venues et la consommation d\u2019huile diminu\u00e9e, tout en prot\u00e9geant le moteur et en retardant son processus de vieillissement.<\/p>\n<h2><strong>Avantages<\/strong><\/h2>\n<ul>\n<li>Ralentit le processus de vieillissement de votre moteur.<\/li>\n<li>Am\u00e9liore la protection contre l\u2019usure.<\/li>\n<li>Pr\u00e9sente une meilleure stabilit\u00e9 \u00e0 l\u2019oxydation.<\/li>\n<li>Tr\u00e8s bon pouvoir nettoyant.<\/li>\n<li>Bonnes caract\u00e9ristiques de d\u00e9marrage \u00e0 froid.<\/li>\n<li>Minimalise la consommation d\u2019huile.<\/li>\n<li>Am\u00e9liore la condition des joints radiaux et pr\u00e9vient les pertes d\u2019huile.<\/li>\n<\/ul>\n<h3><strong>Specifications<\/strong><\/h3>\n<ul>\n<li>ACEA: A3\/B3<\/li>\n<\/ul>\n<h3><strong>Conditionnement<\/strong><\/h3>\n<p>12X1L, 4X4L, 4X5L, 20L, 60L, 208L<\/p>\n","protected":false},"excerpt":{"rendered":"<p>Huile moteur d\u2019avant-garde sp\u00e9cialement d\u00e9velopp\u00e9e pour offrir une protection aux organes critiques du moteur pour des v\u00e9hicules comptant plus de 120.000 km. Composition bas\u00e9e sur des huiles de base sp\u00e9cifiques auxquelles ont \u00e9t\u00e9 ajout\u00e9s entre autres des agents d\u2019\u00e9tanch\u00e9it\u00e9 augmentant la long\u00e9vit\u00e9 et des additifs favorisant la diminution des r\u00e9sidus et luttant contre les d\u00e9p\u00f4ts [&hellip;]<\/p>\n","protected":false},"author":1,"featured_media":10233,"parent":621,"menu_order":14,"comment_status":"closed","ping_status":"closed","template":"product-page.php","meta":{"_acf_changed":false,"inline_featured_image":false,"footnotes":""},"class_list":["post-1242","page","type-page","status-publish","has-post-thumbnail","hentry"],"acf":[],"_links":{"self":[{"href":"https:\/\/xenum.com\/fr\/wp-json\/wp\/v2\/pages\/1242","targetHints":{"allow":["GET"]}}],"collection":[{"href":"https:\/\/xenum.com\/fr\/wp-json\/wp\/v2\/pages"}],"about":[{"href":"https:\/\/xenum.com\/fr\/wp-json\/wp\/v2\/types\/page"}],"author":[{"embeddable":true,"href":"https:\/\/xenum.com\/fr\/wp-json\/wp\/v2\/users\/1"}],"replies":[{"embeddable":true,"href":"https:\/\/xenum.com\/fr\/wp-json\/wp\/v2\/comments?post=1242"}],"version-history":[{"count":5,"href":"https:\/\/xenum.com\/fr\/wp-json\/wp\/v2\/pages\/1242\/revisions"}],"predecessor-version":[{"id":21402,"href":"https:\/\/xenum.com\/fr\/wp-json\/wp\/v2\/pages\/1242\/revisions\/21402"}],"up":[{"embeddable":true,"href":"https:\/\/xenum.com\/fr\/wp-json\/wp\/v2\/pages\/621"}],"wp:featuredmedia":[{"embeddable":true,"href":"https:\/\/xenum.com\/fr\/wp-json\/wp\/v2\/media\/10233"}],"wp:attachment":[{"href":"https:\/\/xenum.com\/fr\/wp-json\/wp\/v2\/media?parent=1242"}],"curies":[{"name":"wp","href":"https:\/\/api.w.org\/{rel}","templated":true}]}}