{"id":11138,"date":"2021-09-17T11:19:03","date_gmt":"2021-09-17T11:19:03","guid":{"rendered":"https:\/\/xenum.com\/?page_id=11138"},"modified":"2022-05-30T10:42:06","modified_gmt":"2022-05-30T09:42:06","slug":"x1-bike-20w50","status":"publish","type":"page","link":"https:\/\/xenum.com\/fr\/accueil\/produits\/huiles\/moto\/ester-synthetique\/x1-bike-20w50\/","title":{"rendered":"X1-BIKE 20W50"},"content":{"rendered":"<h3>DESCRIPTION<\/h3>\n<p>Huile de base ester synth\u00e9tique de derni\u00e8re g\u00e9n\u00e9ration combin\u00e9e \u00e0 un ensemble d'additifs sp\u00e9cialement d\u00e9velopp\u00e9 et \u00e9quilibr\u00e9 pour les moteurs \u00e0 essence 4 temps modernes utilis\u00e9s dans les motos.<\/p>\n<h3>AVANTAGES DE BASE<\/h3>\n<p>Indice de viscosit\u00e9 \u00e9lev\u00e9 et stable.<br \/>\nPropri\u00e9t\u00e9s de friction optimales.<br \/>\nHautes propri\u00e9t\u00e9s anti-usure, anti-corrosion et anti-mousse.<br \/>\nTr\u00e8s bonnes propri\u00e9t\u00e9s d\u00e9tergentes et dispersantes.<\/p>\n<h3>APPLICATION<\/h3>\n<p>Cette huile a \u00e9t\u00e9 sp\u00e9cialement mise au point pour la lubrification des moteurs \u00e0 quatre temps, de sorte que le glissement, le collage et\/ou le d\u00e9placement difficile des disques d'embrayage appartiennent au pass\u00e9. Cette huile a \u00e9t\u00e9 d\u00e9velopp\u00e9e et test\u00e9e en \u00e9troite collaboration avec les principaux fabricants de motos et a d\u00e9j\u00e0 prouv\u00e9 ses qualit\u00e9s dans la pratique.<\/p>\n<h3>PROPRI\u00c9T\u00c9S PHYSIQUES<\/h3>\n<p>TBN 7,9 mg KOH\/g<br \/>\nPoint d'\u00e9coulement -51 \u00b0C<br \/>\nPoint d'\u00e9clair COC 236 \u00b0C<br \/>\nIndice de viscosit\u00e9 172<br \/>\nViscosit\u00e9 100\u00b0C 19.60 mm\u00b2\/s<br \/>\nViscosit\u00e9 40\u00b0C 130.20 mm\u00b2\/s<br \/>\nViscosit\u00e9 -15\u00b0C 1490 mPas<br \/>\nDensit\u00e9 \u00e0 15\u00b0C 0,851 kg\/l<\/p>\n<h3>SP\u00c9CIFICATIONS<\/h3>\n<p>JASO : MA \/ MA2<br \/>\nAPI : SL<\/p>\n<h3>EMBALLAGE<\/h3>\n<p>1L | 12 x 1L | R\u00e9f. 8890001A<\/p>\n","protected":false},"excerpt":{"rendered":"<p>DESCRIPTION Huile de base ester synth\u00e9tique de derni\u00e8re g\u00e9n\u00e9ration combin\u00e9e \u00e0 un ensemble d'additifs sp\u00e9cialement d\u00e9velopp\u00e9 et \u00e9quilibr\u00e9 pour les moteurs \u00e0 essence 4 temps modernes utilis\u00e9s dans les motos. AVANTAGES DE BASE Indice de viscosit\u00e9 \u00e9lev\u00e9 et stable. Propri\u00e9t\u00e9s de friction optimales. Hautes propri\u00e9t\u00e9s anti-usure, anti-corrosion et anti-mousse. Tr\u00e8s bonnes propri\u00e9t\u00e9s d\u00e9tergentes et dispersantes. [&hellip;]<\/p>\n","protected":false},"author":1,"featured_media":11131,"parent":9683,"menu_order":2,"comment_status":"closed","ping_status":"closed","template":"product-page.php","meta":{"_acf_changed":false,"inline_featured_image":false,"footnotes":""},"class_list":["post-11138","page","type-page","status-publish","has-post-thumbnail","hentry"],"acf":[],"_links":{"self":[{"href":"https:\/\/xenum.com\/fr\/wp-json\/wp\/v2\/pages\/11138","targetHints":{"allow":["GET"]}}],"collection":[{"href":"https:\/\/xenum.com\/fr\/wp-json\/wp\/v2\/pages"}],"about":[{"href":"https:\/\/xenum.com\/fr\/wp-json\/wp\/v2\/types\/page"}],"author":[{"embeddable":true,"href":"https:\/\/xenum.com\/fr\/wp-json\/wp\/v2\/users\/1"}],"replies":[{"embeddable":true,"href":"https:\/\/xenum.com\/fr\/wp-json\/wp\/v2\/comments?post=11138"}],"version-history":[{"count":3,"href":"https:\/\/xenum.com\/fr\/wp-json\/wp\/v2\/pages\/11138\/revisions"}],"predecessor-version":[{"id":17944,"href":"https:\/\/xenum.com\/fr\/wp-json\/wp\/v2\/pages\/11138\/revisions\/17944"}],"up":[{"embeddable":true,"href":"https:\/\/xenum.com\/fr\/wp-json\/wp\/v2\/pages\/9683"}],"wp:featuredmedia":[{"embeddable":true,"href":"https:\/\/xenum.com\/fr\/wp-json\/wp\/v2\/media\/11131"}],"wp:attachment":[{"href":"https:\/\/xenum.com\/fr\/wp-json\/wp\/v2\/media?parent=11138"}],"curies":[{"name":"wp","href":"https:\/\/api.w.org\/{rel}","templated":true}]}}