{"id":11116,"date":"2021-09-17T08:39:44","date_gmt":"2021-09-17T08:39:44","guid":{"rendered":"https:\/\/xenum.com\/?page_id=11116"},"modified":"2021-09-17T08:40:16","modified_gmt":"2021-09-17T08:40:16","slug":"electronics-pro","status":"publish","type":"page","link":"https:\/\/xenum.com\/fr\/accueil\/produits\/entretien\/autres\/electronics-pro\/","title":{"rendered":"Electronics pro"},"content":{"rendered":"<h3>DESCRIPTION<\/h3>\n<p>Electronics pro nettoie, prot\u00e8ge, pr\u00e9serve, lubrifie, d\u00e9place l'humidit\u00e9 et emp\u00eache la corrosion. Ce spray cr\u00e9e \u00e9galement une couche protectrice.<\/p>\n<p>&nbsp;<\/p>\n<h3><strong>DES AVANTAGES FONDAMENTAUX <\/strong><\/h3>\n<ul>\n<li>Enl\u00e8ve l'eau des c\u00e2bles et des connexions.<\/li>\n<li>Forme un film protecteur.<\/li>\n<\/ul>\n<p><strong>\u00a0<\/strong><\/p>\n<h3><strong>DEMANDES <\/strong><\/h3>\n<p>Electronics pro est sp\u00e9cialement formul\u00e9 pour l'industrie \u00e9lectronique. Nettoie et pr\u00e9serve les connecteurs \u00e9lectriques et les pi\u00e8ces m\u00e9talliques. Il d\u00e9place l'humidit\u00e9 et offre une protection contre la corrosion.<\/p>\n<p><strong>\u00a0<\/strong><\/p>\n<h3><strong>EMBALLAGES<\/strong><\/h3>\n<p>12x400ml: R\u00e9f. 4304400<\/p>\n","protected":false},"excerpt":{"rendered":"<p>DESCRIPTION Electronics pro nettoie, prot\u00e8ge, pr\u00e9serve, lubrifie, d\u00e9place l'humidit\u00e9 et emp\u00eache la corrosion. Ce spray cr\u00e9e \u00e9galement une couche protectrice. &nbsp; DES AVANTAGES FONDAMENTAUX Enl\u00e8ve l'eau des c\u00e2bles et des connexions. Forme un film protecteur. \u00a0 DEMANDES Electronics pro est sp\u00e9cialement formul\u00e9 pour l'industrie \u00e9lectronique. Nettoie et pr\u00e9serve les connecteurs \u00e9lectriques et les pi\u00e8ces m\u00e9talliques. [&hellip;]<\/p>\n","protected":false},"author":1,"featured_media":11110,"parent":2420,"menu_order":0,"comment_status":"closed","ping_status":"closed","template":"product-page.php","meta":{"_acf_changed":false,"inline_featured_image":false,"footnotes":""},"class_list":["post-11116","page","type-page","status-publish","has-post-thumbnail","hentry"],"acf":[],"_links":{"self":[{"href":"https:\/\/xenum.com\/fr\/wp-json\/wp\/v2\/pages\/11116","targetHints":{"allow":["GET"]}}],"collection":[{"href":"https:\/\/xenum.com\/fr\/wp-json\/wp\/v2\/pages"}],"about":[{"href":"https:\/\/xenum.com\/fr\/wp-json\/wp\/v2\/types\/page"}],"author":[{"embeddable":true,"href":"https:\/\/xenum.com\/fr\/wp-json\/wp\/v2\/users\/1"}],"replies":[{"embeddable":true,"href":"https:\/\/xenum.com\/fr\/wp-json\/wp\/v2\/comments?post=11116"}],"version-history":[{"count":1,"href":"https:\/\/xenum.com\/fr\/wp-json\/wp\/v2\/pages\/11116\/revisions"}],"predecessor-version":[{"id":11117,"href":"https:\/\/xenum.com\/fr\/wp-json\/wp\/v2\/pages\/11116\/revisions\/11117"}],"up":[{"embeddable":true,"href":"https:\/\/xenum.com\/fr\/wp-json\/wp\/v2\/pages\/2420"}],"wp:featuredmedia":[{"embeddable":true,"href":"https:\/\/xenum.com\/fr\/wp-json\/wp\/v2\/media\/11110"}],"wp:attachment":[{"href":"https:\/\/xenum.com\/fr\/wp-json\/wp\/v2\/media?parent=11116"}],"curies":[{"name":"wp","href":"https:\/\/api.w.org\/{rel}","templated":true}]}}