{"id":10994,"date":"2021-09-09T11:39:09","date_gmt":"2021-09-09T11:39:09","guid":{"rendered":"https:\/\/xenum.com\/?page_id=10994"},"modified":"2023-10-03T10:31:10","modified_gmt":"2023-10-03T09:31:10","slug":"diesel-power-15w40-e9","status":"publish","type":"page","link":"https:\/\/xenum.com\/fr\/accueil\/produits\/huiles\/heavy-duty\/diesel-power-15w40-e9\/","title":{"rendered":"DIESEL POWER 15W40 E9\/E11"},"content":{"rendered":"<h2>DESCRIPTION<\/h2>\n<p>Il s'agit d'une huile \u00ab Low SAPS \u00bb fabriqu\u00e9e \u00e0 partir d'huiles de base de haute qualit\u00e9 sp\u00e9cialement s\u00e9lectionn\u00e9es et d'un ensemble d'additifs personnalis\u00e9, afin de satisfaire aux normes antipollution Euro V et U.S. EPA 07. Compar\u00e9e aux autres huiles moteur, elle offre une protection exceptionnelle contre l'usure et garantit des \u00e9missions r\u00e9duites.<\/p>\n<h2>PROPRI\u00c9T\u00c9S<\/h2>\n<ul>\n<li>Satisfait \u00e0 ou d\u00e9passe les exigences des normes actuelles d'\u00e9missions faibles<\/li>\n<li>Excellentes caract\u00e9ristiques de d\u00e9marrage \u00e0 froid- tr\u00e8s bonne \u00ab shear stability \u00bb<\/li>\n<li>Am\u00e9lioration de la r\u00e9sistance \u00e0 l'oxydation<\/li>\n<li>Excellentes caract\u00e9ristiques dispersantes, limitant les cons\u00e9quences et les r\u00e9sidus<\/li>\n<li>Excellentes caract\u00e9ristiques contre l'usure, la corrosion et la formation de mousse<\/li>\n<li>Baisse la consommation d'huile<\/li>\n<\/ul>\n<h2>APPLICATION<\/h2>\n<p>Cette huile moteur Heavy Duty convient \u00e0 l'application dans tant hors route que sur la route. Cette huile moteur contribue \u00e0 la faible \u00e9mission de gaz d'\u00e9chappement et \u00e0 la faible \u00e9mission de particules et favorise donc l'allongement de la dur\u00e9e de vie des catalyseurs de gaz d'\u00e9chappement et des filtres \u00e0 particules. Ce produit satisfait \u00e0 et d\u00e9passe les exigences pour API CJ-4. \u00c9tant donn\u00e9 que cette huile moteur satisfait aux exigences des constructeurs automobiles europ\u00e9ens et nord-am\u00e9ricains, elle a de grandes possibilit\u00e9s d'applications. Ce produit peut \u00eatre appliqu\u00e9 dans des moteurs Euro 5 et Euro 6 avec des syst\u00e8mes de gaz d'\u00e9chappement SCR et dans des moteurs Euro 3 et Euro 4 si recommand\u00e9e par le producteur.<\/p>\n<h3><strong>SP\u00c9CIFICATIONS<\/strong><\/h3>\n<ul>\n<li>ACEA E9 \/ E11<\/li>\n<li>API CK-4\/SN<\/li>\n<li>CAT ECF-3<\/li>\n<li>CUMMINS CES20086<\/li>\n<li>DETROIT DIESEL 93K222<\/li>\n<li>DEUTZ DQC III-18 LA<\/li>\n<li>DTFR 15C100<\/li>\n<li>FORD WSS M2C171-F1<\/li>\n<li>MACK EOS-4.5<\/li>\n<li>MB 228.31<\/li>\n<li>MAN M3775<\/li>\n<li>MTU TYPE 2.1<\/li>\n<li>RENAULT VI RLD-3<\/li>\n<li>VOLVO VDS-4.5<\/li>\n<\/ul>\n<h3><strong>L'EMBALLAGE<\/strong><\/h3>\n<p>12X1L, 4X4L, 4X5L, 20L, 60L, 208L<\/p>\n","protected":false},"excerpt":{"rendered":"<p>DESCRIPTION Il s'agit d'une huile \u00ab Low SAPS \u00bb fabriqu\u00e9e \u00e0 partir d'huiles de base de haute qualit\u00e9 sp\u00e9cialement s\u00e9lectionn\u00e9es et d'un ensemble d'additifs personnalis\u00e9, afin de satisfaire aux normes antipollution Euro V et U.S. EPA 07. Compar\u00e9e aux autres huiles moteur, elle offre une protection exceptionnelle contre l'usure et garantit des \u00e9missions r\u00e9duites. PROPRI\u00c9T\u00c9S [&hellip;]<\/p>\n","protected":false},"author":1,"featured_media":998,"parent":10934,"menu_order":0,"comment_status":"closed","ping_status":"closed","template":"product-page.php","meta":{"_acf_changed":false,"inline_featured_image":false,"footnotes":""},"class_list":["post-10994","page","type-page","status-publish","has-post-thumbnail","hentry"],"acf":[],"_links":{"self":[{"href":"https:\/\/xenum.com\/fr\/wp-json\/wp\/v2\/pages\/10994","targetHints":{"allow":["GET"]}}],"collection":[{"href":"https:\/\/xenum.com\/fr\/wp-json\/wp\/v2\/pages"}],"about":[{"href":"https:\/\/xenum.com\/fr\/wp-json\/wp\/v2\/types\/page"}],"author":[{"embeddable":true,"href":"https:\/\/xenum.com\/fr\/wp-json\/wp\/v2\/users\/1"}],"replies":[{"embeddable":true,"href":"https:\/\/xenum.com\/fr\/wp-json\/wp\/v2\/comments?post=10994"}],"version-history":[{"count":4,"href":"https:\/\/xenum.com\/fr\/wp-json\/wp\/v2\/pages\/10994\/revisions"}],"predecessor-version":[{"id":24649,"href":"https:\/\/xenum.com\/fr\/wp-json\/wp\/v2\/pages\/10994\/revisions\/24649"}],"up":[{"embeddable":true,"href":"https:\/\/xenum.com\/fr\/wp-json\/wp\/v2\/pages\/10934"}],"wp:featuredmedia":[{"embeddable":true,"href":"https:\/\/xenum.com\/fr\/wp-json\/wp\/v2\/media\/998"}],"wp:attachment":[{"href":"https:\/\/xenum.com\/fr\/wp-json\/wp\/v2\/media?parent=10994"}],"curies":[{"name":"wp","href":"https:\/\/api.w.org\/{rel}","templated":true}]}}