{"id":10953,"date":"2021-09-08T14:11:20","date_gmt":"2021-09-08T14:11:20","guid":{"rendered":"https:\/\/xenum.com\/?page_id=10953"},"modified":"2023-04-18T12:23:05","modified_gmt":"2023-04-18T11:23:05","slug":"diesel-synth-5w30-e4-e7","status":"publish","type":"page","link":"https:\/\/xenum.com\/fr\/accueil\/produits\/huiles\/heavy-duty\/diesel-synth-5w30-e4-e7\/","title":{"rendered":"DIESEL SYNTH 5W30 E4\/E7"},"content":{"rendered":"<h2>DESCRIPTION<\/h2>\n<p>Il s'agit d'un lubrifiant enti\u00e8rement synth\u00e9tique \u00e0 base d'huiles de base de tr\u00e8s haute qualit\u00e9 soigneusement s\u00e9lectionn\u00e9es. Cette huile moteur diesel ultra-haute performance (UHPD) r\u00e9pond aux normes de performance les plus \u00e9lev\u00e9es pour les poids lourds. En raison de sa composition synth\u00e9tique, elle poss\u00e8de un indice de viscosit\u00e9 particuli\u00e8rement \u00e9lev\u00e9 et offre une protection optimale contre l'usure et le vieillissement.<\/p>\n<h2>PROPRI\u00c9T\u00c9S<\/h2>\n<ul>\n<li>Dispersion tr\u00e8s puissante qui emp\u00eache les d\u00e9p\u00f4ts dans le moteur<\/li>\n<li>Dispersion tr\u00e8s puissante qui emp\u00eache la formation de pr\u00e9cipitations et de boues<\/li>\n<li>La diminution de la tendance \u00e0 la formation de particules augmente la dur\u00e9e de vie du filtre \u00e0 particules<\/li>\n<li>Activit\u00e9 puissante contre la corrosion et la mousse<\/li>\n<li>Indice de viscosit\u00e9 naturelle \u00e9lev\u00e9 et stable<\/li>\n<li>Faible teneur en cendres sulfat\u00e9es, phosphore et soufre (faible SAPS)<\/li>\n<li>Activit\u00e9 puissante contre l'usure, entra\u00eenant une forte r\u00e9duction de l'usure des segments de piston et des chemises de cylindre.<\/li>\n<li>Consommation de carburant r\u00e9duite<\/li>\n<li>Contribue \u00e0 une diminution des co\u00fbts de maintenance.<\/li>\n<\/ul>\n<h2>APPLICATION<\/h2>\n<p>Elle est destin\u00e9e aux exploitants de flottes de camions, qui recherchent la meilleure technologie disponible en mati\u00e8re d'huile lubrifiante, afin de respecter les limites d'\u00e9chappement de plus en plus strictes impos\u00e9es aux moteurs diesel en Europe. En raison de son pouvoir d\u00e9tergent tr\u00e8s \u00e9lev\u00e9, cette huile ne convient pas aux moteurs \u00e0 essence et aux v\u00e9hicules \u00e9quip\u00e9s de filtres \u00e0 particules.<\/p>\n<h2>SP\u00c9CIFICATIONS<\/h2>\n<ul>\n<li>ACEA: E4<\/li>\n<li>ACEA: E7<\/li>\n<li>API: CI-4<\/li>\n<li>DAF: HP1\/HP2<\/li>\n<li>DEUTZ: DQC-IV-10<\/li>\n<li>MACK: EO-N<\/li>\n<li>MAN: M3277 \/ M3377<\/li>\n<li>MB: 228.5<\/li>\n<li>CUMMINS 20076\/20078<\/li>\n<li>MTU: Type 3<\/li>\n<li>RENAULT: RD-2<\/li>\n<li>RENAULT: RLD<\/li>\n<li>RENAULT: RLD-2<\/li>\n<li>RENAULT: RXD<\/li>\n<li>SCANIA: LDF<\/li>\n<li>VOLVO: VDS-3<\/li>\n<li>CAT: ECF-2<\/li>\n<\/ul>\n<h3><strong>EMBALLAGE<\/strong><\/h3>\n<p>12X1L, 4X4L, 4X5L, 20L, 60L, 208L<\/p>\n","protected":false},"excerpt":{"rendered":"<p>DESCRIPTION Il s'agit d'un lubrifiant enti\u00e8rement synth\u00e9tique \u00e0 base d'huiles de base de tr\u00e8s haute qualit\u00e9 soigneusement s\u00e9lectionn\u00e9es. Cette huile moteur diesel ultra-haute performance (UHPD) r\u00e9pond aux normes de performance les plus \u00e9lev\u00e9es pour les poids lourds. En raison de sa composition synth\u00e9tique, elle poss\u00e8de un indice de viscosit\u00e9 particuli\u00e8rement \u00e9lev\u00e9 et offre une protection [&hellip;]<\/p>\n","protected":false},"author":1,"featured_media":998,"parent":10934,"menu_order":0,"comment_status":"closed","ping_status":"closed","template":"product-page.php","meta":{"_acf_changed":false,"inline_featured_image":false,"footnotes":""},"class_list":["post-10953","page","type-page","status-publish","has-post-thumbnail","hentry"],"acf":[],"_links":{"self":[{"href":"https:\/\/xenum.com\/fr\/wp-json\/wp\/v2\/pages\/10953","targetHints":{"allow":["GET"]}}],"collection":[{"href":"https:\/\/xenum.com\/fr\/wp-json\/wp\/v2\/pages"}],"about":[{"href":"https:\/\/xenum.com\/fr\/wp-json\/wp\/v2\/types\/page"}],"author":[{"embeddable":true,"href":"https:\/\/xenum.com\/fr\/wp-json\/wp\/v2\/users\/1"}],"replies":[{"embeddable":true,"href":"https:\/\/xenum.com\/fr\/wp-json\/wp\/v2\/comments?post=10953"}],"version-history":[{"count":2,"href":"https:\/\/xenum.com\/fr\/wp-json\/wp\/v2\/pages\/10953\/revisions"}],"predecessor-version":[{"id":21428,"href":"https:\/\/xenum.com\/fr\/wp-json\/wp\/v2\/pages\/10953\/revisions\/21428"}],"up":[{"embeddable":true,"href":"https:\/\/xenum.com\/fr\/wp-json\/wp\/v2\/pages\/10934"}],"wp:featuredmedia":[{"embeddable":true,"href":"https:\/\/xenum.com\/fr\/wp-json\/wp\/v2\/media\/998"}],"wp:attachment":[{"href":"https:\/\/xenum.com\/fr\/wp-json\/wp\/v2\/media?parent=10953"}],"curies":[{"name":"wp","href":"https:\/\/api.w.org\/{rel}","templated":true}]}}