{"id":10894,"date":"2021-08-27T12:49:21","date_gmt":"2021-08-27T12:49:21","guid":{"rendered":"https:\/\/xenum.com\/?page_id=10894"},"modified":"2021-08-27T12:50:06","modified_gmt":"2021-08-27T12:50:06","slug":"pro-v-0w20","status":"publish","type":"page","link":"https:\/\/xenum.com\/fr\/accueil\/produits\/huiles\/moteur\/huile-classique\/pro-v-0w20\/","title":{"rendered":"PRO-V 0w20"},"content":{"rendered":"<p>Cette huile moteur universelle a \u00e9t\u00e9 d\u00e9velopp\u00e9e selon le dernier \u00e9tat de la technique. L'huile est bas\u00e9e sur des huiles de base synth\u00e9tiques sp\u00e9cialement s\u00e9lectionn\u00e9es et enrichies d'additifs modernes. Il offre une protection optimale, une dur\u00e9e de vie plus longue et une grande fiabilit\u00e9. Il combine une excellente protection contre l'usure et une r\u00e9sistance \u00e0 haute temp\u00e9rature avec des propri\u00e9t\u00e9s exceptionnelles de d\u00e9marrage \u00e0 froid.<\/p>\n<h2><strong>AVANTAGES<\/strong><\/h2>\n<ul>\n<li>Tr\u00e8s faible consommation de carburant<\/li>\n<li>Indice de viscosit\u00e9 \u00e9lev\u00e9 et stable<\/li>\n<li>Faible formation de r\u00e9sidus de combustion (SAPS moyen)<\/li>\n<li>D\u00e9marrage \u00e0 froid tr\u00e8s doux, m\u00eame \u00e0 des temp\u00e9ratures tr\u00e8s basses<\/li>\n<li>R\u00e9tention fiable du film lubrifiant \u00e0 des temp\u00e9ratures de fonctionnement \u00e9lev\u00e9es<\/li>\n<li>Tr\u00e8s bon pouvoir nettoyant et dispersion<\/li>\n<li>Haute r\u00e9sistance \u00e0 l'usure, \u00e0 la corrosion et au moussage<\/li>\n<li>MID SAPS - Compatible avec le DPF<\/li>\n<\/ul>\n<h2><strong>APPLICATION<\/strong><\/h2>\n<p>Huile moteur \u00e0 haut rendement \u00e9nerg\u00e9tique sp\u00e9cialement formul\u00e9e pour les moteurs \u00e0 essence et diesel des voitures de tourisme Volvo lorsque le constructeur sp\u00e9cifie un produit conforme \u00e0 la sp\u00e9cification VCC RBS0-2AE avec une viscosit\u00e9 SAE 0W20.<\/p>\n<h3><strong>SP\u00c9CIFICATIONS<\/strong><\/h3>\n<p>ACEA C5<\/p>\n<p>VOLVO VCC RBS0-2AE<\/p>\n<h3><strong>EMBALLAGE<\/strong><\/h3>\n<p>Bidon 1L (12 x carton 1L)<\/p>\n<p>Bidon de 5L (4 cartons de 5L)<\/p>\n<p>F\u00fbt de 60L<\/p>\n<p>Tambour 208L<\/p>\n","protected":false},"excerpt":{"rendered":"<p>Cette huile moteur universelle a \u00e9t\u00e9 d\u00e9velopp\u00e9e selon le dernier \u00e9tat de la technique. L'huile est bas\u00e9e sur des huiles de base synth\u00e9tiques sp\u00e9cialement s\u00e9lectionn\u00e9es et enrichies d'additifs modernes. Il offre une protection optimale, une dur\u00e9e de vie plus longue et une grande fiabilit\u00e9. Il combine une excellente protection contre l'usure et une r\u00e9sistance \u00e0 [&hellip;]<\/p>\n","protected":false},"author":1,"featured_media":25473,"parent":621,"menu_order":0,"comment_status":"closed","ping_status":"closed","template":"product-page.php","meta":{"_acf_changed":false,"inline_featured_image":false,"footnotes":""},"class_list":["post-10894","page","type-page","status-publish","has-post-thumbnail","hentry"],"acf":[],"_links":{"self":[{"href":"https:\/\/xenum.com\/fr\/wp-json\/wp\/v2\/pages\/10894","targetHints":{"allow":["GET"]}}],"collection":[{"href":"https:\/\/xenum.com\/fr\/wp-json\/wp\/v2\/pages"}],"about":[{"href":"https:\/\/xenum.com\/fr\/wp-json\/wp\/v2\/types\/page"}],"author":[{"embeddable":true,"href":"https:\/\/xenum.com\/fr\/wp-json\/wp\/v2\/users\/1"}],"replies":[{"embeddable":true,"href":"https:\/\/xenum.com\/fr\/wp-json\/wp\/v2\/comments?post=10894"}],"version-history":[{"count":1,"href":"https:\/\/xenum.com\/fr\/wp-json\/wp\/v2\/pages\/10894\/revisions"}],"predecessor-version":[{"id":10895,"href":"https:\/\/xenum.com\/fr\/wp-json\/wp\/v2\/pages\/10894\/revisions\/10895"}],"up":[{"embeddable":true,"href":"https:\/\/xenum.com\/fr\/wp-json\/wp\/v2\/pages\/621"}],"wp:featuredmedia":[{"embeddable":true,"href":"https:\/\/xenum.com\/fr\/wp-json\/wp\/v2\/media\/25473"}],"wp:attachment":[{"href":"https:\/\/xenum.com\/fr\/wp-json\/wp\/v2\/media?parent=10894"}],"curies":[{"name":"wp","href":"https:\/\/api.w.org\/{rel}","templated":true}]}}