{"id":10878,"date":"2021-08-27T11:59:53","date_gmt":"2021-08-27T11:59:53","guid":{"rendered":"https:\/\/xenum.com\/?page_id=10878"},"modified":"2021-09-29T18:09:35","modified_gmt":"2021-09-29T18:09:35","slug":"copper-protect","status":"publish","type":"page","link":"https:\/\/xenum.com\/fr\/accueil\/produits\/entretien\/lubrifiants\/copper-protect\/","title":{"rendered":"Copper Protect"},"content":{"rendered":"<p>Copper protect est le rev\u00eatement de cuivre id\u00e9al pour presque toutes les surfaces. Il est utilis\u00e9 pour r\u00e9parer les surfaces endommag\u00e9es et pour affiner optiquement et aligner les zones soud\u00e9es et endommag\u00e9es sur les t\u00f4les, les goutti\u00e8res et les tubes en cuivre.<\/p>\n<h2><strong>PROPRI\u00c9T\u00c9S<\/strong><\/h2>\n<ul>\n<li>Fabriqu\u00e9 avec du cuivre pur \u00e0 99%<\/li>\n<li>R\u00e9sistant \u00e0 la d\u00e9shydratation<\/li>\n<li>Assure une protection contre les intemp\u00e9ries<\/li>\n<li>Emp\u00eache l'oxydation naturelle<\/li>\n<\/ul>\n<h2>MODE <strong>D'EMPLOI<\/strong><\/h2>\n<p>Nettoyer et s\u00e9cher soigneusement la surface. Enlever les taches de rouille. Amener le spray \u00e0 temp\u00e9rature ambiante (16 - 20\u00b0C) et bien secouer. Lorsque vous entendez la balle, secouez encore pendant 2 minutes. Pulv\u00e9riser \u00e0 une distance de 25 - 30 cm.<\/p>\n<h3><strong>APPLICATION<\/strong><\/h3>\n<p>Le spray pour cuivre peut \u00eatre utilis\u00e9 dans tous les domaines de l'entretien, du service et de la r\u00e9paration. En pulv\u00e9risant les surfaces m\u00e9talliques<\/p>\n<p>et PVC, on obtient une couche de cuivre naturellement oxydante.<\/p>\n<h3><strong>EMBALLAGE<\/strong><\/h3>\n<p>500ml | 12 x 500ml | r\u00e9f. 4281500<\/p>\n","protected":false},"excerpt":{"rendered":"<p>Copper protect est le rev\u00eatement de cuivre id\u00e9al pour presque toutes les surfaces. Il est utilis\u00e9 pour r\u00e9parer les surfaces endommag\u00e9es et pour affiner optiquement et aligner les zones soud\u00e9es et endommag\u00e9es sur les t\u00f4les, les goutti\u00e8res et les tubes en cuivre. PROPRI\u00c9T\u00c9S Fabriqu\u00e9 avec du cuivre pur \u00e0 99% R\u00e9sistant \u00e0 la d\u00e9shydratation Assure [&hellip;]<\/p>\n","protected":false},"author":1,"featured_media":17707,"parent":2385,"menu_order":11,"comment_status":"closed","ping_status":"closed","template":"product-page.php","meta":{"_acf_changed":false,"inline_featured_image":false,"footnotes":""},"class_list":["post-10878","page","type-page","status-publish","has-post-thumbnail","hentry"],"acf":[],"_links":{"self":[{"href":"https:\/\/xenum.com\/fr\/wp-json\/wp\/v2\/pages\/10878","targetHints":{"allow":["GET"]}}],"collection":[{"href":"https:\/\/xenum.com\/fr\/wp-json\/wp\/v2\/pages"}],"about":[{"href":"https:\/\/xenum.com\/fr\/wp-json\/wp\/v2\/types\/page"}],"author":[{"embeddable":true,"href":"https:\/\/xenum.com\/fr\/wp-json\/wp\/v2\/users\/1"}],"replies":[{"embeddable":true,"href":"https:\/\/xenum.com\/fr\/wp-json\/wp\/v2\/comments?post=10878"}],"version-history":[{"count":2,"href":"https:\/\/xenum.com\/fr\/wp-json\/wp\/v2\/pages\/10878\/revisions"}],"predecessor-version":[{"id":11245,"href":"https:\/\/xenum.com\/fr\/wp-json\/wp\/v2\/pages\/10878\/revisions\/11245"}],"up":[{"embeddable":true,"href":"https:\/\/xenum.com\/fr\/wp-json\/wp\/v2\/pages\/2385"}],"wp:featuredmedia":[{"embeddable":true,"href":"https:\/\/xenum.com\/fr\/wp-json\/wp\/v2\/media\/17707"}],"wp:attachment":[{"href":"https:\/\/xenum.com\/fr\/wp-json\/wp\/v2\/media?parent=10878"}],"curies":[{"name":"wp","href":"https:\/\/api.w.org\/{rel}","templated":true}]}}