{"id":10828,"date":"2021-08-25T14:58:04","date_gmt":"2021-08-25T14:58:04","guid":{"rendered":"https:\/\/xenum.com\/?page_id=10828"},"modified":"2023-05-16T12:48:07","modified_gmt":"2023-05-16T11:48:07","slug":"x-tran-s-75w140","status":"publish","type":"page","link":"https:\/\/xenum.com\/fr\/accueil\/produits\/huiles\/transmission\/manuelle\/x-tran-s-75w140\/","title":{"rendered":"X-TRAN S 75w140"},"content":{"rendered":"<p>Il s'agit d'un lubrifiant enti\u00e8rement synth\u00e9tique \u00e0 base d'huiles de base hautement raffin\u00e9es soigneusement s\u00e9lectionn\u00e9es. Il s'agit d'une huile de transmission haute performance pour tous les diff\u00e9rentiels, y compris ceux \u00e9quip\u00e9s d'un m\u00e9canisme de \"glissement limit\u00e9\". Elle se caract\u00e9rise par une stabilit\u00e9 de viscosit\u00e9 exceptionnellement \u00e9lev\u00e9e \u00e0 diff\u00e9rentes temp\u00e9ratures et une tr\u00e8s grande fluidit\u00e9 \u00e0 basse temp\u00e9rature.<\/p>\n<h2><strong>PROPRI\u00c9T\u00c9S<\/strong><\/h2>\n<p>Excellente activit\u00e9 contre les charges \u00e0 haute temp\u00e9rature<\/p>\n<p>Tr\u00e8s forte activit\u00e9 contre l'usure, la corrosion et la mousseFaible point d'\u00e9coulement<br \/>\nPropri\u00e9t\u00e9s extr\u00eame pression tr\u00e8s particuli\u00e8res<br \/>\nLargement utilisable<\/p>\n<h2><strong>APPLICATION<\/strong><\/h2>\n<p>Ce produit est utilis\u00e9 dans les essieux et les r\u00e9ducteurs fortement charg\u00e9s des voitures, des camions et des \u00e9quipements tout-terrain. Il pr\u00e9sente des caract\u00e9ristiques de \"glissement limit\u00e9\" et est sp\u00e9cifiquement recommand\u00e9 pour les v\u00e9hicules 4X4.<\/p>\n<h3><strong>SP\u00c9CIFICATIONS<\/strong><\/h3>\n<ul>\n<li>API: GL 4+<\/li>\n<li>GL-5<\/li>\n<li>BMW<\/li>\n<li>MIL: MIL-L-2105 E<\/li>\n<li>SCANIA STO 1.0 box<\/li>\n<li>MB 235.8<\/li>\n<li>IVECO<\/li>\n<li>RENAULT<\/li>\n<\/ul>\n<h3><strong>EMBALLAGE<\/strong><\/h3>\n<p>12X1L, 4X4L, 4X5L, 20L, 60L, 208L<\/p>\n","protected":false},"excerpt":{"rendered":"<p>Il s'agit d'un lubrifiant enti\u00e8rement synth\u00e9tique \u00e0 base d'huiles de base hautement raffin\u00e9es soigneusement s\u00e9lectionn\u00e9es. Il s'agit d'une huile de transmission haute performance pour tous les diff\u00e9rentiels, y compris ceux \u00e9quip\u00e9s d'un m\u00e9canisme de \"glissement limit\u00e9\". Elle se caract\u00e9rise par une stabilit\u00e9 de viscosit\u00e9 exceptionnellement \u00e9lev\u00e9e \u00e0 diff\u00e9rentes temp\u00e9ratures et une tr\u00e8s grande fluidit\u00e9 \u00e0 [&hellip;]<\/p>\n","protected":false},"author":1,"featured_media":15483,"parent":756,"menu_order":0,"comment_status":"closed","ping_status":"closed","template":"product-page.php","meta":{"_acf_changed":false,"inline_featured_image":false,"footnotes":""},"class_list":["post-10828","page","type-page","status-publish","has-post-thumbnail","hentry"],"acf":[],"_links":{"self":[{"href":"https:\/\/xenum.com\/fr\/wp-json\/wp\/v2\/pages\/10828","targetHints":{"allow":["GET"]}}],"collection":[{"href":"https:\/\/xenum.com\/fr\/wp-json\/wp\/v2\/pages"}],"about":[{"href":"https:\/\/xenum.com\/fr\/wp-json\/wp\/v2\/types\/page"}],"author":[{"embeddable":true,"href":"https:\/\/xenum.com\/fr\/wp-json\/wp\/v2\/users\/1"}],"replies":[{"embeddable":true,"href":"https:\/\/xenum.com\/fr\/wp-json\/wp\/v2\/comments?post=10828"}],"version-history":[{"count":4,"href":"https:\/\/xenum.com\/fr\/wp-json\/wp\/v2\/pages\/10828\/revisions"}],"predecessor-version":[{"id":22005,"href":"https:\/\/xenum.com\/fr\/wp-json\/wp\/v2\/pages\/10828\/revisions\/22005"}],"up":[{"embeddable":true,"href":"https:\/\/xenum.com\/fr\/wp-json\/wp\/v2\/pages\/756"}],"wp:featuredmedia":[{"embeddable":true,"href":"https:\/\/xenum.com\/fr\/wp-json\/wp\/v2\/media\/15483"}],"wp:attachment":[{"href":"https:\/\/xenum.com\/fr\/wp-json\/wp\/v2\/media?parent=10828"}],"curies":[{"name":"wp","href":"https:\/\/api.w.org\/{rel}","templated":true}]}}