{"id":10808,"date":"2021-08-25T13:47:31","date_gmt":"2021-08-25T13:47:31","guid":{"rendered":"https:\/\/xenum.com\/?page_id=10808"},"modified":"2023-05-16T10:51:32","modified_gmt":"2023-05-16T09:51:32","slug":"x-tran-s-75w80","status":"publish","type":"page","link":"https:\/\/xenum.com\/fr\/accueil\/produits\/huiles\/transmission\/manuelle\/x-tran-s-75w80\/","title":{"rendered":"X-TRAN S 75W80"},"content":{"rendered":"<p>Il s'agit d'un lubrifiant enti\u00e8rement synth\u00e9tique \u00e0 base d'huiles de base de tr\u00e8s haute qualit\u00e9 soigneusement s\u00e9lectionn\u00e9es, qui est recommand\u00e9 pour les transmissions manuelles de la plupart des v\u00e9hicules commerciaux. Il est adapt\u00e9 aux exigences des transmissions synchromesh, procurant un meilleur confort de passage des vitesses, une fluidit\u00e9 \u00e0 basse temp\u00e9rature et une dur\u00e9e de vie plus longue.<\/p>\n<h2><strong>PROPRI\u00c9T\u00c9S<\/strong><\/h2>\n<ul>\n<li>Bonne r\u00e9sistance \u00e0 l'oxydation<\/li>\n<li>Bonnes propri\u00e9t\u00e9s antirouille, anticorrosion et anti-mousse.<\/li>\n<li>Faible point d'\u00e9coulement<\/li>\n<li>Bonnes propri\u00e9t\u00e9s d'extr\u00eame pression (EP)<\/li>\n<\/ul>\n<h2><strong>APPLICATION<\/strong><\/h2>\n<p>Ce produit r\u00e9pond aux exigences de nombreux constructeurs de v\u00e9hicules utilitaires et\/ou fabricants de bo\u00eetes de vitesses, notamment DAF, IVECO, Eaton Europe (300.000 km ou 3 ans), Renault (conform\u00e9ment \u00e0 la norme B0032\/2 Annexe 3) et Volvo.<\/p>\n<h3><strong>SP\u00c9CIFICATIONS<\/strong><\/h3>\n<ul>\n<li>API: GL-4<\/li>\n<li>EATON: EXTENDED DRAIN<\/li>\n<li>IVECO: MEET REQUIREMENTS<\/li>\n<li>DAF: MEET REQUIREMENTS<\/li>\n<li>MAN: 341 E-3<\/li>\n<li>MAN: 341 Z-4<\/li>\n<li>MAN: 341 Z-5<\/li>\n<li>MB: 235.4<\/li>\n<li>RENAULT: B0032\/2 ANNEX 3<\/li>\n<li>VOLVO: 97305\/ 97307<\/li>\n<li>ZF: TE-ML 01L \/ 02L \/ 08 \/ 13 \/ 16K \/ 24A<\/li>\n<\/ul>\n<h3><strong>EMBALLAGE<\/strong><\/h3>\n<p>12X1L, 4X4L, 4X5L, 20L, 60L, 208L<\/p>\n","protected":false},"excerpt":{"rendered":"<p>Il s'agit d'un lubrifiant enti\u00e8rement synth\u00e9tique \u00e0 base d'huiles de base de tr\u00e8s haute qualit\u00e9 soigneusement s\u00e9lectionn\u00e9es, qui est recommand\u00e9 pour les transmissions manuelles de la plupart des v\u00e9hicules commerciaux. Il est adapt\u00e9 aux exigences des transmissions synchromesh, procurant un meilleur confort de passage des vitesses, une fluidit\u00e9 \u00e0 basse temp\u00e9rature et une dur\u00e9e de [&hellip;]<\/p>\n","protected":false},"author":1,"featured_media":11091,"parent":756,"menu_order":0,"comment_status":"closed","ping_status":"closed","template":"product-page.php","meta":{"_acf_changed":false,"inline_featured_image":false,"footnotes":""},"class_list":["post-10808","page","type-page","status-publish","has-post-thumbnail","hentry"],"acf":[],"_links":{"self":[{"href":"https:\/\/xenum.com\/fr\/wp-json\/wp\/v2\/pages\/10808","targetHints":{"allow":["GET"]}}],"collection":[{"href":"https:\/\/xenum.com\/fr\/wp-json\/wp\/v2\/pages"}],"about":[{"href":"https:\/\/xenum.com\/fr\/wp-json\/wp\/v2\/types\/page"}],"author":[{"embeddable":true,"href":"https:\/\/xenum.com\/fr\/wp-json\/wp\/v2\/users\/1"}],"replies":[{"embeddable":true,"href":"https:\/\/xenum.com\/fr\/wp-json\/wp\/v2\/comments?post=10808"}],"version-history":[{"count":4,"href":"https:\/\/xenum.com\/fr\/wp-json\/wp\/v2\/pages\/10808\/revisions"}],"predecessor-version":[{"id":21974,"href":"https:\/\/xenum.com\/fr\/wp-json\/wp\/v2\/pages\/10808\/revisions\/21974"}],"up":[{"embeddable":true,"href":"https:\/\/xenum.com\/fr\/wp-json\/wp\/v2\/pages\/756"}],"wp:featuredmedia":[{"embeddable":true,"href":"https:\/\/xenum.com\/fr\/wp-json\/wp\/v2\/media\/11091"}],"wp:attachment":[{"href":"https:\/\/xenum.com\/fr\/wp-json\/wp\/v2\/media?parent=10808"}],"curies":[{"name":"wp","href":"https:\/\/api.w.org\/{rel}","templated":true}]}}