{"id":10640,"date":"2021-08-18T13:47:39","date_gmt":"2021-08-18T13:47:39","guid":{"rendered":"https:\/\/xenum.com\/?page_id=10640"},"modified":"2023-10-04T08:46:28","modified_gmt":"2023-10-04T07:46:28","slug":"xa-tran-dx-iiih","status":"publish","type":"page","link":"https:\/\/xenum.com\/fr\/accueil\/produits\/huiles\/transmission\/automatique\/xa-tran-dx-iiih\/","title":{"rendered":"XA-TRAN DX IIIH"},"content":{"rendered":"<p>Il s'agit d'un lubrifiant min\u00e9ral \u00e0 base d'huiles de base hautement raffin\u00e9es et soigneusement s\u00e9lectionn\u00e9es. C'est une huile avec un indice de viscosit\u00e9 tr\u00e8s \u00e9lev\u00e9 pour la plupart des transmissions automatiques. Sa fluidit\u00e9 am\u00e9lior\u00e9e \u00e0 basse temp\u00e9rature assure des performances optimales dans toutes les conditions. Ses caract\u00e9ristiques de frottement exceptionnelles assurent une commutation en douceur et un confort de conduite.<\/p>\n<h2><strong>PROPRI\u00c9T\u00c9S<\/strong><\/h2>\n<ul>\n<li>Indice de viscosit\u00e9 tr\u00e8s \u00e9lev\u00e9 et stable<\/li>\n<li>Point d'\u00e9coulement tr\u00e8s bas<\/li>\n<li>Excellente stabilit\u00e9 \u00e0 l'oxydation<\/li>\n<li>Propri\u00e9t\u00e9s anti-usure exceptionnelles<\/li>\n<li>Propri\u00e9t\u00e9s de friction sp\u00e9cifiques et, par cons\u00e9quent, faible niveau de bruit et souplesse de commutation<\/li>\n<li>Compatibilit\u00e9 parfaite avec les joints et les m\u00e9taux non ferreux.<\/li>\n<\/ul>\n<h2><strong>APPLICATION<\/strong><\/h2>\n<p>Ce fluide peut \u00eatre utilis\u00e9 pour les transmissions automatiques des voitures particuli\u00e8res et des v\u00e9hicules commerciaux. Il est recommand\u00e9 de suivre les instructions du fabricant.<\/p>\n<h3><strong>SP\u00c9CIFICATIONS<\/strong><\/h3>\n<ul>\n<li>Dexron IID \/ IIE \/ IIIF \/ IIIG \/ IIIH<\/li>\n<li>DTFR 13C100 \/ 13C140 \/ 13C170<\/li>\n<li>MB 236.1 \/ 236.5 \/ 236.6 \/ 236.7 \/ 236.9<\/li>\n<li>Ford Mercon \/ M2C138-CJ \/ 166-H<\/li>\n<li>MAN 339 Typ Z1 \/ V1<\/li>\n<li>Allison C4 \/ TES-389<\/li>\n<li>Cat TO-2<\/li>\n<li>Voith 55.6335 (G607)<\/li>\n<li>Volvo 97341<\/li>\n<li>ZF TE-ML 02F \/ 03D \/ 04D \/ 09A \/ 09B \/ 11A \/ 11B \/ 14A \/ 17C<\/li>\n<\/ul>\n<h3><strong>EMBALLAGE<\/strong><\/h3>\n<p>Bidon 1L (12 x carton 1L)<\/p>\n<p>F\u00fbt 20L<\/p>\n<p>F\u00fbt de 60 litres<\/p>\n<p>F\u00fbt de 208 L<\/p>\n","protected":false},"excerpt":{"rendered":"<p>Il s'agit d'un lubrifiant min\u00e9ral \u00e0 base d'huiles de base hautement raffin\u00e9es et soigneusement s\u00e9lectionn\u00e9es. C'est une huile avec un indice de viscosit\u00e9 tr\u00e8s \u00e9lev\u00e9 pour la plupart des transmissions automatiques. Sa fluidit\u00e9 am\u00e9lior\u00e9e \u00e0 basse temp\u00e9rature assure des performances optimales dans toutes les conditions. Ses caract\u00e9ristiques de frottement exceptionnelles assurent une commutation en douceur [&hellip;]<\/p>\n","protected":false},"author":1,"featured_media":11060,"parent":733,"menu_order":4,"comment_status":"closed","ping_status":"closed","template":"product-page.php","meta":{"_acf_changed":false,"inline_featured_image":false,"footnotes":""},"class_list":["post-10640","page","type-page","status-publish","has-post-thumbnail","hentry"],"acf":[],"_links":{"self":[{"href":"https:\/\/xenum.com\/fr\/wp-json\/wp\/v2\/pages\/10640","targetHints":{"allow":["GET"]}}],"collection":[{"href":"https:\/\/xenum.com\/fr\/wp-json\/wp\/v2\/pages"}],"about":[{"href":"https:\/\/xenum.com\/fr\/wp-json\/wp\/v2\/types\/page"}],"author":[{"embeddable":true,"href":"https:\/\/xenum.com\/fr\/wp-json\/wp\/v2\/users\/1"}],"replies":[{"embeddable":true,"href":"https:\/\/xenum.com\/fr\/wp-json\/wp\/v2\/comments?post=10640"}],"version-history":[{"count":3,"href":"https:\/\/xenum.com\/fr\/wp-json\/wp\/v2\/pages\/10640\/revisions"}],"predecessor-version":[{"id":24719,"href":"https:\/\/xenum.com\/fr\/wp-json\/wp\/v2\/pages\/10640\/revisions\/24719"}],"up":[{"embeddable":true,"href":"https:\/\/xenum.com\/fr\/wp-json\/wp\/v2\/pages\/733"}],"wp:featuredmedia":[{"embeddable":true,"href":"https:\/\/xenum.com\/fr\/wp-json\/wp\/v2\/media\/11060"}],"wp:attachment":[{"href":"https:\/\/xenum.com\/fr\/wp-json\/wp\/v2\/media?parent=10640"}],"curies":[{"name":"wp","href":"https:\/\/api.w.org\/{rel}","templated":true}]}}