{"id":10585,"date":"2021-08-18T11:50:53","date_gmt":"2021-08-18T11:50:53","guid":{"rendered":"https:\/\/xenum.com\/?page_id=10585"},"modified":"2022-04-26T10:28:22","modified_gmt":"2022-04-26T09:28:22","slug":"xa-tran-m15","status":"publish","type":"page","link":"https:\/\/xenum.com\/fr\/accueil\/produits\/huiles\/transmission\/automatique\/xa-tran-m15\/","title":{"rendered":"XA-TRAN M15"},"content":{"rendered":"<p>Il s'agit d'un lubrifiant enti\u00e8rement synth\u00e9tique \u00e0 base d'huiles de base de tr\u00e8s haute qualit\u00e9 soigneusement s\u00e9lectionn\u00e9es, destin\u00e9 aux derni\u00e8res transmissions automatiques \u00e0 7 vitesses de MB (NAG2FE+). Il offre une excellente r\u00e9sistance au frottement, des performances sup\u00e9rieures et une \u00e9conomie de carburant.<\/p>\n<h2><strong>PROPRI\u00c9T\u00c9S<\/strong><\/h2>\n<ul>\n<li>Contribution importante \u00e0 l'\u00e9conomie de carburant.<\/li>\n<li>Excellente lubrification.<\/li>\n<li>Tr\u00e8s bonne r\u00e9sistance \u00e0 l'oxydation et une tr\u00e8s grande stabilit\u00e9 thermique.<\/li>\n<li>Excellentes caract\u00e9ristiques de frottement tr\u00e8s stables qui permettent d'allonger les intervalles de remplacement de l'huile.<\/li>\n<li>Excellente r\u00e9sistance au moussage.<\/li>\n<li>Excellente protection contre l'usure.<\/li>\n<li>Un indice de viscosit\u00e9 tr\u00e8s \u00e9lev\u00e9 et stable.<\/li>\n<\/ul>\n<h2><strong>SP\u00c9CIFICATIONS<\/strong><\/h2>\n<p>MB : 236.15<\/p>\n<h3><strong>APPLICATION<\/strong><\/h3>\n<p>Ce produit synth\u00e9tique haut de gamme est sp\u00e9cialement formul\u00e9 pour la lubrification de la derni\u00e8re g\u00e9n\u00e9ration de transmissions automatiques 7G-Tronic Plus de Mercedes-Benz pour lesquelles une huile r\u00e9pondant \u00e0 la sp\u00e9cification MB 236.15 est requise. Cette huile contribue consid\u00e9rablement \u00e0 la r\u00e9alisation d'\u00e9conomies de carburant.<\/p>\n<h3><strong>EMBALLAGE<\/strong><\/h3>\n<p>Bidon de 1L (12 x carton de 1L)<\/p>\n<p>F\u00fbt 20L<\/p>\n<p>F\u00fbt de 60 litres<\/p>\n<p>F\u00fbt de 208 litres<\/p>\n","protected":false},"excerpt":{"rendered":"<p>Il s'agit d'un lubrifiant enti\u00e8rement synth\u00e9tique \u00e0 base d'huiles de base de tr\u00e8s haute qualit\u00e9 soigneusement s\u00e9lectionn\u00e9es, destin\u00e9 aux derni\u00e8res transmissions automatiques \u00e0 7 vitesses de MB (NAG2FE+). Il offre une excellente r\u00e9sistance au frottement, des performances sup\u00e9rieures et une \u00e9conomie de carburant. PROPRI\u00c9T\u00c9S Contribution importante \u00e0 l'\u00e9conomie de carburant. Excellente lubrification. Tr\u00e8s bonne r\u00e9sistance [&hellip;]<\/p>\n","protected":false},"author":1,"featured_media":25524,"parent":733,"menu_order":9,"comment_status":"closed","ping_status":"closed","template":"product-page.php","meta":{"_acf_changed":false,"inline_featured_image":false,"footnotes":""},"class_list":["post-10585","page","type-page","status-publish","has-post-thumbnail","hentry"],"acf":[],"_links":{"self":[{"href":"https:\/\/xenum.com\/fr\/wp-json\/wp\/v2\/pages\/10585","targetHints":{"allow":["GET"]}}],"collection":[{"href":"https:\/\/xenum.com\/fr\/wp-json\/wp\/v2\/pages"}],"about":[{"href":"https:\/\/xenum.com\/fr\/wp-json\/wp\/v2\/types\/page"}],"author":[{"embeddable":true,"href":"https:\/\/xenum.com\/fr\/wp-json\/wp\/v2\/users\/1"}],"replies":[{"embeddable":true,"href":"https:\/\/xenum.com\/fr\/wp-json\/wp\/v2\/comments?post=10585"}],"version-history":[{"count":4,"href":"https:\/\/xenum.com\/fr\/wp-json\/wp\/v2\/pages\/10585\/revisions"}],"predecessor-version":[{"id":23318,"href":"https:\/\/xenum.com\/fr\/wp-json\/wp\/v2\/pages\/10585\/revisions\/23318"}],"up":[{"embeddable":true,"href":"https:\/\/xenum.com\/fr\/wp-json\/wp\/v2\/pages\/733"}],"wp:featuredmedia":[{"embeddable":true,"href":"https:\/\/xenum.com\/fr\/wp-json\/wp\/v2\/media\/25524"}],"wp:attachment":[{"href":"https:\/\/xenum.com\/fr\/wp-json\/wp\/v2\/media?parent=10585"}],"curies":[{"name":"wp","href":"https:\/\/api.w.org\/{rel}","templated":true}]}}