{"id":10539,"date":"2021-08-18T09:14:27","date_gmt":"2021-08-18T09:14:27","guid":{"rendered":"https:\/\/xenum.com\/?page_id=10539"},"modified":"2023-03-28T12:45:29","modified_gmt":"2023-03-28T11:45:29","slug":"semix-10w40","status":"publish","type":"page","link":"https:\/\/xenum.com\/fr\/accueil\/produits\/huiles\/moteur\/hybride-synthetique\/semix-10w40\/","title":{"rendered":"SEMIX 10W40"},"content":{"rendered":"<p>Huile moteur synth\u00e9tique hybride universelle, \u00e9conome en carburant, sp\u00e9cialement compos\u00e9e, recommand\u00e9e pour les moteurs \u00e0 essence et diesel, avec ou sans turbocompresseur, des voitures particuli\u00e8res et des camionnettes de livraison.<\/p>\n<h2><strong>PROPRI\u00c9T\u00c9<\/strong><\/h2>\n<ul>\n<li>R\u00e9duit la consommation d'huile.<\/li>\n<li>Indice de viscosit\u00e9 tr\u00e8s stable.<\/li>\n<li>Haute r\u00e9sistance au cisaillement.<\/li>\n<li>Augmente la pression d'huile.<\/li>\n<li>Forte r\u00e9sistance et protection contre l'usure.<\/li>\n<li>Puissante d\u00e9tergence qui emp\u00eache les d\u00e9p\u00f4ts dans le moteur.<\/li>\n<li>Film lubrifiant s\u00fbr.<\/li>\n<li>Tr\u00e8s bonne d\u00e9tergence.<\/li>\n<\/ul>\n<h2><strong>APPLICATION<\/strong><\/h2>\n<p>Recommand\u00e9 pour l'utilisation dans tous les moteurs \u00e0 essence et diesel, avec ou sans turbocompresseur, dans les voitures de tourisme et les fourgonnettes de livraison o\u00f9 les sp\u00e9cifications conformes sont requises. Appliquer la quantit\u00e9 correcte d'huile indiqu\u00e9e dans le mode d'emploi du constructeur du v\u00e9hicule et du moteur.<\/p>\n<h3><strong>SP\u00c9CIFICATIONS<\/strong><\/h3>\n<ul>\n<li>ACEA A3\/B4<\/li>\n<li>API SN\/CF<\/li>\n<li>MB 229.1<\/li>\n<li>RN0700<\/li>\n<li>VW501.01\/505.00<\/li>\n<\/ul>\n<h3><strong>EMBALLAGE<\/strong><\/h3>\n<p>12X1L, 4X4L, 4X5L, 20L, 60L, 208L<\/p>\n","protected":false},"excerpt":{"rendered":"<p>Huile moteur synth\u00e9tique hybride universelle, \u00e9conome en carburant, sp\u00e9cialement compos\u00e9e, recommand\u00e9e pour les moteurs \u00e0 essence et diesel, avec ou sans turbocompresseur, des voitures particuli\u00e8res et des camionnettes de livraison. PROPRI\u00c9T\u00c9 R\u00e9duit la consommation d'huile. Indice de viscosit\u00e9 tr\u00e8s stable. Haute r\u00e9sistance au cisaillement. Augmente la pression d'huile. Forte r\u00e9sistance et protection contre l'usure. Puissante [&hellip;]<\/p>\n","protected":false},"author":1,"featured_media":11019,"parent":9599,"menu_order":7,"comment_status":"closed","ping_status":"closed","template":"product-page.php","meta":{"_acf_changed":false,"inline_featured_image":false,"footnotes":""},"class_list":["post-10539","page","type-page","status-publish","has-post-thumbnail","hentry"],"acf":[],"_links":{"self":[{"href":"https:\/\/xenum.com\/fr\/wp-json\/wp\/v2\/pages\/10539","targetHints":{"allow":["GET"]}}],"collection":[{"href":"https:\/\/xenum.com\/fr\/wp-json\/wp\/v2\/pages"}],"about":[{"href":"https:\/\/xenum.com\/fr\/wp-json\/wp\/v2\/types\/page"}],"author":[{"embeddable":true,"href":"https:\/\/xenum.com\/fr\/wp-json\/wp\/v2\/users\/1"}],"replies":[{"embeddable":true,"href":"https:\/\/xenum.com\/fr\/wp-json\/wp\/v2\/comments?post=10539"}],"version-history":[{"count":5,"href":"https:\/\/xenum.com\/fr\/wp-json\/wp\/v2\/pages\/10539\/revisions"}],"predecessor-version":[{"id":21285,"href":"https:\/\/xenum.com\/fr\/wp-json\/wp\/v2\/pages\/10539\/revisions\/21285"}],"up":[{"embeddable":true,"href":"https:\/\/xenum.com\/fr\/wp-json\/wp\/v2\/pages\/9599"}],"wp:featuredmedia":[{"embeddable":true,"href":"https:\/\/xenum.com\/fr\/wp-json\/wp\/v2\/media\/11019"}],"wp:attachment":[{"href":"https:\/\/xenum.com\/fr\/wp-json\/wp\/v2\/media?parent=10539"}],"curies":[{"name":"wp","href":"https:\/\/api.w.org\/{rel}","templated":true}]}}