{"id":10493,"date":"2021-08-13T13:56:42","date_gmt":"2021-08-13T13:56:42","guid":{"rendered":"https:\/\/xenum.com\/?page_id=10493"},"modified":"2023-06-22T12:28:37","modified_gmt":"2023-06-22T11:28:37","slug":"semix-5w40","status":"publish","type":"page","link":"https:\/\/xenum.com\/fr\/accueil\/produits\/huiles\/moteur\/hybride-synthetique\/semix-5w40\/","title":{"rendered":"SEMIX 5W40"},"content":{"rendered":"<p>SEMIX 5W40 est une huile moteur synth\u00e9tique hybride sp\u00e9cialement formul\u00e9e pour les moteurs \u00e0 essence et diesel, turbocompress\u00e9s ou non, des voitures particuli\u00e8res et des camionnettes. Cette huile polyvalente est con\u00e7ue pour offrir une excellente protection contre l'usure et am\u00e9liorer l'\u00e9conomie de carburant.<\/p>\n<h2><strong>PROPRI\u00c9T\u00c9S<\/strong><\/h2>\n<ul>\n<li>Offre une excellente protection contre le frottement et l'usure<\/li>\n<li>Am\u00e9liore l'\u00e9conomie de carburant<\/li>\n<li>R\u00e9duit les \u00e9missions de CO\u2082.<\/li>\n<li>Am\u00e9liore les performances de d\u00e9marrage \u00e0 froid<\/li>\n<li>Pr\u00e9sente une forte d\u00e9tergence pour \u00e9viter les d\u00e9p\u00f4ts dans le moteur<\/li>\n<li>Offre une excellente r\u00e9sistance \u00e0 l'oxydation et au cisaillement<\/li>\n<li>Maintient un indice de viscosit\u00e9 stable<\/li>\n<li>Pr\u00e9sente une fluidit\u00e9 exceptionnelle \u00e0 basse temp\u00e9rature.<\/li>\n<\/ul>\n<h2><strong>APPLICATION<\/strong><\/h2>\n<p>Sp\u00e9cifiquement formul\u00e9 pour les moteurs \u00e0 essence haute performance, ainsi que pour les moteurs diesel turbocompress\u00e9s et \u00e0 injection directe des voitures particuli\u00e8res. Ne convient pas aux v\u00e9hicules \u00e9quip\u00e9s d'un filtre \u00e0 particules diesel.<\/p>\n<h3><strong>SP\u00c9CIFICATIONS<\/strong><\/h3>\n<ul>\n<li>ACEA: A3\/B4<\/li>\n<li>API: SN\/CF<\/li>\n<li>BMW: LONGLIFE-01<\/li>\n<li>MB: 226.5<\/li>\n<li>MB: 229.3<\/li>\n<li>OPEL: GM-LL-B-025<\/li>\n<li>Fiat 9.55535-M2<\/li>\n<li>PORSCHE: A40<\/li>\n<li>PSA: B71 2296<\/li>\n<li>RENAULT: RN 0700<\/li>\n<li>RENAULT: RN 0710<\/li>\n<li>VW: 502 00<\/li>\n<li>VW: 505 00<\/li>\n<li>VW: 505 01<\/li>\n<\/ul>\n<h3><strong>EMBALLAGE<\/strong><\/h3>\n<p>12X1L, 4X4L, 4X5L, 20L, 60L, 208L<\/p>\n","protected":false},"excerpt":{"rendered":"<p>SEMIX 5W40 est une huile moteur synth\u00e9tique hybride sp\u00e9cialement formul\u00e9e pour les moteurs \u00e0 essence et diesel, turbocompress\u00e9s ou non, des voitures particuli\u00e8res et des camionnettes. Cette huile polyvalente est con\u00e7ue pour offrir une excellente protection contre l'usure et am\u00e9liorer l'\u00e9conomie de carburant. PROPRI\u00c9T\u00c9S Offre une excellente protection contre le frottement et l'usure Am\u00e9liore l'\u00e9conomie [&hellip;]<\/p>\n","protected":false},"author":1,"featured_media":11028,"parent":9599,"menu_order":5,"comment_status":"closed","ping_status":"closed","template":"product-page.php","meta":{"_acf_changed":false,"inline_featured_image":false,"footnotes":""},"class_list":["post-10493","page","type-page","status-publish","has-post-thumbnail","hentry"],"acf":[],"_links":{"self":[{"href":"https:\/\/xenum.com\/fr\/wp-json\/wp\/v2\/pages\/10493","targetHints":{"allow":["GET"]}}],"collection":[{"href":"https:\/\/xenum.com\/fr\/wp-json\/wp\/v2\/pages"}],"about":[{"href":"https:\/\/xenum.com\/fr\/wp-json\/wp\/v2\/types\/page"}],"author":[{"embeddable":true,"href":"https:\/\/xenum.com\/fr\/wp-json\/wp\/v2\/users\/1"}],"replies":[{"embeddable":true,"href":"https:\/\/xenum.com\/fr\/wp-json\/wp\/v2\/comments?post=10493"}],"version-history":[{"count":5,"href":"https:\/\/xenum.com\/fr\/wp-json\/wp\/v2\/pages\/10493\/revisions"}],"predecessor-version":[{"id":23411,"href":"https:\/\/xenum.com\/fr\/wp-json\/wp\/v2\/pages\/10493\/revisions\/23411"}],"up":[{"embeddable":true,"href":"https:\/\/xenum.com\/fr\/wp-json\/wp\/v2\/pages\/9599"}],"wp:featuredmedia":[{"embeddable":true,"href":"https:\/\/xenum.com\/fr\/wp-json\/wp\/v2\/media\/11028"}],"wp:attachment":[{"href":"https:\/\/xenum.com\/fr\/wp-json\/wp\/v2\/media?parent=10493"}],"curies":[{"name":"wp","href":"https:\/\/api.w.org\/{rel}","templated":true}]}}