{"id":10400,"date":"2021-08-12T12:40:28","date_gmt":"2021-08-12T12:40:28","guid":{"rendered":"https:\/\/xenum.com\/?page_id=10400"},"modified":"2021-08-13T12:23:23","modified_gmt":"2021-08-13T12:23:23","slug":"10400-2","status":"publish","type":"page","link":"https:\/\/xenum.com\/fr\/accueil\/produits\/huiles\/hydrolic\/10400-2\/","title":{"rendered":"HYDRAX 32"},"content":{"rendered":"<p>Huile hydraulique EP de qualit\u00e9 sup\u00e9rieure \u00e0 base d'huiles de base s\u00e9lectionn\u00e9es, raffin\u00e9es par solvant, ayant un indice de viscosit\u00e9 naturel, avec addition d'additifs pour obtenir les propri\u00e9t\u00e9s suivantes.<\/p>\n<h2>PROPRI\u00c9T\u00c9S<\/h2>\n<ul>\n<li>Une excellente protection contre l'usure<\/li>\n<li>Une tr\u00e8s bonne activit\u00e9 contre la rouille et la corrosion<\/li>\n<li>Une excellente stabilit\u00e9 contre l'oxydation<\/li>\n<li>T\u00e8s bonnes propri\u00e9t\u00e9s de d\u00e9s\u00e9mulsification<\/li>\n<li>Tr\u00e8s bonnes propri\u00e9t\u00e9s de d\u00e9sa\u00e9ration et de suppression de la mousse<\/li>\n<li>Bonne compatibilit\u00e9 avec les joints et les garnitures d'\u00e9tanch\u00e9it\u00e9 en mati\u00e8re synth\u00e9tique<\/li>\n<li>Faible point d'\u00e9coulement<\/li>\n<\/ul>\n<h2><strong>APPLICATION<\/strong><\/h2>\n<p>Ce type de fluide hydraulique peut \u00eatre utilis\u00e9 pour les \u00e9quipements hydrauliques lourds, ainsi que pour les bo\u00eetes d'engrenages et les roulements l\u00e9gers. Cette huile hydraulique peut \u00e9galement \u00eatre utilis\u00e9e pour les syst\u00e8mes de lubrification, la lubrification g\u00e9n\u00e9rale et les pompes \u00e0 vide (\u00e0 l'exclusion des turbines). Ce fluide n'est pas compatible avec les syst\u00e8mes contenant des pi\u00e8ces ou des \u00e9quipements avec un rev\u00eatement argent\u00e9.<\/p>\n","protected":false},"excerpt":{"rendered":"<p>Huile hydraulique EP de qualit\u00e9 sup\u00e9rieure \u00e0 base d'huiles de base s\u00e9lectionn\u00e9es, raffin\u00e9es par solvant, ayant un indice de viscosit\u00e9 naturel, avec addition d'additifs pour obtenir les propri\u00e9t\u00e9s suivantes. PROPRI\u00c9T\u00c9S Une excellente protection contre l'usure Une tr\u00e8s bonne activit\u00e9 contre la rouille et la corrosion Une excellente stabilit\u00e9 contre l'oxydation T\u00e8s bonnes propri\u00e9t\u00e9s de d\u00e9s\u00e9mulsification [&hellip;]<\/p>\n","protected":false},"author":1,"featured_media":998,"parent":5920,"menu_order":0,"comment_status":"closed","ping_status":"closed","template":"product-page.php","meta":{"_acf_changed":false,"inline_featured_image":false,"footnotes":""},"class_list":["post-10400","page","type-page","status-publish","has-post-thumbnail","hentry"],"acf":[],"_links":{"self":[{"href":"https:\/\/xenum.com\/fr\/wp-json\/wp\/v2\/pages\/10400","targetHints":{"allow":["GET"]}}],"collection":[{"href":"https:\/\/xenum.com\/fr\/wp-json\/wp\/v2\/pages"}],"about":[{"href":"https:\/\/xenum.com\/fr\/wp-json\/wp\/v2\/types\/page"}],"author":[{"embeddable":true,"href":"https:\/\/xenum.com\/fr\/wp-json\/wp\/v2\/users\/1"}],"replies":[{"embeddable":true,"href":"https:\/\/xenum.com\/fr\/wp-json\/wp\/v2\/comments?post=10400"}],"version-history":[{"count":4,"href":"https:\/\/xenum.com\/fr\/wp-json\/wp\/v2\/pages\/10400\/revisions"}],"predecessor-version":[{"id":10451,"href":"https:\/\/xenum.com\/fr\/wp-json\/wp\/v2\/pages\/10400\/revisions\/10451"}],"up":[{"embeddable":true,"href":"https:\/\/xenum.com\/fr\/wp-json\/wp\/v2\/pages\/5920"}],"wp:featuredmedia":[{"embeddable":true,"href":"https:\/\/xenum.com\/fr\/wp-json\/wp\/v2\/media\/998"}],"wp:attachment":[{"href":"https:\/\/xenum.com\/fr\/wp-json\/wp\/v2\/media?parent=10400"}],"curies":[{"name":"wp","href":"https:\/\/api.w.org\/{rel}","templated":true}]}}