{"id":10207,"date":"2021-03-12T10:46:25","date_gmt":"2021-03-12T10:46:25","guid":{"rendered":"https:\/\/xenum.com\/?page_id=10207"},"modified":"2021-03-12T11:13:43","modified_gmt":"2021-03-12T11:13:43","slug":"full-detox-pro2","status":"publish","type":"page","link":"https:\/\/xenum.com\/fr\/accueil\/produits\/additifs\/carburant\/diesel-nettoyants\/full-detox-pro2\/","title":{"rendered":"Full Detox Pro"},"content":{"rendered":"<p>Additif d\u2019avant-garde multifonctionsp\u00e9cialement con\u00e7u pourtous lesmoteurs diesel et essence, \u00e9quip\u00e9s de syst\u00e8mes de traitement des gaz d\u2019\u00e9chappement (FAP).<\/p>\n<ul>\n<li>Puissant nettoyage de tout le syst\u00e8me d\u2019injection de carburant<\/li>\n<li>Epuration actif et effectif du filtre \u00e0 particule (FAP) et les aubes variables du turbocompresseur<\/li>\n<\/ul>\n<h2><strong>Avantages<\/strong><\/h2>\n<ul>\n<li>Plus grande \u00e9conomie de carburant<\/li>\n<li>Am\u00e9lioration du fonctionnement, du rendement et de la puissance du moteur<\/li>\n<li>Fonctionnement impeccable du syst\u00e8me FAP et catalyseur<\/li>\n<li>Maintient la propret\u00e9 du turbo et du syst\u00e8me d\u2019\u00e9chappement<\/li>\n<li>Diminution d\u2019\u00e9missions toxiques et de fum\u00e9e. Ceci facilite le passage au contr\u00f4le technique antipollution<\/li>\n<li>Fiabilit\u00e9 accrue du moteur<\/li>\n<li>Maintient la propret\u00e9 des injecteurs, de l\u2019EGR et du FAP<\/li>\n<\/ul>\n<h2><strong>Propri\u00e9t\u00e9s<\/strong><\/h2>\n<ul>\n<li>Nettoie et lubrifie le syst\u00e8me d'injection de carburant et les pompes<\/li>\n<li>Acc\u00e9l\u00e8re la r\u00e9g\u00e9n\u00e9ration du filtre \u00e0 particules Dieselet essence<\/li>\n<li>Prot\u00e8ge le syst\u00e8me d'admission et la vanne EGR des d\u00e9p\u00f4ts<\/li>\n<li>Maintient la propret\u00e9 du syst\u00e8me turbo etde l'\u00e9chappement<\/li>\n<\/ul>\n<h2><strong>Application<\/strong><\/h2>\n<p>A utiliser en service r\u00e9gulier ou en cas de probl\u00e8me. Les sp\u00e9cialistes de XENUM recommandent de nettoyer le DPF\/GPF et le syst\u00e8me d'injection au moins une fois par an. Recommand\u00e9 pour tous les moteurs \u00e0 combustion, y compris les derni\u00e8res g\u00e9n\u00e9rations \u00e0 injection haute pression et \u00e0 injection directe avec EGR, filtre \u00e0 particules diesel\/essence et catalyseur. Peut \u00eatre utilis\u00e9 dans les moteurs de camions, de tracteurs, de construction, de v\u00e9hicules autonomes et de voitures. Compatible avec les biocarburants.<\/p>\n<h3>Mode d'emploi<\/h3>\n<p>Pr\u00e9ventif :Ajouter un bidon (1L) au carburant avant de remplir jusqu'\u00e0 70 litres de carburant. R\u00e9p\u00e9tez ce traitement chaque ann\u00e9e ou tous les 15 000 km.<br \/>\nCuratif :Ajoutez le contenu (1L)au r\u00e9servoir et ajoutez du carburant jusqu'\u00e0 ce qu'il contienne 30L \u00e0 50L de carburant. Conduisez le v\u00e9hicule plusieurs fois \u00e0 forte charge et \u00e0 haut r\u00e9gime (>3000 tr\/min) afin de chauffer les syst\u00e8mes d'\u00e9chappement, de turbo et de post-traitement<\/p>\n<h3>Conditionment<\/h3>\n<p>1L flacon (12 x 1L \/boite)<\/p>\n","protected":false},"excerpt":{"rendered":"<p>Additif d\u2019avant-garde multifonctionsp\u00e9cialement con\u00e7u pourtous lesmoteurs diesel et essence, \u00e9quip\u00e9s de syst\u00e8mes de traitement des gaz d\u2019\u00e9chappement (FAP). Puissant nettoyage de tout le syst\u00e8me d\u2019injection de carburant Epuration actif et effectif du filtre \u00e0 particule (FAP) et les aubes variables du turbocompresseur Avantages Plus grande \u00e9conomie de carburant Am\u00e9lioration du fonctionnement, du rendement et de [&hellip;]<\/p>\n","protected":false},"author":1,"featured_media":10196,"parent":1179,"menu_order":0,"comment_status":"closed","ping_status":"closed","template":"product-page.php","meta":{"_acf_changed":false,"inline_featured_image":false,"footnotes":""},"class_list":["post-10207","page","type-page","status-publish","has-post-thumbnail","hentry"],"acf":[],"_links":{"self":[{"href":"https:\/\/xenum.com\/fr\/wp-json\/wp\/v2\/pages\/10207","targetHints":{"allow":["GET"]}}],"collection":[{"href":"https:\/\/xenum.com\/fr\/wp-json\/wp\/v2\/pages"}],"about":[{"href":"https:\/\/xenum.com\/fr\/wp-json\/wp\/v2\/types\/page"}],"author":[{"embeddable":true,"href":"https:\/\/xenum.com\/fr\/wp-json\/wp\/v2\/users\/1"}],"replies":[{"embeddable":true,"href":"https:\/\/xenum.com\/fr\/wp-json\/wp\/v2\/comments?post=10207"}],"version-history":[{"count":2,"href":"https:\/\/xenum.com\/fr\/wp-json\/wp\/v2\/pages\/10207\/revisions"}],"predecessor-version":[{"id":10210,"href":"https:\/\/xenum.com\/fr\/wp-json\/wp\/v2\/pages\/10207\/revisions\/10210"}],"up":[{"embeddable":true,"href":"https:\/\/xenum.com\/fr\/wp-json\/wp\/v2\/pages\/1179"}],"wp:featuredmedia":[{"embeddable":true,"href":"https:\/\/xenum.com\/fr\/wp-json\/wp\/v2\/media\/10196"}],"wp:attachment":[{"href":"https:\/\/xenum.com\/fr\/wp-json\/wp\/v2\/media?parent=10207"}],"curies":[{"name":"wp","href":"https:\/\/api.w.org\/{rel}","templated":true}]}}